{"id":946,"date":"2025-01-04T23:20:11","date_gmt":"2025-01-04T23:20:11","guid":{"rendered":"https:\/\/teatrodamaluca.pt\/?page_id=946"},"modified":"2026-02-09T10:12:17","modified_gmt":"2026-02-09T10:12:17","slug":"ferias-no-teatro","status":"publish","type":"page","link":"https:\/\/teatrodamaluca.pt\/index.php\/ferias-no-teatro\/","title":{"rendered":"F\u00c9RIAS NO TEATRO DA MALUCA"},"content":{"rendered":"\n<h1 class=\"wp-block-heading has-text-align-center has-raft-accent-color has-text-color has-link-color wp-elements-0f6b58eab4803e83c08e80d6abc84d9a\" style=\"font-size:25px;line-height:1.6\">OFICINAS DE F\u00c9RIAS no Teatro da Maluca<\/h1>\n\n\n\n<div class=\"wp-block-group is-layout-constrained wp-container-core-group-is-layout-19e250f3 wp-block-group-is-layout-constrained\">\n<div class=\"wp-block-group is-nowrap is-layout-flex wp-container-core-group-is-layout-6c531013 wp-block-group-is-layout-flex\">\n<div class=\"wp-block-media-text is-stacked-on-mobile\"><figure class=\"wp-block-media-text__media\"><img loading=\"lazy\" decoding=\"async\" width=\"1024\" height=\"768\" src=\"https:\/\/teatrodamaluca.pt\/wp-content\/uploads\/2025\/01\/IMG_20250112_185158-1024x768.jpg\" alt=\"Aulas de Teatro para crian\u00e7as\" class=\"wp-image-1117 size-full\" srcset=\"https:\/\/teatrodamaluca.pt\/wp-content\/uploads\/2025\/01\/IMG_20250112_185158-1024x768.jpg 1024w, https:\/\/teatrodamaluca.pt\/wp-content\/uploads\/2025\/01\/IMG_20250112_185158-300x225.jpg 300w, https:\/\/teatrodamaluca.pt\/wp-content\/uploads\/2025\/01\/IMG_20250112_185158-768x576.jpg 768w, https:\/\/teatrodamaluca.pt\/wp-content\/uploads\/2025\/01\/IMG_20250112_185158-1536x1152.jpg 1536w, https:\/\/teatrodamaluca.pt\/wp-content\/uploads\/2025\/01\/IMG_20250112_185158-2048x1536.jpg 2048w\" sizes=\"auto, (max-width: 1024px) 100vw, 1024px\" \/><\/figure><div class=\"wp-block-media-text__content\">\n<p class=\"has-raft-fg-color has-text-color has-link-color wp-elements-e80c93ab1422be49e02061be6f240e4c\" style=\"line-height:1.6\">J\u00e1 te imaginaste estar de F\u00e9rias no Teatro? As F\u00e9rias na Maluca s\u00e3o um momento m\u00e1gico que prepar\u00e1mos para todos! <\/p>\n\n\n\n<p class=\"has-raft-fg-color has-text-color has-link-color wp-elements-e5221bceb0604a16097978ea7e23408d\" style=\"line-height:1.6\">Na altura das f\u00e9rias escolares, o Teatro da Maluca abre as portas a dias intensos cheios de jogos teatrais e de experi\u00eancias sensoriais que ir\u00e3o desafiar crian\u00e7as e jovens!<\/p>\n\n\n\n<p class=\"has-raft-fg-color has-text-color has-link-color wp-elements-39abc000fbef3f2565fda65ef9d1fab4\" style=\"line-height:1.6\">Em cada semana \u00e9 lan\u00e7ado um novo desafio.<\/p>\n<\/div><\/div>\n<\/div>\n\n\n\n<p class=\"has-text-align-center has-raft-fg-color has-text-color has-link-color wp-elements-692a806e306b9f10a7d6e6b9d15ecb31\" style=\"line-height:1.6\">O objetivo \u00e9 melhorar a autoestima, a criatividade, desenvolver as rela\u00e7\u00f5es interpessoais e ultrapassar medos, como fazer apresenta\u00e7\u00f5es perante os outros ou mesmo estar em grupo.<\/p>\n<\/div>\n\n\n\n<p class=\"has-raft-fg-color has-text-color has-link-color wp-elements-f47e596873d595504f2ee6bf50574e53\" style=\"line-height:1.6\"><strong>Formadoras:<\/strong> <a href=\"https:\/\/teatrodamaluca.pt\/index.php\/formadores-da-maluca\/\">Ana Limpinho, Maria Jo\u00e3o Miguel<\/a><\/p>\n\n\n\n<div class=\"wp-block-group is-nowrap is-layout-flex wp-container-core-group-is-layout-6c531013 wp-block-group-is-layout-flex\">\n<div class=\"wp-block-buttons is-layout-flex wp-block-buttons-is-layout-flex\">\n<div class=\"wp-block-button\"><a class=\"wp-block-button__link wp-element-button\" href=\"https:\/\/teatrodamaluca.pt\/index.php\/oficinas-e-formacoes-na-maluca\/tabela-precos-horarios-teatro-oficinas\/\">TABELA DE PRE\u00c7OS E HOR\u00c1RIOS<\/a><\/div>\n<\/div>\n<\/div>\n\n\n\n<div class=\"wp-block-buttons is-layout-flex wp-block-buttons-is-layout-flex\">\n<div class=\"wp-block-button\"><a class=\"wp-block-button__link wp-element-button\" href=\"https:\/\/docs.google.com\/forms\/d\/e\/1FAIpQLScaaba3vgHh1KGlJfZ7Ljbs30_5GcTmm-KCtKXBUljIQ7wwpA\/viewform\">FORMUL\u00c1RIO DE INSCRI\u00c7\u00c3O<\/a><\/div>\n<\/div>\n\n\n\n<h2 class=\"wp-block-heading has-raft-fg-color has-text-color has-link-color wp-elements-53388d1f2539585e819f6be5f2615902\" style=\"font-size:20px\"><strong>PR\u00d3XIMAS F\u00c9RIAS NA MALUCA:<\/strong><\/h2>\n\n\n\n<div class=\"wp-block-group animated slideInLeft is-layout-constrained wp-block-group-is-layout-constrained\">\n<div class=\"wp-block-group is-layout-constrained wp-container-core-group-is-layout-19e250f3 wp-block-group-is-layout-constrained\">\n<h2 class=\"wp-block-heading has-raft-accent-color has-text-color has-link-color wp-elements-d677b70038400b08a4460507549af9ba\" style=\"font-size:25px\"><strong>P\u00c1SCOA<\/strong><\/h2>\n<\/div>\n\n\n\n<h3 class=\"wp-block-heading has-raft-fg-color has-text-color has-link-color wp-elements-9217b18950f2c05e2b6b26746bb534f9\" style=\"font-size:20px\"><strong>P\u00c1SCOA NA MALUCA \u2013 Um dia no Teatro da Maluca<\/strong><\/h3>\n<\/div>\n\n\n\n<div class=\"wp-block-group is-layout-constrained wp-block-group-is-layout-constrained\">\n<p class=\"has-text-align-center has-raft-fg-color has-text-color has-link-color wp-elements-a7bc31a0827c05a5a226fda0075c4426\" style=\"line-height:1.6\"><em>Vem passar um dia inteiro no Teatro da Maluca a descobrir personagens, a criar hist\u00f3rias e a divertir-te! V\u00e3o ser horas de jogos, din\u00e2micas de grupo, improvisa\u00e7\u00f5es e muito mais!<\/em><\/p>\n\n\n\n<div class=\"wp-block-media-text is-stacked-on-mobile\"><figure class=\"wp-block-media-text__media\"><img loading=\"lazy\" decoding=\"async\" width=\"1024\" height=\"768\" src=\"https:\/\/teatrodamaluca.pt\/wp-content\/uploads\/2025\/05\/IMG_20240719_114102-1024x768.jpg\" alt=\"\" class=\"wp-image-1388 size-full\" srcset=\"https:\/\/teatrodamaluca.pt\/wp-content\/uploads\/2025\/05\/IMG_20240719_114102-1024x768.jpg 1024w, https:\/\/teatrodamaluca.pt\/wp-content\/uploads\/2025\/05\/IMG_20240719_114102-300x225.jpg 300w, https:\/\/teatrodamaluca.pt\/wp-content\/uploads\/2025\/05\/IMG_20240719_114102-768x576.jpg 768w, https:\/\/teatrodamaluca.pt\/wp-content\/uploads\/2025\/05\/IMG_20240719_114102-1536x1152.jpg 1536w, https:\/\/teatrodamaluca.pt\/wp-content\/uploads\/2025\/05\/IMG_20240719_114102-2048x1536.jpg 2048w\" sizes=\"auto, (max-width: 1024px) 100vw, 1024px\" \/><\/figure><div class=\"wp-block-media-text__content\">\n<p style=\"line-height:1.6\"><strong>1 de Abril das 9h30 \u00e0s 17h<\/strong> <\/p>\n\n\n\n<p class=\"has-luminous-vivid-amber-color has-text-color has-link-color wp-elements-f08facccf68865e43f4a905bb472a961\" style=\"line-height:1.6\"><strong>DIA DAS MENTIRAS!!<\/strong><\/p>\n\n\n\n<p style=\"line-height:1.6\">dos 7 aos 16 anos<\/p>\n\n\n\n<p style=\"line-height:1.6\"><strong>Limite<\/strong> &#8211; 12 participantes<\/p>\n\n\n\n<div class=\"wp-block-group is-vertical is-layout-flex wp-container-core-group-is-layout-4b827052 wp-block-group-is-layout-flex\">\n<p style=\"line-height:1.6\"><em><strong>Valor<\/strong> &#8211; 30\u20ac\/dia * <\/em><\/p>\n\n\n\n<p style=\"font-size:11px;line-height:1.6\"><em>*seguro inclu\u00eddo <\/em><\/p>\n\n\n\n<p style=\"font-size:11px;line-height:1.6\">*<em>refei\u00e7\u00f5es n\u00e3o inclu\u00eddas <\/em><\/p>\n\n\n\n<p style=\"font-size:11px;line-height:1.6\"><em>(Desconto de 10% para i<em>rm\u00e3os<\/em> e alunos das Oficinas Anuais<\/em>)<\/p>\n<\/div>\n<\/div><\/div>\n\n\n\n<div class=\"wp-block-group is-layout-constrained wp-container-core-group-is-layout-19e250f3 wp-block-group-is-layout-constrained\">\n<div class=\"wp-block-group is-layout-constrained wp-container-core-group-is-layout-19e250f3 wp-block-group-is-layout-constrained\"><\/div>\n\n\n\n<p style=\"line-height:1.6\"><\/p>\n<\/div>\n<\/div>\n\n\n\n<hr class=\"wp-block-separator has-alpha-channel-opacity\"\/>\n\n\n\n<div class=\"wp-block-group is-layout-constrained wp-block-group-is-layout-constrained\">\n<div class=\"wp-block-group is-layout-constrained wp-container-core-group-is-layout-19e250f3 wp-block-group-is-layout-constrained\">\n<div class=\"wp-block-group is-layout-constrained wp-container-core-group-is-layout-19e250f3 wp-block-group-is-layout-constrained\"><\/div>\n<\/div>\n<\/div>\n","protected":false},"excerpt":{"rendered":"<p>OFICINAS DE F\u00c9RIAS no Teatro da Maluca J\u00e1 te imaginaste estar de F\u00e9rias no Teatro? As F\u00e9rias na Maluca s\u00e3o um momento m\u00e1gico que prepar\u00e1mos para todos! Na altura das f\u00e9rias escolares, o Teatro da Maluca abre as portas a dias intensos cheios de jogos teatrais e de experi\u00eancias sensoriais que ir\u00e3o desafiar crian\u00e7as e [&hellip;]<\/p>\n","protected":false},"author":1,"featured_media":0,"parent":0,"menu_order":0,"comment_status":"closed","ping_status":"closed","template":"","meta":{"_themeisle_gutenberg_block_has_review":false,"footnotes":""},"class_list":["post-946","page","type-page","status-publish","hentry"],"yoast_head":"<!-- This site is optimized with the Yoast SEO plugin v25.1 - https:\/\/yoast.com\/wordpress\/plugins\/seo\/ -->\n<title>F\u00c9RIAS NO TEATRO DA MALUCA - Teatro da Maluca<\/title>\n<meta name=\"description\" content=\"J\u00e1 te imaginaste estar de f\u00e9rias no teatro? Na altura das f\u00e9rias escolares, o Teatro da Maluca abre as portas a dias intensos.\" \/>\n<meta name=\"robots\" content=\"index, follow, max-snippet:-1, max-image-preview:large, max-video-preview:-1\" \/>\n<link rel=\"canonical\" href=\"https:\/\/teatrodamaluca.pt\/index.php\/ferias-no-teatro\/\" \/>\n<meta property=\"og:locale\" content=\"pt_PT\" \/>\n<meta property=\"og:type\" content=\"article\" \/>\n<meta property=\"og:title\" content=\"F\u00e9rias no Teatro da Maluca\" \/>\n<meta property=\"og:description\" content=\"F\u00e9rias no Teatro da Maluca\" \/>\n<meta property=\"og:url\" content=\"https:\/\/teatrodamaluca.pt\/index.php\/ferias-no-teatro\/\" \/>\n<meta property=\"og:site_name\" content=\"Teatro da Maluca\" \/>\n<meta property=\"article:publisher\" content=\"https:\/\/www.facebook.com\/TeatrodaMaluca\/\" \/>\n<meta property=\"article:modified_time\" content=\"2026-02-09T10:12:17+00:00\" \/>\n<meta property=\"og:image\" content=\"https:\/\/teatrodamaluca.pt\/wp-content\/uploads\/2025\/01\/IMG_20250112_185158-scaled.jpg\" \/>\n\t<meta property=\"og:image:width\" content=\"2560\" \/>\n\t<meta property=\"og:image:height\" content=\"1920\" \/>\n\t<meta property=\"og:image:type\" content=\"image\/jpeg\" \/>\n<meta name=\"twitter:card\" content=\"summary_large_image\" \/>\n<meta name=\"twitter:label1\" content=\"Tempo estimado de leitura\" \/>\n\t<meta name=\"twitter:data1\" content=\"2 minutos\" \/>\n<script type=\"application\/ld+json\" class=\"yoast-schema-graph\">{\"@context\":\"https:\/\/schema.org\",\"@graph\":[{\"@type\":\"WebPage\",\"@id\":\"https:\/\/teatrodamaluca.pt\/index.php\/ferias-no-teatro\/\",\"url\":\"https:\/\/teatrodamaluca.pt\/index.php\/ferias-no-teatro\/\",\"name\":\"F\u00c9RIAS NO TEATRO DA MALUCA - Teatro da Maluca\",\"isPartOf\":{\"@id\":\"https:\/\/teatrodamaluca.pt\/#website\"},\"primaryImageOfPage\":{\"@id\":\"https:\/\/teatrodamaluca.pt\/index.php\/ferias-no-teatro\/#primaryimage\"},\"image\":{\"@id\":\"https:\/\/teatrodamaluca.pt\/index.php\/ferias-no-teatro\/#primaryimage\"},\"thumbnailUrl\":\"https:\/\/teatrodamaluca.pt\/wp-content\/uploads\/2025\/01\/IMG_20250112_185158-1024x768.jpg\",\"datePublished\":\"2025-01-04T23:20:11+00:00\",\"dateModified\":\"2026-02-09T10:12:17+00:00\",\"description\":\"J\u00e1 te imaginaste estar de f\u00e9rias no teatro? Na altura das f\u00e9rias escolares, o Teatro da Maluca abre as portas a dias intensos.\",\"breadcrumb\":{\"@id\":\"https:\/\/teatrodamaluca.pt\/index.php\/ferias-no-teatro\/#breadcrumb\"},\"inLanguage\":\"pt-PT\",\"potentialAction\":[{\"@type\":\"ReadAction\",\"target\":[\"https:\/\/teatrodamaluca.pt\/index.php\/ferias-no-teatro\/\"]}]},{\"@type\":\"ImageObject\",\"inLanguage\":\"pt-PT\",\"@id\":\"https:\/\/teatrodamaluca.pt\/index.php\/ferias-no-teatro\/#primaryimage\",\"url\":\"https:\/\/teatrodamaluca.pt\/wp-content\/uploads\/2025\/01\/IMG_20250112_185158-scaled.jpg\",\"contentUrl\":\"https:\/\/teatrodamaluca.pt\/wp-content\/uploads\/2025\/01\/IMG_20250112_185158-scaled.jpg\",\"width\":2560,\"height\":1920,\"caption\":\"aulas de teatro no teatro na Maluca\"},{\"@type\":\"BreadcrumbList\",\"@id\":\"https:\/\/teatrodamaluca.pt\/index.php\/ferias-no-teatro\/#breadcrumb\",\"itemListElement\":[{\"@type\":\"ListItem\",\"position\":1,\"name\":\"In\u00edcio\",\"item\":\"https:\/\/teatrodamaluca.pt\/\"},{\"@type\":\"ListItem\",\"position\":2,\"name\":\"F\u00c9RIAS NO TEATRO DA MALUCA\"}]},{\"@type\":\"WebSite\",\"@id\":\"https:\/\/teatrodamaluca.pt\/#website\",\"url\":\"https:\/\/teatrodamaluca.pt\/\",\"name\":\"Teatro da Maluca\",\"description\":\"Oficinas de Teatro para todas as idades, sess\u00f5es de contos e espet\u00e1culos\",\"publisher\":{\"@id\":\"https:\/\/teatrodamaluca.pt\/#organization\"},\"potentialAction\":[{\"@type\":\"SearchAction\",\"target\":{\"@type\":\"EntryPoint\",\"urlTemplate\":\"https:\/\/teatrodamaluca.pt\/?s={search_term_string}\"},\"query-input\":{\"@type\":\"PropertyValueSpecification\",\"valueRequired\":true,\"valueName\":\"search_term_string\"}}],\"inLanguage\":\"pt-PT\"},{\"@type\":\"Organization\",\"@id\":\"https:\/\/teatrodamaluca.pt\/#organization\",\"name\":\"Teatro da Maluca\",\"url\":\"https:\/\/teatrodamaluca.pt\/\",\"logo\":{\"@type\":\"ImageObject\",\"inLanguage\":\"pt-PT\",\"@id\":\"https:\/\/teatrodamaluca.pt\/#\/schema\/logo\/image\/\",\"url\":\"https:\/\/teatrodamaluca.pt\/wp-content\/uploads\/2024\/06\/z1717082033-1.png\",\"contentUrl\":\"https:\/\/teatrodamaluca.pt\/wp-content\/uploads\/2024\/06\/z1717082033-1.png\",\"width\":512,\"height\":512,\"caption\":\"Teatro da Maluca\"},\"image\":{\"@id\":\"https:\/\/teatrodamaluca.pt\/#\/schema\/logo\/image\/\"},\"sameAs\":[\"https:\/\/www.facebook.com\/TeatrodaMaluca\/\"]}]}<\/script>\n<!-- \/ Yoast SEO plugin. -->","yoast_head_json":{"title":"F\u00c9RIAS NO TEATRO DA MALUCA - Teatro da Maluca","description":"J\u00e1 te imaginaste estar de f\u00e9rias no teatro? Na altura das f\u00e9rias escolares, o Teatro da Maluca abre as portas a dias intensos.","robots":{"index":"index","follow":"follow","max-snippet":"max-snippet:-1","max-image-preview":"max-image-preview:large","max-video-preview":"max-video-preview:-1"},"canonical":"https:\/\/teatrodamaluca.pt\/index.php\/ferias-no-teatro\/","og_locale":"pt_PT","og_type":"article","og_title":"F\u00e9rias no Teatro da Maluca","og_description":"F\u00e9rias no Teatro da Maluca","og_url":"https:\/\/teatrodamaluca.pt\/index.php\/ferias-no-teatro\/","og_site_name":"Teatro da Maluca","article_publisher":"https:\/\/www.facebook.com\/TeatrodaMaluca\/","article_modified_time":"2026-02-09T10:12:17+00:00","og_image":[{"width":2560,"height":1920,"url":"https:\/\/teatrodamaluca.pt\/wp-content\/uploads\/2025\/01\/IMG_20250112_185158-scaled.jpg","type":"image\/jpeg"}],"twitter_card":"summary_large_image","twitter_misc":{"Tempo estimado de leitura":"2 minutos"},"schema":{"@context":"https:\/\/schema.org","@graph":[{"@type":"WebPage","@id":"https:\/\/teatrodamaluca.pt\/index.php\/ferias-no-teatro\/","url":"https:\/\/teatrodamaluca.pt\/index.php\/ferias-no-teatro\/","name":"F\u00c9RIAS NO TEATRO DA MALUCA - Teatro da Maluca","isPartOf":{"@id":"https:\/\/teatrodamaluca.pt\/#website"},"primaryImageOfPage":{"@id":"https:\/\/teatrodamaluca.pt\/index.php\/ferias-no-teatro\/#primaryimage"},"image":{"@id":"https:\/\/teatrodamaluca.pt\/index.php\/ferias-no-teatro\/#primaryimage"},"thumbnailUrl":"https:\/\/teatrodamaluca.pt\/wp-content\/uploads\/2025\/01\/IMG_20250112_185158-1024x768.jpg","datePublished":"2025-01-04T23:20:11+00:00","dateModified":"2026-02-09T10:12:17+00:00","description":"J\u00e1 te imaginaste estar de f\u00e9rias no teatro? Na altura das f\u00e9rias escolares, o Teatro da Maluca abre as portas a dias intensos.","breadcrumb":{"@id":"https:\/\/teatrodamaluca.pt\/index.php\/ferias-no-teatro\/#breadcrumb"},"inLanguage":"pt-PT","potentialAction":[{"@type":"ReadAction","target":["https:\/\/teatrodamaluca.pt\/index.php\/ferias-no-teatro\/"]}]},{"@type":"ImageObject","inLanguage":"pt-PT","@id":"https:\/\/teatrodamaluca.pt\/index.php\/ferias-no-teatro\/#primaryimage","url":"https:\/\/teatrodamaluca.pt\/wp-content\/uploads\/2025\/01\/IMG_20250112_185158-scaled.jpg","contentUrl":"https:\/\/teatrodamaluca.pt\/wp-content\/uploads\/2025\/01\/IMG_20250112_185158-scaled.jpg","width":2560,"height":1920,"caption":"aulas de teatro no teatro na Maluca"},{"@type":"BreadcrumbList","@id":"https:\/\/teatrodamaluca.pt\/index.php\/ferias-no-teatro\/#breadcrumb","itemListElement":[{"@type":"ListItem","position":1,"name":"In\u00edcio","item":"https:\/\/teatrodamaluca.pt\/"},{"@type":"ListItem","position":2,"name":"F\u00c9RIAS NO TEATRO DA MALUCA"}]},{"@type":"WebSite","@id":"https:\/\/teatrodamaluca.pt\/#website","url":"https:\/\/teatrodamaluca.pt\/","name":"Teatro da Maluca","description":"Oficinas de Teatro para todas as idades, sess\u00f5es de contos e espet\u00e1culos","publisher":{"@id":"https:\/\/teatrodamaluca.pt\/#organization"},"potentialAction":[{"@type":"SearchAction","target":{"@type":"EntryPoint","urlTemplate":"https:\/\/teatrodamaluca.pt\/?s={search_term_string}"},"query-input":{"@type":"PropertyValueSpecification","valueRequired":true,"valueName":"search_term_string"}}],"inLanguage":"pt-PT"},{"@type":"Organization","@id":"https:\/\/teatrodamaluca.pt\/#organization","name":"Teatro da Maluca","url":"https:\/\/teatrodamaluca.pt\/","logo":{"@type":"ImageObject","inLanguage":"pt-PT","@id":"https:\/\/teatrodamaluca.pt\/#\/schema\/logo\/image\/","url":"https:\/\/teatrodamaluca.pt\/wp-content\/uploads\/2024\/06\/z1717082033-1.png","contentUrl":"https:\/\/teatrodamaluca.pt\/wp-content\/uploads\/2024\/06\/z1717082033-1.png","width":512,"height":512,"caption":"Teatro da Maluca"},"image":{"@id":"https:\/\/teatrodamaluca.pt\/#\/schema\/logo\/image\/"},"sameAs":["https:\/\/www.facebook.com\/TeatrodaMaluca\/"]}]}},"_links":{"self":[{"href":"https:\/\/teatrodamaluca.pt\/index.php\/wp-json\/wp\/v2\/pages\/946","targetHints":{"allow":["GET"]}}],"collection":[{"href":"https:\/\/teatrodamaluca.pt\/index.php\/wp-json\/wp\/v2\/pages"}],"about":[{"href":"https:\/\/teatrodamaluca.pt\/index.php\/wp-json\/wp\/v2\/types\/page"}],"author":[{"embeddable":true,"href":"https:\/\/teatrodamaluca.pt\/index.php\/wp-json\/wp\/v2\/users\/1"}],"replies":[{"embeddable":true,"href":"https:\/\/teatrodamaluca.pt\/index.php\/wp-json\/wp\/v2\/comments?post=946"}],"version-history":[{"count":105,"href":"https:\/\/teatrodamaluca.pt\/index.php\/wp-json\/wp\/v2\/pages\/946\/revisions"}],"predecessor-version":[{"id":1641,"href":"https:\/\/teatrodamaluca.pt\/index.php\/wp-json\/wp\/v2\/pages\/946\/revisions\/1641"}],"wp:attachment":[{"href":"https:\/\/teatrodamaluca.pt\/index.php\/wp-json\/wp\/v2\/media?parent=946"}],"curies":[{"name":"wp","href":"https:\/\/api.w.org\/{rel}","templated":true}]}}