{"id":912,"date":"2025-01-04T16:10:28","date_gmt":"2025-01-04T16:10:28","guid":{"rendered":"https:\/\/teatrodamaluca.pt\/?page_id=912"},"modified":"2025-01-13T12:35:16","modified_gmt":"2025-01-13T12:35:16","slug":"oficina-de-construcao-de-mascaras","status":"publish","type":"page","link":"https:\/\/teatrodamaluca.pt\/index.php\/oficina-de-construcao-de-mascaras\/","title":{"rendered":"OFICINA DE CONSTRU\u00c7\u00c3O DE M\u00c1SCARAS"},"content":{"rendered":"\n<h2 class=\"wp-block-heading has-text-align-center\" style=\"font-size:27px;line-height:1.6\">OFICINA DE CONSTRU\u00c7\u00c3O DE M\u00c1SCARAS<\/h2>\n\n\n\n<p><\/p>\n\n\n\n<p class=\"has-text-align-center\" id=\"mascarasoficina\" style=\"line-height:1.6\"><strong>Em tempo de Carnaval vamos criar as nossas m\u00e1scaras e dar vida \u00e0s personagens na nossa Oficina de Constru\u00e7\u00e3o de M\u00e1scaras! <\/strong><\/p>\n\n\n\n<div class=\"wp-block-group is-nowrap is-layout-flex wp-container-core-group-is-layout-6c531013 wp-block-group-is-layout-flex\"><\/div>\n\n\n\n<p style=\"font-size:25px;line-height:1.6\"><strong>PR\u00d3XIMOS WORKSHOPS<\/strong><\/p>\n\n\n\n<p class=\"has-raft-accent-color has-text-color has-link-color wp-elements-299bca581d120fb29dced8db3e1e734e\" style=\"font-size:25px;line-height:1.6\"><strong>1 de MAR\u00c7O de 2025<\/strong><\/p>\n\n\n\n<p style=\"line-height:1.6\">das 15h \u00e0s 17h<\/p>\n\n\n\n<p style=\"line-height:1.6\">dos 6 aos 16 anos<\/p>\n\n\n\n<figure class=\"wp-block-image aligncenter size-large is-resized\" id=\"oficinasnoteatrodamaluca\"><img loading=\"lazy\" decoding=\"async\" width=\"941\" height=\"1024\" src=\"https:\/\/teatrodamaluca.pt\/wp-content\/uploads\/2024\/06\/CartazOficinasMaluca-1600x1600-1-941x1024.jpg\" alt=\"oficinas  de constru\u00e7\u00e3o de m\u00e1scaras no teatro da Maluca\" class=\"wp-image-635\" style=\"width:358px;height:auto\" title=\"oficinas de teatro\" srcset=\"https:\/\/teatrodamaluca.pt\/wp-content\/uploads\/2024\/06\/CartazOficinasMaluca-1600x1600-1-941x1024.jpg 941w, https:\/\/teatrodamaluca.pt\/wp-content\/uploads\/2024\/06\/CartazOficinasMaluca-1600x1600-1-276x300.jpg 276w, https:\/\/teatrodamaluca.pt\/wp-content\/uploads\/2024\/06\/CartazOficinasMaluca-1600x1600-1-768x835.jpg 768w, https:\/\/teatrodamaluca.pt\/wp-content\/uploads\/2024\/06\/CartazOficinasMaluca-1600x1600-1-1412x1536.jpg 1412w, https:\/\/teatrodamaluca.pt\/wp-content\/uploads\/2024\/06\/CartazOficinasMaluca-1600x1600-1.jpg 1471w\" sizes=\"auto, (max-width: 941px) 100vw, 941px\" \/><\/figure>\n\n\n\n<p><strong>FORMADORA: <a href=\"https:\/\/teatrodamaluca.pt\/index.php\/ana-limpinho-cenografa-figurinista\/\" data-type=\"page\" data-id=\"35\">ANA LIMPINHO<\/a><\/strong><\/p>\n\n\n\n<p><strong>LIMITE:<\/strong> 10 participantes<\/p>\n\n\n\n<p><strong>VALOR: <\/strong>10\u20ac\/participante<\/p>\n\n\n\n<p><em>( Desconto de 10% para irm\u00e3os<\/em> e <em>alunos das Oficinas Anuais <\/em>)<\/p>\n\n\n\n<p><\/p>\n","protected":false},"excerpt":{"rendered":"<p>OFICINA DE CONSTRU\u00c7\u00c3O DE M\u00c1SCARAS Em tempo de Carnaval vamos criar as nossas m\u00e1scaras e dar vida \u00e0s personagens na nossa Oficina de Constru\u00e7\u00e3o de M\u00e1scaras! PR\u00d3XIMOS WORKSHOPS 1 de MAR\u00c7O de 2025 das 15h \u00e0s 17h dos 6 aos 16 anos FORMADORA: ANA LIMPINHO LIMITE: 10 participantes VALOR: 10\u20ac\/participante ( Desconto de 10% para [&hellip;]<\/p>\n","protected":false},"author":1,"featured_media":0,"parent":0,"menu_order":0,"comment_status":"closed","ping_status":"closed","template":"","meta":{"_themeisle_gutenberg_block_has_review":false,"footnotes":""},"class_list":["post-912","page","type-page","status-publish","hentry"],"yoast_head":"<!-- This site is optimized with the Yoast SEO plugin v25.1 - https:\/\/yoast.com\/wordpress\/plugins\/seo\/ -->\n<title>OFICINA DE CONSTRU\u00c7\u00c3O DE M\u00c1SCARAS - Teatro da Maluca<\/title>\n<meta name=\"description\" content=\"oficina de constru\u00e7\u00e3o de m\u00e1scaras - Em tempo de Carnaval vamos criar as nossas m\u00e1scaras e dar vida aos personagens!\" \/>\n<meta name=\"robots\" content=\"index, follow, max-snippet:-1, max-image-preview:large, max-video-preview:-1\" \/>\n<link rel=\"canonical\" href=\"https:\/\/teatrodamaluca.pt\/index.php\/oficina-de-construcao-de-mascaras\/\" \/>\n<meta property=\"og:locale\" content=\"pt_PT\" \/>\n<meta property=\"og:type\" content=\"article\" \/>\n<meta property=\"og:title\" content=\"OFICINA DE CONSTRU\u00c7\u00c3O DE M\u00c1SCARAS - Teatro da Maluca\" \/>\n<meta property=\"og:description\" content=\"oficina de constru\u00e7\u00e3o de m\u00e1scaras - Em tempo de Carnaval vamos criar as nossas m\u00e1scaras e dar vida aos personagens!\" \/>\n<meta property=\"og:url\" content=\"https:\/\/teatrodamaluca.pt\/index.php\/oficina-de-construcao-de-mascaras\/\" \/>\n<meta property=\"og:site_name\" content=\"Teatro da Maluca\" \/>\n<meta property=\"article:publisher\" content=\"https:\/\/www.facebook.com\/TeatrodaMaluca\/\" \/>\n<meta property=\"article:modified_time\" content=\"2025-01-13T12:35:16+00:00\" \/>\n<meta property=\"og:image\" content=\"https:\/\/teatrodamaluca.pt\/wp-content\/uploads\/2024\/06\/CartazOficinasMaluca-1600x1600-1.jpg\" \/>\n\t<meta property=\"og:image:width\" content=\"1471\" \/>\n\t<meta property=\"og:image:height\" content=\"1600\" \/>\n\t<meta property=\"og:image:type\" content=\"image\/jpeg\" \/>\n<meta name=\"twitter:card\" content=\"summary_large_image\" \/>\n<meta name=\"twitter:label1\" content=\"Tempo estimado de leitura\" \/>\n\t<meta name=\"twitter:data1\" content=\"1 minuto\" \/>\n<script type=\"application\/ld+json\" class=\"yoast-schema-graph\">{\"@context\":\"https:\/\/schema.org\",\"@graph\":[{\"@type\":\"WebPage\",\"@id\":\"https:\/\/teatrodamaluca.pt\/index.php\/oficina-de-construcao-de-mascaras\/\",\"url\":\"https:\/\/teatrodamaluca.pt\/index.php\/oficina-de-construcao-de-mascaras\/\",\"name\":\"OFICINA DE CONSTRU\u00c7\u00c3O DE M\u00c1SCARAS - Teatro da Maluca\",\"isPartOf\":{\"@id\":\"https:\/\/teatrodamaluca.pt\/#website\"},\"primaryImageOfPage\":{\"@id\":\"https:\/\/teatrodamaluca.pt\/index.php\/oficina-de-construcao-de-mascaras\/#primaryimage\"},\"image\":{\"@id\":\"https:\/\/teatrodamaluca.pt\/index.php\/oficina-de-construcao-de-mascaras\/#primaryimage\"},\"thumbnailUrl\":\"https:\/\/teatrodamaluca.pt\/wp-content\/uploads\/2024\/06\/CartazOficinasMaluca-1600x1600-1-941x1024.jpg\",\"datePublished\":\"2025-01-04T16:10:28+00:00\",\"dateModified\":\"2025-01-13T12:35:16+00:00\",\"description\":\"oficina de constru\u00e7\u00e3o de m\u00e1scaras - Em tempo de Carnaval vamos criar as nossas m\u00e1scaras e dar vida aos personagens!\",\"breadcrumb\":{\"@id\":\"https:\/\/teatrodamaluca.pt\/index.php\/oficina-de-construcao-de-mascaras\/#breadcrumb\"},\"inLanguage\":\"pt-PT\",\"potentialAction\":[{\"@type\":\"ReadAction\",\"target\":[\"https:\/\/teatrodamaluca.pt\/index.php\/oficina-de-construcao-de-mascaras\/\"]}]},{\"@type\":\"ImageObject\",\"inLanguage\":\"pt-PT\",\"@id\":\"https:\/\/teatrodamaluca.pt\/index.php\/oficina-de-construcao-de-mascaras\/#primaryimage\",\"url\":\"https:\/\/teatrodamaluca.pt\/wp-content\/uploads\/2024\/06\/CartazOficinasMaluca-1600x1600-1.jpg\",\"contentUrl\":\"https:\/\/teatrodamaluca.pt\/wp-content\/uploads\/2024\/06\/CartazOficinasMaluca-1600x1600-1.jpg\",\"width\":1471,\"height\":1600,\"caption\":\"forma\u00e7\u00f5es e aulas de teatro\"},{\"@type\":\"BreadcrumbList\",\"@id\":\"https:\/\/teatrodamaluca.pt\/index.php\/oficina-de-construcao-de-mascaras\/#breadcrumb\",\"itemListElement\":[{\"@type\":\"ListItem\",\"position\":1,\"name\":\"In\u00edcio\",\"item\":\"https:\/\/teatrodamaluca.pt\/\"},{\"@type\":\"ListItem\",\"position\":2,\"name\":\"OFICINA DE CONSTRU\u00c7\u00c3O DE M\u00c1SCARAS\"}]},{\"@type\":\"WebSite\",\"@id\":\"https:\/\/teatrodamaluca.pt\/#website\",\"url\":\"https:\/\/teatrodamaluca.pt\/\",\"name\":\"Teatro da Maluca\",\"description\":\"Oficinas de Teatro para todas as idades, sess\u00f5es de contos e espet\u00e1culos\",\"publisher\":{\"@id\":\"https:\/\/teatrodamaluca.pt\/#organization\"},\"potentialAction\":[{\"@type\":\"SearchAction\",\"target\":{\"@type\":\"EntryPoint\",\"urlTemplate\":\"https:\/\/teatrodamaluca.pt\/?s={search_term_string}\"},\"query-input\":{\"@type\":\"PropertyValueSpecification\",\"valueRequired\":true,\"valueName\":\"search_term_string\"}}],\"inLanguage\":\"pt-PT\"},{\"@type\":\"Organization\",\"@id\":\"https:\/\/teatrodamaluca.pt\/#organization\",\"name\":\"Teatro da Maluca\",\"url\":\"https:\/\/teatrodamaluca.pt\/\",\"logo\":{\"@type\":\"ImageObject\",\"inLanguage\":\"pt-PT\",\"@id\":\"https:\/\/teatrodamaluca.pt\/#\/schema\/logo\/image\/\",\"url\":\"https:\/\/teatrodamaluca.pt\/wp-content\/uploads\/2024\/06\/z1717082033-1.png\",\"contentUrl\":\"https:\/\/teatrodamaluca.pt\/wp-content\/uploads\/2024\/06\/z1717082033-1.png\",\"width\":512,\"height\":512,\"caption\":\"Teatro da Maluca\"},\"image\":{\"@id\":\"https:\/\/teatrodamaluca.pt\/#\/schema\/logo\/image\/\"},\"sameAs\":[\"https:\/\/www.facebook.com\/TeatrodaMaluca\/\"]}]}<\/script>\n<!-- \/ Yoast SEO plugin. -->","yoast_head_json":{"title":"OFICINA DE CONSTRU\u00c7\u00c3O DE M\u00c1SCARAS - Teatro da Maluca","description":"oficina de constru\u00e7\u00e3o de m\u00e1scaras - Em tempo de Carnaval vamos criar as nossas m\u00e1scaras e dar vida aos personagens!","robots":{"index":"index","follow":"follow","max-snippet":"max-snippet:-1","max-image-preview":"max-image-preview:large","max-video-preview":"max-video-preview:-1"},"canonical":"https:\/\/teatrodamaluca.pt\/index.php\/oficina-de-construcao-de-mascaras\/","og_locale":"pt_PT","og_type":"article","og_title":"OFICINA DE CONSTRU\u00c7\u00c3O DE M\u00c1SCARAS - Teatro da Maluca","og_description":"oficina de constru\u00e7\u00e3o de m\u00e1scaras - Em tempo de Carnaval vamos criar as nossas m\u00e1scaras e dar vida aos personagens!","og_url":"https:\/\/teatrodamaluca.pt\/index.php\/oficina-de-construcao-de-mascaras\/","og_site_name":"Teatro da Maluca","article_publisher":"https:\/\/www.facebook.com\/TeatrodaMaluca\/","article_modified_time":"2025-01-13T12:35:16+00:00","og_image":[{"width":1471,"height":1600,"url":"https:\/\/teatrodamaluca.pt\/wp-content\/uploads\/2024\/06\/CartazOficinasMaluca-1600x1600-1.jpg","type":"image\/jpeg"}],"twitter_card":"summary_large_image","twitter_misc":{"Tempo estimado de leitura":"1 minuto"},"schema":{"@context":"https:\/\/schema.org","@graph":[{"@type":"WebPage","@id":"https:\/\/teatrodamaluca.pt\/index.php\/oficina-de-construcao-de-mascaras\/","url":"https:\/\/teatrodamaluca.pt\/index.php\/oficina-de-construcao-de-mascaras\/","name":"OFICINA DE CONSTRU\u00c7\u00c3O DE M\u00c1SCARAS - Teatro da Maluca","isPartOf":{"@id":"https:\/\/teatrodamaluca.pt\/#website"},"primaryImageOfPage":{"@id":"https:\/\/teatrodamaluca.pt\/index.php\/oficina-de-construcao-de-mascaras\/#primaryimage"},"image":{"@id":"https:\/\/teatrodamaluca.pt\/index.php\/oficina-de-construcao-de-mascaras\/#primaryimage"},"thumbnailUrl":"https:\/\/teatrodamaluca.pt\/wp-content\/uploads\/2024\/06\/CartazOficinasMaluca-1600x1600-1-941x1024.jpg","datePublished":"2025-01-04T16:10:28+00:00","dateModified":"2025-01-13T12:35:16+00:00","description":"oficina de constru\u00e7\u00e3o de m\u00e1scaras - Em tempo de Carnaval vamos criar as nossas m\u00e1scaras e dar vida aos personagens!","breadcrumb":{"@id":"https:\/\/teatrodamaluca.pt\/index.php\/oficina-de-construcao-de-mascaras\/#breadcrumb"},"inLanguage":"pt-PT","potentialAction":[{"@type":"ReadAction","target":["https:\/\/teatrodamaluca.pt\/index.php\/oficina-de-construcao-de-mascaras\/"]}]},{"@type":"ImageObject","inLanguage":"pt-PT","@id":"https:\/\/teatrodamaluca.pt\/index.php\/oficina-de-construcao-de-mascaras\/#primaryimage","url":"https:\/\/teatrodamaluca.pt\/wp-content\/uploads\/2024\/06\/CartazOficinasMaluca-1600x1600-1.jpg","contentUrl":"https:\/\/teatrodamaluca.pt\/wp-content\/uploads\/2024\/06\/CartazOficinasMaluca-1600x1600-1.jpg","width":1471,"height":1600,"caption":"forma\u00e7\u00f5es e aulas de teatro"},{"@type":"BreadcrumbList","@id":"https:\/\/teatrodamaluca.pt\/index.php\/oficina-de-construcao-de-mascaras\/#breadcrumb","itemListElement":[{"@type":"ListItem","position":1,"name":"In\u00edcio","item":"https:\/\/teatrodamaluca.pt\/"},{"@type":"ListItem","position":2,"name":"OFICINA DE CONSTRU\u00c7\u00c3O DE M\u00c1SCARAS"}]},{"@type":"WebSite","@id":"https:\/\/teatrodamaluca.pt\/#website","url":"https:\/\/teatrodamaluca.pt\/","name":"Teatro da Maluca","description":"Oficinas de Teatro para todas as idades, sess\u00f5es de contos e espet\u00e1culos","publisher":{"@id":"https:\/\/teatrodamaluca.pt\/#organization"},"potentialAction":[{"@type":"SearchAction","target":{"@type":"EntryPoint","urlTemplate":"https:\/\/teatrodamaluca.pt\/?s={search_term_string}"},"query-input":{"@type":"PropertyValueSpecification","valueRequired":true,"valueName":"search_term_string"}}],"inLanguage":"pt-PT"},{"@type":"Organization","@id":"https:\/\/teatrodamaluca.pt\/#organization","name":"Teatro da Maluca","url":"https:\/\/teatrodamaluca.pt\/","logo":{"@type":"ImageObject","inLanguage":"pt-PT","@id":"https:\/\/teatrodamaluca.pt\/#\/schema\/logo\/image\/","url":"https:\/\/teatrodamaluca.pt\/wp-content\/uploads\/2024\/06\/z1717082033-1.png","contentUrl":"https:\/\/teatrodamaluca.pt\/wp-content\/uploads\/2024\/06\/z1717082033-1.png","width":512,"height":512,"caption":"Teatro da Maluca"},"image":{"@id":"https:\/\/teatrodamaluca.pt\/#\/schema\/logo\/image\/"},"sameAs":["https:\/\/www.facebook.com\/TeatrodaMaluca\/"]}]}},"_links":{"self":[{"href":"https:\/\/teatrodamaluca.pt\/index.php\/wp-json\/wp\/v2\/pages\/912","targetHints":{"allow":["GET"]}}],"collection":[{"href":"https:\/\/teatrodamaluca.pt\/index.php\/wp-json\/wp\/v2\/pages"}],"about":[{"href":"https:\/\/teatrodamaluca.pt\/index.php\/wp-json\/wp\/v2\/types\/page"}],"author":[{"embeddable":true,"href":"https:\/\/teatrodamaluca.pt\/index.php\/wp-json\/wp\/v2\/users\/1"}],"replies":[{"embeddable":true,"href":"https:\/\/teatrodamaluca.pt\/index.php\/wp-json\/wp\/v2\/comments?post=912"}],"version-history":[{"count":9,"href":"https:\/\/teatrodamaluca.pt\/index.php\/wp-json\/wp\/v2\/pages\/912\/revisions"}],"predecessor-version":[{"id":1160,"href":"https:\/\/teatrodamaluca.pt\/index.php\/wp-json\/wp\/v2\/pages\/912\/revisions\/1160"}],"wp:attachment":[{"href":"https:\/\/teatrodamaluca.pt\/index.php\/wp-json\/wp\/v2\/media?parent=912"}],"curies":[{"name":"wp","href":"https:\/\/api.w.org\/{rel}","templated":true}]}}