{"id":85,"date":"2024-06-05T01:14:53","date_gmt":"2024-06-05T01:14:53","guid":{"rendered":"https:\/\/teatrodamaluca.pt\/?page_id=85"},"modified":"2025-08-16T11:08:35","modified_gmt":"2025-08-16T11:08:35","slug":"oficinas-e-formacoes-na-maluca","status":"publish","type":"page","link":"https:\/\/teatrodamaluca.pt\/index.php\/oficinas-e-formacoes-na-maluca\/","title":{"rendered":"OFICINAS E FORMA\u00e7\u00d5ES na Maluca"},"content":{"rendered":"\n<h1 class=\"wp-block-heading has-museo-font-family\" style=\"font-size:40px\">OFICINAS E FORMA\u00c7\u00d5ES NA MALUCA<\/h1>\n\n\n\n<p style=\"line-height:1.6\">O Teatro da Maluca promove v\u00e1rios tipos de Oficinas e Forma\u00e7\u00f5es de Teatro com profissionais credenciados e com anos de experi\u00eancia!<\/p>\n\n\n\n<div class=\"wp-block-buttons is-content-justification-center is-layout-flex wp-container-core-buttons-is-layout-a89b3969 wp-block-buttons-is-layout-flex\">\n<div class=\"wp-block-button\"><a class=\"wp-block-button__link has-text-align-center wp-element-button\" href=\"https:\/\/teatrodamaluca.pt\/index.php\/oficinas-e-formacoes-na-maluca\/tabela-precos-horarios-teatro-oficinas\/\">TABELA DE PRE\u00c7OS E HOR\u00c1RIOS DAS OFICINAS<\/a><\/div>\n<\/div>\n\n\n\n<div id=\"wp-block-themeisle-blocks-popup-5cbb8e5c\" class=\"wp-block-themeisle-blocks-popup is-front\" data-dismiss=\"\" data-time=\"0\" data-anchor=\"\" data-offset=\"\" data-outside=\"true\" data-anchorclose=\"\"><div class=\"otter-popup__modal_wrap\"><div role=\"presentation\" class=\"otter-popup__modal_wrap_overlay\"><\/div><div class=\"otter-popup__modal_content\"><div class=\"otter-popup__modal_header\"><button type=\"button\" class=\"components-button has-icon\"><svg width=\"24\" height=\"24\" xmlns=\"http:\/\/www.w3.org\/2000\/svg\" viewBox=\"0 0 24 24\" role=\"img\" aria-hidden=\"true\"><path d=\"M12 13.06l3.712 3.713 1.061-1.06L13.061 12l3.712-3.712-1.06-1.06L12 10.938 8.288 7.227l-1.061 1.06L10.939 12l-3.712 3.712 1.06 1.061L12 13.061z\"><\/path><\/svg><\/button><\/div><div class=\"otter-popup__modal_body\">\n<h2 class=\"wp-block-heading has-raft-accent-color has-text-color has-link-color wp-elements-9fd46d4b33db2f3d47e3067ca1098f69\" style=\"font-size:16px;line-height:1.6\"><strong>PARA QUE SERVEM AS OFICINAS DE TEATRO DA MALUCA?<\/strong><\/h2>\n\n\n\n<p><\/p>\n\n\n\n<p style=\"line-height:1.6\">O Teatro oferece ferramentas essenciais para o desenvolvimento da autoestima e do autoconhecimento, aspetos essenciais que melhoram a rela\u00e7\u00e3o com os outros e connosco. Ajudam a desenvolver um pensamento cr\u00edtico e a autonomia, num ambiente descontra\u00eddo e seguro, onde a criatividade e as rela\u00e7\u00f5es interpessoais s\u00e3o o mote.<\/p>\n\n\n\n<p class=\"has-text-align-center\" style=\"line-height:1.6\"><strong>AS OFICINAS DE TEATRO DA MALUCA S\u00c3O CUIDADOSAMENTE PREPARADAS PARA TODAS AS IDADES!<\/strong><\/p>\n<\/div><\/div><\/div><\/div>\n\n\n\n<div class=\"wp-block-group is-layout-constrained wp-block-group-is-layout-constrained\">\n<figure class=\"wp-block-image size-full is-resized\" id=\"aulasdeteatro\"><img loading=\"lazy\" decoding=\"async\" width=\"868\" height=\"408\" src=\"https:\/\/teatrodamaluca.pt\/wp-content\/uploads\/2025\/08\/Maldivas-fotografia.jpg\" alt=\"\" class=\"wp-image-1516\" style=\"width:308px;height:auto\" title=\"Oficinas Aulas de Teatro no Teatro da Maluca\" srcset=\"https:\/\/teatrodamaluca.pt\/wp-content\/uploads\/2025\/08\/Maldivas-fotografia.jpg 868w, https:\/\/teatrodamaluca.pt\/wp-content\/uploads\/2025\/08\/Maldivas-fotografia-300x141.jpg 300w, https:\/\/teatrodamaluca.pt\/wp-content\/uploads\/2025\/08\/Maldivas-fotografia-768x361.jpg 768w\" sizes=\"auto, (max-width: 868px) 100vw, 868px\" \/><figcaption class=\"wp-element-caption\">Espet\u00e1culo Final da Oficina de Teatro Anual para crian\u00e7as 2024\/25<br> &#8220;Viva Maldivas por Menos&#8221;<\/figcaption><\/figure>\n\n\n\n<h2 class=\"wp-block-heading has-text-align-left has-raft-accent-color has-text-color has-link-color wp-elements-3f38fe6585d5100a58c7c2625052b695\" style=\"font-size:30px\"><a href=\"https:\/\/teatrodamaluca.pt\/index.php\/oficinas-de-teatro-aulas\/\">OFICINAS DE TEATRO ANUAIS<\/a><\/h2>\n\n\n\n<p class=\"has-text-align-left\" style=\"line-height:1.6\">As <strong>Oficinas de Teatro<\/strong> anuais da Maluca s\u00e3o destinadas a todas as crian\u00e7as, jovens e adultos, que se queiram desafiar em termos sociais e art\u00edsticos. Aqui, nestas <strong>aulas de teatro<\/strong>, trabalhamos a autoestima, o esp\u00edrito de grupo e de entreajuda e a criatividade. Porque brincar \u00e9 a melhor forma de nos descobrirmos!<\/p>\n<\/div>\n\n\n\n<div class=\"wp-block-group is-nowrap is-layout-flex wp-container-core-group-is-layout-6c531013 wp-block-group-is-layout-flex\"><\/div>\n\n\n\n<div class=\"wp-block-group is-layout-constrained wp-block-group-is-layout-constrained\">\n<figure class=\"wp-block-image size-large is-resized\" id=\"atlferiasnoteatro\"><img loading=\"lazy\" decoding=\"async\" width=\"1024\" height=\"768\" src=\"https:\/\/teatrodamaluca.pt\/wp-content\/uploads\/2024\/12\/IMG_20240719_114126-1024x768.jpg\" alt=\"F\u00e9rias no teatro do teatro da maluca\" class=\"wp-image-540\" style=\"width:308px;height:auto\" title=\"atl f\u00e9rias no teatro\" srcset=\"https:\/\/teatrodamaluca.pt\/wp-content\/uploads\/2024\/12\/IMG_20240719_114126-1024x768.jpg 1024w, https:\/\/teatrodamaluca.pt\/wp-content\/uploads\/2024\/12\/IMG_20240719_114126-300x225.jpg 300w, https:\/\/teatrodamaluca.pt\/wp-content\/uploads\/2024\/12\/IMG_20240719_114126-768x576.jpg 768w, https:\/\/teatrodamaluca.pt\/wp-content\/uploads\/2024\/12\/IMG_20240719_114126-1536x1152.jpg 1536w, https:\/\/teatrodamaluca.pt\/wp-content\/uploads\/2024\/12\/IMG_20240719_114126-2048x1536.jpg 2048w\" sizes=\"auto, (max-width: 1024px) 100vw, 1024px\" \/><\/figure>\n\n\n\n<h2 class=\"wp-block-heading has-raft-accent-color has-text-color has-link-color wp-elements-bc96e7eda483c2cb455f0e541b8d9d76\" style=\"font-size:30px\"><strong><a href=\"https:\/\/teatrodamaluca.pt\/index.php\/ferias-no-teatro\/\">F\u00c9RIAS NA MALUCA<\/a><\/strong><\/h2>\n\n\n\n<p style=\"line-height:1.6\">Na altura das f\u00e9rias escolares, o Teatro da Maluca abre as portas \u00e0s <strong><a href=\"https:\/\/teatrodamaluca.pt\/index.php\/ferias-no-teatro\/\">F\u00e9rias na Maluca<\/a><\/strong>, ou seja, a dias intensos cheios de jogos teatrais e de experi\u00eancias sensoriais que ir\u00e3o desafiar crian\u00e7as e jovens!<\/p>\n<\/div>\n\n\n\n<div class=\"wp-block-group is-nowrap is-layout-flex wp-container-core-group-is-layout-6c531013 wp-block-group-is-layout-flex\"><\/div>\n\n\n\n<div class=\"wp-block-group is-layout-constrained wp-block-group-is-layout-constrained\">\n<figure class=\"wp-block-image size-full is-resized\" id=\"formacoesworkshopsteatro\"><img loading=\"lazy\" decoding=\"async\" width=\"288\" height=\"270\" src=\"https:\/\/teatrodamaluca.pt\/wp-content\/uploads\/2024\/06\/FB_IMG_1712698257047.webp\" alt=\"Forma\u00e7\u00f5es e workshops do teatro da maluca\" class=\"wp-image-188\" style=\"width:258px;height:auto\" title=\"forma\u00e7\u00f5es e workshops de teatro\"\/><\/figure>\n\n\n\n<h2 class=\"wp-block-heading has-raft-accent-color has-text-color has-link-color wp-elements-afb03081199d29995bfabf19c40cc9ec\" style=\"font-size:30px\"><a href=\"https:\/\/teatrodamaluca.pt\/index.php\/workshps-e-formacoes\/\">WORKSHOPS E FORMA\u00c7\u00d5ES<\/a><\/h2>\n\n\n\n<p style=\"line-height:1.6\">Ao longo do ano fazemos diversos <strong>Workshops<\/strong> e <strong>Forma\u00e7\u00f5es<\/strong> (Acreditadas e n\u00e3o s\u00f3) orientadas para v\u00e1rios p\u00fablicos e idades. <\/p>\n<\/div>\n\n\n\n<div class=\"wp-block-group is-nowrap is-layout-flex wp-container-core-group-is-layout-6c531013 wp-block-group-is-layout-flex\"><\/div>\n\n\n\n<div class=\"wp-block-group is-layout-constrained wp-block-group-is-layout-constrained\">\n<figure class=\"wp-block-image size-large is-resized\" id=\"teambuilding\"><img loading=\"lazy\" decoding=\"async\" width=\"1024\" height=\"501\" src=\"https:\/\/teatrodamaluca.pt\/wp-content\/uploads\/2024\/10\/foto-empresa-1024x501.jpg\" alt=\"TEAM BUILDING teatro para empresas teatro da maluca\" class=\"wp-image-372\" style=\"width:324px;height:auto\" title=\"team building teatro\" srcset=\"https:\/\/teatrodamaluca.pt\/wp-content\/uploads\/2024\/10\/foto-empresa-1024x501.jpg 1024w, https:\/\/teatrodamaluca.pt\/wp-content\/uploads\/2024\/10\/foto-empresa-300x147.jpg 300w, https:\/\/teatrodamaluca.pt\/wp-content\/uploads\/2024\/10\/foto-empresa-768x376.jpg 768w, https:\/\/teatrodamaluca.pt\/wp-content\/uploads\/2024\/10\/foto-empresa.jpg 1154w\" sizes=\"auto, (max-width: 1024px) 100vw, 1024px\" \/><\/figure>\n\n\n\n<h2 class=\"wp-block-heading has-raft-accent-color has-text-color has-link-color wp-elements-26b26c8bdcb0931abba3b1ac5fb4c542\" style=\"font-size:30px\"><strong><a href=\"https:\/\/teatrodamaluca.pt\/index.php\/team-building-e-formacoes\/\">TEAM BUILDING E FORMA\u00c7\u00d5ES PARA EMPRESAS<\/a><\/strong><\/h2>\n\n\n\n<p style=\"line-height:1.6\">No Teatro da Maluca desenhamos sess\u00f5es de <strong>Team Building <\/strong>e <strong>Forma\u00e7\u00f5es de T\u00e9cnicas de Voz para falar em p\u00fablico<\/strong> de acordo com os objetivos de cada empresa e dos desafios a que se prop\u00f5em.<\/p>\n<\/div>\n\n\n\n<p><\/p>\n\n\n\n<p><\/p>\n","protected":false},"excerpt":{"rendered":"<p>OFICINAS E FORMA\u00c7\u00d5ES NA MALUCA O Teatro da Maluca promove v\u00e1rios tipos de Oficinas e Forma\u00e7\u00f5es de Teatro com profissionais credenciados e com anos de experi\u00eancia! OFICINAS DE TEATRO ANUAIS As Oficinas de Teatro anuais da Maluca s\u00e3o destinadas a todas as crian\u00e7as, jovens e adultos, que se queiram desafiar em termos sociais e art\u00edsticos. [&hellip;]<\/p>\n","protected":false},"author":1,"featured_media":1513,"parent":0,"menu_order":0,"comment_status":"closed","ping_status":"closed","template":"","meta":{"_themeisle_gutenberg_block_has_review":false,"footnotes":""},"class_list":["post-85","page","type-page","status-publish","has-post-thumbnail","hentry"],"yoast_head":"<!-- This site is optimized with the Yoast SEO plugin v25.1 - https:\/\/yoast.com\/wordpress\/plugins\/seo\/ -->\n<title>OFICINAS E FORMA\u00e7\u00d5ES na Maluca - Teatro da Maluca<\/title>\n<meta name=\"description\" content=\"Oficinas e Forma\u00e7\u00f5es de Teatro no Teatro da Maluca. Aulas de Teatro para crian\u00e7as, jovens e adultos, Forma\u00e7\u00f5es e Team Building para empresas.\" \/>\n<meta name=\"robots\" content=\"index, follow, max-snippet:-1, max-image-preview:large, max-video-preview:-1\" \/>\n<link rel=\"canonical\" href=\"https:\/\/teatrodamaluca.pt\/index.php\/oficinas-e-formacoes-na-maluca\/\" \/>\n<meta property=\"og:locale\" content=\"pt_PT\" \/>\n<meta property=\"og:type\" content=\"article\" \/>\n<meta property=\"og:title\" content=\"OFICINAS E FORMA\u00e7\u00d5ES na Maluca - Teatro da Maluca\" \/>\n<meta property=\"og:description\" content=\"Oficinas e Forma\u00e7\u00f5es de Teatro no Teatro da Maluca. Aulas de Teatro para crian\u00e7as, jovens e adultos, Forma\u00e7\u00f5es e Team Building para empresas.\" \/>\n<meta property=\"og:url\" content=\"https:\/\/teatrodamaluca.pt\/index.php\/oficinas-e-formacoes-na-maluca\/\" \/>\n<meta property=\"og:site_name\" content=\"Teatro da Maluca\" \/>\n<meta property=\"article:publisher\" content=\"https:\/\/www.facebook.com\/TeatrodaMaluca\/\" \/>\n<meta property=\"article:modified_time\" content=\"2025-08-16T11:08:35+00:00\" \/>\n<meta property=\"og:image\" content=\"https:\/\/teatrodamaluca.pt\/wp-content\/uploads\/2025\/08\/fotografia-Maldivas.jpg\" \/>\n\t<meta property=\"og:image:width\" content=\"838\" \/>\n\t<meta property=\"og:image:height\" content=\"411\" \/>\n\t<meta property=\"og:image:type\" content=\"image\/jpeg\" \/>\n<meta name=\"twitter:card\" content=\"summary_large_image\" \/>\n<meta name=\"twitter:label1\" content=\"Tempo estimado de leitura\" \/>\n\t<meta name=\"twitter:data1\" content=\"3 minutos\" \/>\n<script type=\"application\/ld+json\" class=\"yoast-schema-graph\">{\"@context\":\"https:\/\/schema.org\",\"@graph\":[{\"@type\":\"WebPage\",\"@id\":\"https:\/\/teatrodamaluca.pt\/index.php\/oficinas-e-formacoes-na-maluca\/\",\"url\":\"https:\/\/teatrodamaluca.pt\/index.php\/oficinas-e-formacoes-na-maluca\/\",\"name\":\"OFICINAS E FORMA\u00e7\u00d5ES na Maluca - Teatro da Maluca\",\"isPartOf\":{\"@id\":\"https:\/\/teatrodamaluca.pt\/#website\"},\"primaryImageOfPage\":{\"@id\":\"https:\/\/teatrodamaluca.pt\/index.php\/oficinas-e-formacoes-na-maluca\/#primaryimage\"},\"image\":{\"@id\":\"https:\/\/teatrodamaluca.pt\/index.php\/oficinas-e-formacoes-na-maluca\/#primaryimage\"},\"thumbnailUrl\":\"https:\/\/teatrodamaluca.pt\/wp-content\/uploads\/2025\/08\/fotografia-Maldivas.jpg\",\"datePublished\":\"2024-06-05T01:14:53+00:00\",\"dateModified\":\"2025-08-16T11:08:35+00:00\",\"description\":\"Oficinas e Forma\u00e7\u00f5es de Teatro no Teatro da Maluca. Aulas de Teatro para crian\u00e7as, jovens e adultos, Forma\u00e7\u00f5es e Team Building para empresas.\",\"breadcrumb\":{\"@id\":\"https:\/\/teatrodamaluca.pt\/index.php\/oficinas-e-formacoes-na-maluca\/#breadcrumb\"},\"inLanguage\":\"pt-PT\",\"potentialAction\":[{\"@type\":\"ReadAction\",\"target\":[\"https:\/\/teatrodamaluca.pt\/index.php\/oficinas-e-formacoes-na-maluca\/\"]}]},{\"@type\":\"ImageObject\",\"inLanguage\":\"pt-PT\",\"@id\":\"https:\/\/teatrodamaluca.pt\/index.php\/oficinas-e-formacoes-na-maluca\/#primaryimage\",\"url\":\"https:\/\/teatrodamaluca.pt\/wp-content\/uploads\/2025\/08\/fotografia-Maldivas.jpg\",\"contentUrl\":\"https:\/\/teatrodamaluca.pt\/wp-content\/uploads\/2025\/08\/fotografia-Maldivas.jpg\",\"width\":838,\"height\":411,\"caption\":\"Design sem nome - 1\"},{\"@type\":\"BreadcrumbList\",\"@id\":\"https:\/\/teatrodamaluca.pt\/index.php\/oficinas-e-formacoes-na-maluca\/#breadcrumb\",\"itemListElement\":[{\"@type\":\"ListItem\",\"position\":1,\"name\":\"In\u00edcio\",\"item\":\"https:\/\/teatrodamaluca.pt\/\"},{\"@type\":\"ListItem\",\"position\":2,\"name\":\"OFICINAS E FORMA\u00e7\u00d5ES na Maluca\"}]},{\"@type\":\"WebSite\",\"@id\":\"https:\/\/teatrodamaluca.pt\/#website\",\"url\":\"https:\/\/teatrodamaluca.pt\/\",\"name\":\"Teatro da Maluca\",\"description\":\"Oficinas de Teatro para todas as idades, sess\u00f5es de contos e espet\u00e1culos\",\"publisher\":{\"@id\":\"https:\/\/teatrodamaluca.pt\/#organization\"},\"potentialAction\":[{\"@type\":\"SearchAction\",\"target\":{\"@type\":\"EntryPoint\",\"urlTemplate\":\"https:\/\/teatrodamaluca.pt\/?s={search_term_string}\"},\"query-input\":{\"@type\":\"PropertyValueSpecification\",\"valueRequired\":true,\"valueName\":\"search_term_string\"}}],\"inLanguage\":\"pt-PT\"},{\"@type\":\"Organization\",\"@id\":\"https:\/\/teatrodamaluca.pt\/#organization\",\"name\":\"Teatro da Maluca\",\"url\":\"https:\/\/teatrodamaluca.pt\/\",\"logo\":{\"@type\":\"ImageObject\",\"inLanguage\":\"pt-PT\",\"@id\":\"https:\/\/teatrodamaluca.pt\/#\/schema\/logo\/image\/\",\"url\":\"https:\/\/teatrodamaluca.pt\/wp-content\/uploads\/2024\/06\/z1717082033-1.png\",\"contentUrl\":\"https:\/\/teatrodamaluca.pt\/wp-content\/uploads\/2024\/06\/z1717082033-1.png\",\"width\":512,\"height\":512,\"caption\":\"Teatro da Maluca\"},\"image\":{\"@id\":\"https:\/\/teatrodamaluca.pt\/#\/schema\/logo\/image\/\"},\"sameAs\":[\"https:\/\/www.facebook.com\/TeatrodaMaluca\/\"]}]}<\/script>\n<!-- \/ Yoast SEO plugin. -->","yoast_head_json":{"title":"OFICINAS E FORMA\u00e7\u00d5ES na Maluca - Teatro da Maluca","description":"Oficinas e Forma\u00e7\u00f5es de Teatro no Teatro da Maluca. Aulas de Teatro para crian\u00e7as, jovens e adultos, Forma\u00e7\u00f5es e Team Building para empresas.","robots":{"index":"index","follow":"follow","max-snippet":"max-snippet:-1","max-image-preview":"max-image-preview:large","max-video-preview":"max-video-preview:-1"},"canonical":"https:\/\/teatrodamaluca.pt\/index.php\/oficinas-e-formacoes-na-maluca\/","og_locale":"pt_PT","og_type":"article","og_title":"OFICINAS E FORMA\u00e7\u00d5ES na Maluca - Teatro da Maluca","og_description":"Oficinas e Forma\u00e7\u00f5es de Teatro no Teatro da Maluca. Aulas de Teatro para crian\u00e7as, jovens e adultos, Forma\u00e7\u00f5es e Team Building para empresas.","og_url":"https:\/\/teatrodamaluca.pt\/index.php\/oficinas-e-formacoes-na-maluca\/","og_site_name":"Teatro da Maluca","article_publisher":"https:\/\/www.facebook.com\/TeatrodaMaluca\/","article_modified_time":"2025-08-16T11:08:35+00:00","og_image":[{"width":838,"height":411,"url":"https:\/\/teatrodamaluca.pt\/wp-content\/uploads\/2025\/08\/fotografia-Maldivas.jpg","type":"image\/jpeg"}],"twitter_card":"summary_large_image","twitter_misc":{"Tempo estimado de leitura":"3 minutos"},"schema":{"@context":"https:\/\/schema.org","@graph":[{"@type":"WebPage","@id":"https:\/\/teatrodamaluca.pt\/index.php\/oficinas-e-formacoes-na-maluca\/","url":"https:\/\/teatrodamaluca.pt\/index.php\/oficinas-e-formacoes-na-maluca\/","name":"OFICINAS E FORMA\u00e7\u00d5ES na Maluca - Teatro da Maluca","isPartOf":{"@id":"https:\/\/teatrodamaluca.pt\/#website"},"primaryImageOfPage":{"@id":"https:\/\/teatrodamaluca.pt\/index.php\/oficinas-e-formacoes-na-maluca\/#primaryimage"},"image":{"@id":"https:\/\/teatrodamaluca.pt\/index.php\/oficinas-e-formacoes-na-maluca\/#primaryimage"},"thumbnailUrl":"https:\/\/teatrodamaluca.pt\/wp-content\/uploads\/2025\/08\/fotografia-Maldivas.jpg","datePublished":"2024-06-05T01:14:53+00:00","dateModified":"2025-08-16T11:08:35+00:00","description":"Oficinas e Forma\u00e7\u00f5es de Teatro no Teatro da Maluca. Aulas de Teatro para crian\u00e7as, jovens e adultos, Forma\u00e7\u00f5es e Team Building para empresas.","breadcrumb":{"@id":"https:\/\/teatrodamaluca.pt\/index.php\/oficinas-e-formacoes-na-maluca\/#breadcrumb"},"inLanguage":"pt-PT","potentialAction":[{"@type":"ReadAction","target":["https:\/\/teatrodamaluca.pt\/index.php\/oficinas-e-formacoes-na-maluca\/"]}]},{"@type":"ImageObject","inLanguage":"pt-PT","@id":"https:\/\/teatrodamaluca.pt\/index.php\/oficinas-e-formacoes-na-maluca\/#primaryimage","url":"https:\/\/teatrodamaluca.pt\/wp-content\/uploads\/2025\/08\/fotografia-Maldivas.jpg","contentUrl":"https:\/\/teatrodamaluca.pt\/wp-content\/uploads\/2025\/08\/fotografia-Maldivas.jpg","width":838,"height":411,"caption":"Design sem nome - 1"},{"@type":"BreadcrumbList","@id":"https:\/\/teatrodamaluca.pt\/index.php\/oficinas-e-formacoes-na-maluca\/#breadcrumb","itemListElement":[{"@type":"ListItem","position":1,"name":"In\u00edcio","item":"https:\/\/teatrodamaluca.pt\/"},{"@type":"ListItem","position":2,"name":"OFICINAS E FORMA\u00e7\u00d5ES na Maluca"}]},{"@type":"WebSite","@id":"https:\/\/teatrodamaluca.pt\/#website","url":"https:\/\/teatrodamaluca.pt\/","name":"Teatro da Maluca","description":"Oficinas de Teatro para todas as idades, sess\u00f5es de contos e espet\u00e1culos","publisher":{"@id":"https:\/\/teatrodamaluca.pt\/#organization"},"potentialAction":[{"@type":"SearchAction","target":{"@type":"EntryPoint","urlTemplate":"https:\/\/teatrodamaluca.pt\/?s={search_term_string}"},"query-input":{"@type":"PropertyValueSpecification","valueRequired":true,"valueName":"search_term_string"}}],"inLanguage":"pt-PT"},{"@type":"Organization","@id":"https:\/\/teatrodamaluca.pt\/#organization","name":"Teatro da Maluca","url":"https:\/\/teatrodamaluca.pt\/","logo":{"@type":"ImageObject","inLanguage":"pt-PT","@id":"https:\/\/teatrodamaluca.pt\/#\/schema\/logo\/image\/","url":"https:\/\/teatrodamaluca.pt\/wp-content\/uploads\/2024\/06\/z1717082033-1.png","contentUrl":"https:\/\/teatrodamaluca.pt\/wp-content\/uploads\/2024\/06\/z1717082033-1.png","width":512,"height":512,"caption":"Teatro da Maluca"},"image":{"@id":"https:\/\/teatrodamaluca.pt\/#\/schema\/logo\/image\/"},"sameAs":["https:\/\/www.facebook.com\/TeatrodaMaluca\/"]}]}},"_links":{"self":[{"href":"https:\/\/teatrodamaluca.pt\/index.php\/wp-json\/wp\/v2\/pages\/85","targetHints":{"allow":["GET"]}}],"collection":[{"href":"https:\/\/teatrodamaluca.pt\/index.php\/wp-json\/wp\/v2\/pages"}],"about":[{"href":"https:\/\/teatrodamaluca.pt\/index.php\/wp-json\/wp\/v2\/types\/page"}],"author":[{"embeddable":true,"href":"https:\/\/teatrodamaluca.pt\/index.php\/wp-json\/wp\/v2\/users\/1"}],"replies":[{"embeddable":true,"href":"https:\/\/teatrodamaluca.pt\/index.php\/wp-json\/wp\/v2\/comments?post=85"}],"version-history":[{"count":82,"href":"https:\/\/teatrodamaluca.pt\/index.php\/wp-json\/wp\/v2\/pages\/85\/revisions"}],"predecessor-version":[{"id":1518,"href":"https:\/\/teatrodamaluca.pt\/index.php\/wp-json\/wp\/v2\/pages\/85\/revisions\/1518"}],"wp:featuredmedia":[{"embeddable":true,"href":"https:\/\/teatrodamaluca.pt\/index.php\/wp-json\/wp\/v2\/media\/1513"}],"wp:attachment":[{"href":"https:\/\/teatrodamaluca.pt\/index.php\/wp-json\/wp\/v2\/media?parent=85"}],"curies":[{"name":"wp","href":"https:\/\/api.w.org\/{rel}","templated":true}]}}