{"id":814,"date":"2025-01-03T19:20:19","date_gmt":"2025-01-03T19:20:19","guid":{"rendered":"https:\/\/teatrodamaluca.pt\/?page_id=814"},"modified":"2025-01-03T21:11:44","modified_gmt":"2025-01-03T21:11:44","slug":"tecnicas-de-voz-para-falar-em-publico","status":"publish","type":"page","link":"https:\/\/teatrodamaluca.pt\/index.php\/tecnicas-de-voz-para-falar-em-publico\/","title":{"rendered":"T\u00c9CNICAS DE VOZ PARA FALAR EM P\u00daBLICO"},"content":{"rendered":"\n<p style=\"line-height:1.6\">No Teatro da Maluca sabemos bem como, por vezes, falar em p\u00fablico pode ser assustador. Por isso, desenvolvemos uma forma\u00e7\u00e3o  em <strong>T\u00e9cnicas de Voz para Falar em P\u00fablico<\/strong>, que ajuda a ultrapassar medos e a encontrar \u00e2ncoras seguras para momentos delicados.<\/p>\n\n\n\n<figure class=\"wp-block-image size-large\"><img loading=\"lazy\" decoding=\"async\" width=\"1024\" height=\"683\" src=\"https:\/\/teatrodamaluca.pt\/wp-content\/uploads\/2024\/12\/IMG_1261-Aprimorado-NR-1-1024x683.jpg\" alt=\"T\u00e9cnicas de Voz para falar em p\u00fablico\" class=\"wp-image-663\" srcset=\"https:\/\/teatrodamaluca.pt\/wp-content\/uploads\/2024\/12\/IMG_1261-Aprimorado-NR-1-1024x683.jpg 1024w, https:\/\/teatrodamaluca.pt\/wp-content\/uploads\/2024\/12\/IMG_1261-Aprimorado-NR-1-300x200.jpg 300w, https:\/\/teatrodamaluca.pt\/wp-content\/uploads\/2024\/12\/IMG_1261-Aprimorado-NR-1-768x512.jpg 768w, https:\/\/teatrodamaluca.pt\/wp-content\/uploads\/2024\/12\/IMG_1261-Aprimorado-NR-1-1536x1024.jpg 1536w, https:\/\/teatrodamaluca.pt\/wp-content\/uploads\/2024\/12\/IMG_1261-Aprimorado-NR-1-2048x1365.jpg 2048w\" sizes=\"auto, (max-width: 1024px) 100vw, 1024px\" \/><\/figure>\n\n\n\n<p><\/p>\n\n\n\n<p style=\"line-height:1.6\"><strong>A <em>Glossofobia <\/em>\u00e9 o termo t\u00e9cnico dado a um medo severo de falar em p\u00fablico.<\/strong><\/p>\n\n\n\n<p style=\"line-height:1.6\"><strong>Quando sofremos de <em>glossofobia<\/em> tendemos a congelar na frente<\/strong> <strong>de qualquer p\u00fablico, at\u00e9 mesmo de algumas pessoas.<\/strong><\/p>\n\n\n\n<p style=\"line-height:1.6\"><strong>A boca seca, a voz emudece ou estremece e o corpo parece<\/strong> <strong>deixar de responder aos nossos comandos.<\/strong><\/p>\n\n\n\n<p style=\"line-height:1.6\"><strong>Podemos at\u00e9 suar, corar e sentir o<\/strong> <strong>cora\u00e7\u00e3o bater a uma velocidade descontrolada.<\/strong><\/p>\n\n\n\n<p><\/p>\n\n\n\n<p style=\"line-height:1.6\">Compet\u00eancias a desenvolver na <strong>Forma\u00e7\u00e3o de T\u00e9cnicas de Voz<\/strong> para falar em p\u00fablico:<\/p>\n\n\n\n<ul class=\"wp-block-list\">\n<li>Partilhar de forma limpa e apelativa um discurso<\/li>\n<\/ul>\n\n\n\n<ul class=\"wp-block-list\">\n<li>Interagir com o p\u00fablico<\/li>\n<\/ul>\n\n\n\n<ul class=\"wp-block-list\">\n<li>Dominar os ve\u00edculos da comunica\u00e7\u00e3o e brincar com eles de forma aut\u00f3noma<\/li>\n<\/ul>\n\n\n\n<ul class=\"wp-block-list\">\n<li>Descobrir a minha identidade enquanto comunicador<\/li>\n<\/ul>\n\n\n\n<ul class=\"wp-block-list\">\n<li>Compreender a origem do meu medo<\/li>\n<\/ul>\n\n\n\n<div class=\"wp-block-group is-nowrap is-layout-flex wp-container-core-group-is-layout-6c531013 wp-block-group-is-layout-flex\"><\/div>\n\n\n\n<div class=\"wp-block-group is-nowrap is-layout-flex wp-container-core-group-is-layout-6c531013 wp-block-group-is-layout-flex\"><\/div>\n\n\n\n<p class=\"has-raft-fg-color has-text-color has-link-color wp-elements-67c0d6f53ee664066cc58004ac59406c\" style=\"line-height:1.6\">ATIVIDADE: <strong>T\u00e9cnicas de Voz para Falar em P\u00fablico<\/strong><\/p>\n\n\n\n<p class=\"has-raft-fg-color has-text-color has-link-color wp-elements-6057a7745a03e2684c75b35a387278ad\" style=\"line-height:1.6\">FORMADORA: <a href=\"https:\/\/teatrodamaluca.pt\/index.php\/maria-joao-miguel\/\"><strong>Maria Jo\u00e3o Miguel<\/strong><\/a><\/p>\n\n\n\n<p class=\"has-raft-fg-color has-text-color has-link-color wp-elements-f5fc29c7990d4bf0948ae2302327ee06\" style=\"line-height:1.6\">DURA\u00c7\u00c3O E VALOR: <strong>a acordar com a Empresa<\/strong><\/p>\n\n\n\n<p><\/p>\n","protected":false},"excerpt":{"rendered":"<p>No Teatro da Maluca sabemos bem como, por vezes, falar em p\u00fablico pode ser assustador. Por isso, desenvolvemos uma forma\u00e7\u00e3o em T\u00e9cnicas de Voz para Falar em P\u00fablico, que ajuda a ultrapassar medos e a encontrar \u00e2ncoras seguras para momentos delicados. A Glossofobia \u00e9 o termo t\u00e9cnico dado a um medo severo de falar em [&hellip;]<\/p>\n","protected":false},"author":1,"featured_media":0,"parent":0,"menu_order":0,"comment_status":"closed","ping_status":"closed","template":"","meta":{"_themeisle_gutenberg_block_has_review":false,"footnotes":""},"class_list":["post-814","page","type-page","status-publish","hentry"],"yoast_head":"<!-- This site is optimized with the Yoast SEO plugin v25.1 - https:\/\/yoast.com\/wordpress\/plugins\/seo\/ -->\n<title>T\u00c9CNICAS DE VOZ PARA FALAR EM P\u00daBLICO - Teatro da Maluca<\/title>\n<meta name=\"description\" content=\"No Teatro da Maluca sabemos como falar em p\u00fablico pode ser assustador e desenvolvemos uma forma\u00e7\u00e3o em T\u00e9cnicas de Voz para Falar em P\u00fablico\" \/>\n<meta name=\"robots\" content=\"index, follow, max-snippet:-1, max-image-preview:large, max-video-preview:-1\" \/>\n<link rel=\"canonical\" href=\"https:\/\/teatrodamaluca.pt\/index.php\/tecnicas-de-voz-para-falar-em-publico\/\" \/>\n<meta property=\"og:locale\" content=\"pt_PT\" \/>\n<meta property=\"og:type\" content=\"article\" \/>\n<meta property=\"og:title\" content=\"T\u00c9CNICAS DE VOZ PARA FALAR EM P\u00daBLICO - Teatro da Maluca\" \/>\n<meta property=\"og:description\" content=\"No Teatro da Maluca sabemos como falar em p\u00fablico pode ser assustador e desenvolvemos uma forma\u00e7\u00e3o em T\u00e9cnicas de Voz para Falar em P\u00fablico\" \/>\n<meta property=\"og:url\" content=\"https:\/\/teatrodamaluca.pt\/index.php\/tecnicas-de-voz-para-falar-em-publico\/\" \/>\n<meta property=\"og:site_name\" content=\"Teatro da Maluca\" \/>\n<meta property=\"article:publisher\" content=\"https:\/\/www.facebook.com\/TeatrodaMaluca\/\" \/>\n<meta property=\"article:modified_time\" content=\"2025-01-03T21:11:44+00:00\" \/>\n<meta property=\"og:image\" content=\"https:\/\/teatrodamaluca.pt\/wp-content\/uploads\/2024\/12\/IMG_1261-Aprimorado-NR-1-scaled.jpg\" \/>\n\t<meta property=\"og:image:width\" content=\"2560\" \/>\n\t<meta property=\"og:image:height\" content=\"1707\" \/>\n\t<meta property=\"og:image:type\" content=\"image\/jpeg\" \/>\n<meta name=\"twitter:card\" content=\"summary_large_image\" \/>\n<meta name=\"twitter:label1\" content=\"Tempo estimado de leitura\" \/>\n\t<meta name=\"twitter:data1\" content=\"2 minutos\" \/>\n<script type=\"application\/ld+json\" class=\"yoast-schema-graph\">{\"@context\":\"https:\/\/schema.org\",\"@graph\":[{\"@type\":\"WebPage\",\"@id\":\"https:\/\/teatrodamaluca.pt\/index.php\/tecnicas-de-voz-para-falar-em-publico\/\",\"url\":\"https:\/\/teatrodamaluca.pt\/index.php\/tecnicas-de-voz-para-falar-em-publico\/\",\"name\":\"T\u00c9CNICAS DE VOZ PARA FALAR EM P\u00daBLICO - Teatro da Maluca\",\"isPartOf\":{\"@id\":\"https:\/\/teatrodamaluca.pt\/#website\"},\"primaryImageOfPage\":{\"@id\":\"https:\/\/teatrodamaluca.pt\/index.php\/tecnicas-de-voz-para-falar-em-publico\/#primaryimage\"},\"image\":{\"@id\":\"https:\/\/teatrodamaluca.pt\/index.php\/tecnicas-de-voz-para-falar-em-publico\/#primaryimage\"},\"thumbnailUrl\":\"https:\/\/teatrodamaluca.pt\/wp-content\/uploads\/2024\/12\/IMG_1261-Aprimorado-NR-1-1024x683.jpg\",\"datePublished\":\"2025-01-03T19:20:19+00:00\",\"dateModified\":\"2025-01-03T21:11:44+00:00\",\"description\":\"No Teatro da Maluca sabemos como falar em p\u00fablico pode ser assustador e desenvolvemos uma forma\u00e7\u00e3o em T\u00e9cnicas de Voz para Falar em P\u00fablico\",\"breadcrumb\":{\"@id\":\"https:\/\/teatrodamaluca.pt\/index.php\/tecnicas-de-voz-para-falar-em-publico\/#breadcrumb\"},\"inLanguage\":\"pt-PT\",\"potentialAction\":[{\"@type\":\"ReadAction\",\"target\":[\"https:\/\/teatrodamaluca.pt\/index.php\/tecnicas-de-voz-para-falar-em-publico\/\"]}]},{\"@type\":\"ImageObject\",\"inLanguage\":\"pt-PT\",\"@id\":\"https:\/\/teatrodamaluca.pt\/index.php\/tecnicas-de-voz-para-falar-em-publico\/#primaryimage\",\"url\":\"https:\/\/teatrodamaluca.pt\/wp-content\/uploads\/2024\/12\/IMG_1261-Aprimorado-NR-1-scaled.jpg\",\"contentUrl\":\"https:\/\/teatrodamaluca.pt\/wp-content\/uploads\/2024\/12\/IMG_1261-Aprimorado-NR-1-scaled.jpg\",\"width\":2560,\"height\":1707,\"caption\":\"O VOO DAS PALAVRAS\"},{\"@type\":\"BreadcrumbList\",\"@id\":\"https:\/\/teatrodamaluca.pt\/index.php\/tecnicas-de-voz-para-falar-em-publico\/#breadcrumb\",\"itemListElement\":[{\"@type\":\"ListItem\",\"position\":1,\"name\":\"In\u00edcio\",\"item\":\"https:\/\/teatrodamaluca.pt\/\"},{\"@type\":\"ListItem\",\"position\":2,\"name\":\"T\u00c9CNICAS DE VOZ PARA FALAR EM P\u00daBLICO\"}]},{\"@type\":\"WebSite\",\"@id\":\"https:\/\/teatrodamaluca.pt\/#website\",\"url\":\"https:\/\/teatrodamaluca.pt\/\",\"name\":\"Teatro da Maluca\",\"description\":\"Oficinas de Teatro para todas as idades, sess\u00f5es de contos e espet\u00e1culos\",\"publisher\":{\"@id\":\"https:\/\/teatrodamaluca.pt\/#organization\"},\"potentialAction\":[{\"@type\":\"SearchAction\",\"target\":{\"@type\":\"EntryPoint\",\"urlTemplate\":\"https:\/\/teatrodamaluca.pt\/?s={search_term_string}\"},\"query-input\":{\"@type\":\"PropertyValueSpecification\",\"valueRequired\":true,\"valueName\":\"search_term_string\"}}],\"inLanguage\":\"pt-PT\"},{\"@type\":\"Organization\",\"@id\":\"https:\/\/teatrodamaluca.pt\/#organization\",\"name\":\"Teatro da Maluca\",\"url\":\"https:\/\/teatrodamaluca.pt\/\",\"logo\":{\"@type\":\"ImageObject\",\"inLanguage\":\"pt-PT\",\"@id\":\"https:\/\/teatrodamaluca.pt\/#\/schema\/logo\/image\/\",\"url\":\"https:\/\/teatrodamaluca.pt\/wp-content\/uploads\/2024\/06\/z1717082033-1.png\",\"contentUrl\":\"https:\/\/teatrodamaluca.pt\/wp-content\/uploads\/2024\/06\/z1717082033-1.png\",\"width\":512,\"height\":512,\"caption\":\"Teatro da Maluca\"},\"image\":{\"@id\":\"https:\/\/teatrodamaluca.pt\/#\/schema\/logo\/image\/\"},\"sameAs\":[\"https:\/\/www.facebook.com\/TeatrodaMaluca\/\"]}]}<\/script>\n<!-- \/ Yoast SEO plugin. -->","yoast_head_json":{"title":"T\u00c9CNICAS DE VOZ PARA FALAR EM P\u00daBLICO - Teatro da Maluca","description":"No Teatro da Maluca sabemos como falar em p\u00fablico pode ser assustador e desenvolvemos uma forma\u00e7\u00e3o em T\u00e9cnicas de Voz para Falar em P\u00fablico","robots":{"index":"index","follow":"follow","max-snippet":"max-snippet:-1","max-image-preview":"max-image-preview:large","max-video-preview":"max-video-preview:-1"},"canonical":"https:\/\/teatrodamaluca.pt\/index.php\/tecnicas-de-voz-para-falar-em-publico\/","og_locale":"pt_PT","og_type":"article","og_title":"T\u00c9CNICAS DE VOZ PARA FALAR EM P\u00daBLICO - Teatro da Maluca","og_description":"No Teatro da Maluca sabemos como falar em p\u00fablico pode ser assustador e desenvolvemos uma forma\u00e7\u00e3o em T\u00e9cnicas de Voz para Falar em P\u00fablico","og_url":"https:\/\/teatrodamaluca.pt\/index.php\/tecnicas-de-voz-para-falar-em-publico\/","og_site_name":"Teatro da Maluca","article_publisher":"https:\/\/www.facebook.com\/TeatrodaMaluca\/","article_modified_time":"2025-01-03T21:11:44+00:00","og_image":[{"width":2560,"height":1707,"url":"https:\/\/teatrodamaluca.pt\/wp-content\/uploads\/2024\/12\/IMG_1261-Aprimorado-NR-1-scaled.jpg","type":"image\/jpeg"}],"twitter_card":"summary_large_image","twitter_misc":{"Tempo estimado de leitura":"2 minutos"},"schema":{"@context":"https:\/\/schema.org","@graph":[{"@type":"WebPage","@id":"https:\/\/teatrodamaluca.pt\/index.php\/tecnicas-de-voz-para-falar-em-publico\/","url":"https:\/\/teatrodamaluca.pt\/index.php\/tecnicas-de-voz-para-falar-em-publico\/","name":"T\u00c9CNICAS DE VOZ PARA FALAR EM P\u00daBLICO - Teatro da Maluca","isPartOf":{"@id":"https:\/\/teatrodamaluca.pt\/#website"},"primaryImageOfPage":{"@id":"https:\/\/teatrodamaluca.pt\/index.php\/tecnicas-de-voz-para-falar-em-publico\/#primaryimage"},"image":{"@id":"https:\/\/teatrodamaluca.pt\/index.php\/tecnicas-de-voz-para-falar-em-publico\/#primaryimage"},"thumbnailUrl":"https:\/\/teatrodamaluca.pt\/wp-content\/uploads\/2024\/12\/IMG_1261-Aprimorado-NR-1-1024x683.jpg","datePublished":"2025-01-03T19:20:19+00:00","dateModified":"2025-01-03T21:11:44+00:00","description":"No Teatro da Maluca sabemos como falar em p\u00fablico pode ser assustador e desenvolvemos uma forma\u00e7\u00e3o em T\u00e9cnicas de Voz para Falar em P\u00fablico","breadcrumb":{"@id":"https:\/\/teatrodamaluca.pt\/index.php\/tecnicas-de-voz-para-falar-em-publico\/#breadcrumb"},"inLanguage":"pt-PT","potentialAction":[{"@type":"ReadAction","target":["https:\/\/teatrodamaluca.pt\/index.php\/tecnicas-de-voz-para-falar-em-publico\/"]}]},{"@type":"ImageObject","inLanguage":"pt-PT","@id":"https:\/\/teatrodamaluca.pt\/index.php\/tecnicas-de-voz-para-falar-em-publico\/#primaryimage","url":"https:\/\/teatrodamaluca.pt\/wp-content\/uploads\/2024\/12\/IMG_1261-Aprimorado-NR-1-scaled.jpg","contentUrl":"https:\/\/teatrodamaluca.pt\/wp-content\/uploads\/2024\/12\/IMG_1261-Aprimorado-NR-1-scaled.jpg","width":2560,"height":1707,"caption":"O VOO DAS PALAVRAS"},{"@type":"BreadcrumbList","@id":"https:\/\/teatrodamaluca.pt\/index.php\/tecnicas-de-voz-para-falar-em-publico\/#breadcrumb","itemListElement":[{"@type":"ListItem","position":1,"name":"In\u00edcio","item":"https:\/\/teatrodamaluca.pt\/"},{"@type":"ListItem","position":2,"name":"T\u00c9CNICAS DE VOZ PARA FALAR EM P\u00daBLICO"}]},{"@type":"WebSite","@id":"https:\/\/teatrodamaluca.pt\/#website","url":"https:\/\/teatrodamaluca.pt\/","name":"Teatro da Maluca","description":"Oficinas de Teatro para todas as idades, sess\u00f5es de contos e espet\u00e1culos","publisher":{"@id":"https:\/\/teatrodamaluca.pt\/#organization"},"potentialAction":[{"@type":"SearchAction","target":{"@type":"EntryPoint","urlTemplate":"https:\/\/teatrodamaluca.pt\/?s={search_term_string}"},"query-input":{"@type":"PropertyValueSpecification","valueRequired":true,"valueName":"search_term_string"}}],"inLanguage":"pt-PT"},{"@type":"Organization","@id":"https:\/\/teatrodamaluca.pt\/#organization","name":"Teatro da Maluca","url":"https:\/\/teatrodamaluca.pt\/","logo":{"@type":"ImageObject","inLanguage":"pt-PT","@id":"https:\/\/teatrodamaluca.pt\/#\/schema\/logo\/image\/","url":"https:\/\/teatrodamaluca.pt\/wp-content\/uploads\/2024\/06\/z1717082033-1.png","contentUrl":"https:\/\/teatrodamaluca.pt\/wp-content\/uploads\/2024\/06\/z1717082033-1.png","width":512,"height":512,"caption":"Teatro da Maluca"},"image":{"@id":"https:\/\/teatrodamaluca.pt\/#\/schema\/logo\/image\/"},"sameAs":["https:\/\/www.facebook.com\/TeatrodaMaluca\/"]}]}},"_links":{"self":[{"href":"https:\/\/teatrodamaluca.pt\/index.php\/wp-json\/wp\/v2\/pages\/814","targetHints":{"allow":["GET"]}}],"collection":[{"href":"https:\/\/teatrodamaluca.pt\/index.php\/wp-json\/wp\/v2\/pages"}],"about":[{"href":"https:\/\/teatrodamaluca.pt\/index.php\/wp-json\/wp\/v2\/types\/page"}],"author":[{"embeddable":true,"href":"https:\/\/teatrodamaluca.pt\/index.php\/wp-json\/wp\/v2\/users\/1"}],"replies":[{"embeddable":true,"href":"https:\/\/teatrodamaluca.pt\/index.php\/wp-json\/wp\/v2\/comments?post=814"}],"version-history":[{"count":3,"href":"https:\/\/teatrodamaluca.pt\/index.php\/wp-json\/wp\/v2\/pages\/814\/revisions"}],"predecessor-version":[{"id":838,"href":"https:\/\/teatrodamaluca.pt\/index.php\/wp-json\/wp\/v2\/pages\/814\/revisions\/838"}],"wp:attachment":[{"href":"https:\/\/teatrodamaluca.pt\/index.php\/wp-json\/wp\/v2\/media?parent=814"}],"curies":[{"name":"wp","href":"https:\/\/api.w.org\/{rel}","templated":true}]}}