{"id":806,"date":"2025-01-03T18:44:13","date_gmt":"2025-01-03T18:44:13","guid":{"rendered":"https:\/\/teatrodamaluca.pt\/?page_id=806"},"modified":"2025-01-03T21:06:47","modified_gmt":"2025-01-03T21:06:47","slug":"team-building-na-maluca","status":"publish","type":"page","link":"https:\/\/teatrodamaluca.pt\/index.php\/team-building-na-maluca\/","title":{"rendered":"TEAM BUILDING NA MALUCA"},"content":{"rendered":"\n<h2 class=\"wp-block-heading has-text-align-center\">TEAM BUILDING em Din\u00e2micas de Grupo com base em Jogos Teatrais!<\/h2>\n\n\n\n<p><\/p>\n\n\n\n<p style=\"font-size:20px;line-height:1.6\">O Teatro da Maluca desenvolve a\u00e7\u00f5es de Team Buildig desenhadas de acordo com os objetivos de cada empresa e dos desafios a que se prop\u00f5em.<\/p>\n\n\n\n<p><\/p>\n\n\n\n<h1 class=\"wp-block-heading has-raft-accent-color has-text-color has-link-color wp-elements-0bb99141b5be3f5b355ed84abbd8e59a\" style=\"font-size:30px;line-height:1.6\">TEAM BUILDING NA MALUCA<\/h1>\n\n\n\n<div class=\"wp-block-media-text is-stacked-on-mobile\" style=\"grid-template-columns:26% auto\"><figure class=\"wp-block-media-text__media\"><img loading=\"lazy\" decoding=\"async\" width=\"768\" height=\"1024\" src=\"https:\/\/teatrodamaluca.pt\/wp-content\/uploads\/2024\/12\/Foto-Empresa-2-768x1024.png\" alt=\"Team building no Teatro da Maluca\" class=\"wp-image-733 size-full\" srcset=\"https:\/\/teatrodamaluca.pt\/wp-content\/uploads\/2024\/12\/Foto-Empresa-2-768x1024.png 768w, https:\/\/teatrodamaluca.pt\/wp-content\/uploads\/2024\/12\/Foto-Empresa-2-225x300.png 225w, https:\/\/teatrodamaluca.pt\/wp-content\/uploads\/2024\/12\/Foto-Empresa-2-1152x1536.png 1152w, https:\/\/teatrodamaluca.pt\/wp-content\/uploads\/2024\/12\/Foto-Empresa-2-1536x2048.png 1536w\" sizes=\"auto, (max-width: 768px) 100vw, 768px\" \/><\/figure><div class=\"wp-block-media-text__content\">\n<p style=\"font-size:19px;line-height:1.6\">O TEAM BUILDING tem vindo a aumentar nos \u00faltimos anos. <\/p>\n\n\n\n<p style=\"font-size:19px;line-height:1.6\">Cada vez mais as empresas recorrem ao Team Building para proporcionarem \u00e0s suas equipas um momento descontra\u00eddo, mas tamb\u00e9m um momento que os una, criando mem\u00f3rias em grupo.<\/p>\n<\/div><\/div>\n\n\n\n<p style=\"font-size:20px;line-height:1.6\"><\/p>\n\n\n\n<p style=\"font-size:20px;line-height:1.6\">No Teatro da Maluca cri\u00e1mos<strong> um projeto de Team Building desenhado para grupos que se queiram desafiar e estreitar la\u00e7os entre si<\/strong> onde <strong>realizamos v\u00e1rias din\u00e2micas de grupo, improvisa\u00e7\u00f5es e exerc\u00edcios de relaxamento.<\/strong><\/p>\n\n\n\n<p style=\"font-size:20px;line-height:1.6\"><\/p>\n\n\n\n<h3 class=\"wp-block-heading\" style=\"font-size:20px;line-height:1.6\">Porque \u00e9 que as din\u00e2micas de grupo s\u00e3o importantes?<\/h3>\n\n\n\n<p style=\"font-size:20px\">AUMENTAM A AUTOESTIMA<\/p>\n\n\n\n<p style=\"font-size:20px;line-height:1.6\">APROXIMAM OS PARES<\/p>\n\n\n\n<p style=\"font-size:20px;line-height:1.6\">AUMENTAM A CRIATIVIDADE<\/p>\n\n\n\n<p style=\"font-size:20px;line-height:1.6\">DESENVOLVEM A LINGUAGEM CORPORAL<\/p>\n\n\n\n<p style=\"font-size:20px;line-height:1.6\">PROMOVEM A PARTILHA<\/p>\n\n\n\n<p><\/p>\n\n\n\n<div class=\"wp-block-group is-layout-constrained wp-block-group-is-layout-constrained\">\n<p style=\"font-size:20px;line-height:1.6\">O Teatro possui ferramentas \u00fanicas para unir equipas, desafiando-as. Por ser uma \u00e1rea que trabalha a exposi\u00e7\u00e3o, o corpo, a voz, a entreajuda e a autoestima, acaba por ser um aliado no desenvolvimento de compet\u00eancias como:<\/p>\n\n\n\n<p style=\"font-size:20px;line-height:1.6\">. Criatividade <\/p>\n\n\n\n<p style=\"font-size:20px;line-height:1.6\">. Concentra\u00e7\u00e3o <\/p>\n\n\n\n<p style=\"font-size:20px;line-height:1.6\">. Escuta\/Di\u00e1logo <\/p>\n\n\n\n<p style=\"font-size:20px;line-height:1.6\">. Gest\u00e3o do Tempo<\/p>\n\n\n\n<p style=\"font-size:20px;line-height:1.6\">. Estrat\u00e9gias em grupo<\/p>\n<\/div>\n\n\n\n<div class=\"wp-block-group is-nowrap is-layout-flex wp-container-core-group-is-layout-6c531013 wp-block-group-is-layout-flex\"><\/div>\n\n\n\n<p style=\"font-size:20px;line-height:1.6\"><\/p>\n\n\n\n<p style=\"line-height:1.6\"><strong>ATIVIDADE: Team Building ou Forma\u00e7\u00f5es para Empresas<\/strong><\/p>\n\n\n\n<p style=\"line-height:1.6\"><strong>DURA\u00c7\u00c3O e VALOR a acordar com a Empresa!<\/strong><\/p>\n\n\n\n<div class=\"wp-block-group is-nowrap is-layout-flex wp-container-core-group-is-layout-6c531013 wp-block-group-is-layout-flex\"><\/div>\n\n\n\n<h3 class=\"wp-block-heading has-raft-accent-color has-text-color\" style=\"font-size:20px\">O que dizem do TEAM BUILDING do Teatro da Maluca&#8230;<\/h3>\n\n\n\n<blockquote class=\"wp-block-quote is-layout-flow wp-block-quote-is-layout-flow\">\n<p style=\"font-size:15px;line-height:1.6\"><em>&#8220;Ontem tivemos um momento mesmo especial no Teatro da Maluca, onde al\u00e9m de muitas risadas e descontra\u00e7\u00e3o, aproveitamos para fortalecer os nossos la\u00e7os, aprimorar nossa escuta como equipa e criar ainda mais confian\u00e7a entre n\u00f3s. Obrigada, <a href=\"https:\/\/www.linkedin.com\/in\/ACoAAAVA9UUBaFmEuLDZW2ItT4UkExRTt03XRbE\"><\/a><a href=\"https:\/\/www.linkedin.com\/in\/maria-jo%C3%A3o-miguel-94562825\/\">Maria Jo\u00e3o Miguel<\/a> por nos guiar t\u00e3o generosamente!<br><br>Foi um dia e tanto, que refor\u00e7ou como a colabora\u00e7\u00e3o e o respeito m\u00fatuo s\u00e3o os alicerces para o nosso crescimento.&#8221; <\/em><\/p>\n\n\n\n<p style=\"font-size:12px;line-height:1.6\">Adriana Zappal\u00e1 (<a href=\"https:\/\/www.linkedin.com\/company\/martechdigital\/\">Martech Digital &#8211; Marketing Digital e Comunica\u00e7\u00e3o B2B<\/a>) <\/p>\n\n\n\n<p style=\"font-size:12px;line-height:1.6\">29 de Setembro de 2024<\/p>\n<\/blockquote>\n","protected":false},"excerpt":{"rendered":"<p>TEAM BUILDING em Din\u00e2micas de Grupo com base em Jogos Teatrais! O Teatro da Maluca desenvolve a\u00e7\u00f5es de Team Buildig desenhadas de acordo com os objetivos de cada empresa e dos desafios a que se prop\u00f5em. TEAM BUILDING NA MALUCA O TEAM BUILDING tem vindo a aumentar nos \u00faltimos anos. Cada vez mais as empresas [&hellip;]<\/p>\n","protected":false},"author":1,"featured_media":0,"parent":0,"menu_order":0,"comment_status":"closed","ping_status":"closed","template":"","meta":{"_themeisle_gutenberg_block_has_review":false,"footnotes":""},"class_list":["post-806","page","type-page","status-publish","hentry"],"yoast_head":"<!-- This site is optimized with the Yoast SEO plugin v25.1 - https:\/\/yoast.com\/wordpress\/plugins\/seo\/ -->\n<title>TEAM BUILDING NA MALUCA - Teatro da Maluca<\/title>\n<meta name=\"robots\" content=\"index, follow, max-snippet:-1, max-image-preview:large, max-video-preview:-1\" \/>\n<link rel=\"canonical\" href=\"https:\/\/teatrodamaluca.pt\/index.php\/team-building-na-maluca\/\" \/>\n<meta property=\"og:locale\" content=\"pt_PT\" \/>\n<meta property=\"og:type\" content=\"article\" \/>\n<meta property=\"og:title\" content=\"TEAM BUILDING NA MALUCA - Teatro da Maluca\" \/>\n<meta property=\"og:description\" content=\"TEAM BUILDING em Din\u00e2micas de Grupo com base em Jogos Teatrais! O Teatro da Maluca desenvolve a\u00e7\u00f5es de Team Buildig desenhadas de acordo com os objetivos de cada empresa e dos desafios a que se prop\u00f5em. TEAM BUILDING NA MALUCA O TEAM BUILDING tem vindo a aumentar nos \u00faltimos anos. Cada vez mais as empresas [&hellip;]\" \/>\n<meta property=\"og:url\" content=\"https:\/\/teatrodamaluca.pt\/index.php\/team-building-na-maluca\/\" \/>\n<meta property=\"og:site_name\" content=\"Teatro da Maluca\" \/>\n<meta property=\"article:publisher\" content=\"https:\/\/www.facebook.com\/TeatrodaMaluca\/\" \/>\n<meta property=\"article:modified_time\" content=\"2025-01-03T21:06:47+00:00\" \/>\n<meta property=\"og:image\" content=\"https:\/\/teatrodamaluca.pt\/wp-content\/uploads\/2024\/12\/Foto-Empresa-2-768x1024.png\" \/>\n\t<meta property=\"og:image:width\" content=\"768\" \/>\n\t<meta property=\"og:image:height\" content=\"1024\" \/>\n\t<meta property=\"og:image:type\" content=\"image\/png\" \/>\n<meta name=\"twitter:card\" content=\"summary_large_image\" \/>\n<meta name=\"twitter:label1\" content=\"Tempo estimado de leitura\" \/>\n\t<meta name=\"twitter:data1\" content=\"2 minutos\" \/>\n<script type=\"application\/ld+json\" class=\"yoast-schema-graph\">{\"@context\":\"https:\/\/schema.org\",\"@graph\":[{\"@type\":\"WebPage\",\"@id\":\"https:\/\/teatrodamaluca.pt\/index.php\/team-building-na-maluca\/\",\"url\":\"https:\/\/teatrodamaluca.pt\/index.php\/team-building-na-maluca\/\",\"name\":\"TEAM BUILDING NA MALUCA - Teatro da Maluca\",\"isPartOf\":{\"@id\":\"https:\/\/teatrodamaluca.pt\/#website\"},\"primaryImageOfPage\":{\"@id\":\"https:\/\/teatrodamaluca.pt\/index.php\/team-building-na-maluca\/#primaryimage\"},\"image\":{\"@id\":\"https:\/\/teatrodamaluca.pt\/index.php\/team-building-na-maluca\/#primaryimage\"},\"thumbnailUrl\":\"https:\/\/teatrodamaluca.pt\/wp-content\/uploads\/2024\/12\/Foto-Empresa-2-768x1024.png\",\"datePublished\":\"2025-01-03T18:44:13+00:00\",\"dateModified\":\"2025-01-03T21:06:47+00:00\",\"breadcrumb\":{\"@id\":\"https:\/\/teatrodamaluca.pt\/index.php\/team-building-na-maluca\/#breadcrumb\"},\"inLanguage\":\"pt-PT\",\"potentialAction\":[{\"@type\":\"ReadAction\",\"target\":[\"https:\/\/teatrodamaluca.pt\/index.php\/team-building-na-maluca\/\"]}]},{\"@type\":\"ImageObject\",\"inLanguage\":\"pt-PT\",\"@id\":\"https:\/\/teatrodamaluca.pt\/index.php\/team-building-na-maluca\/#primaryimage\",\"url\":\"https:\/\/teatrodamaluca.pt\/wp-content\/uploads\/2024\/12\/Foto-Empresa-2.png\",\"contentUrl\":\"https:\/\/teatrodamaluca.pt\/wp-content\/uploads\/2024\/12\/Foto-Empresa-2.png\",\"width\":3060,\"height\":4080,\"caption\":\"team building no teatro da maluca\"},{\"@type\":\"BreadcrumbList\",\"@id\":\"https:\/\/teatrodamaluca.pt\/index.php\/team-building-na-maluca\/#breadcrumb\",\"itemListElement\":[{\"@type\":\"ListItem\",\"position\":1,\"name\":\"In\u00edcio\",\"item\":\"https:\/\/teatrodamaluca.pt\/\"},{\"@type\":\"ListItem\",\"position\":2,\"name\":\"TEAM BUILDING NA MALUCA\"}]},{\"@type\":\"WebSite\",\"@id\":\"https:\/\/teatrodamaluca.pt\/#website\",\"url\":\"https:\/\/teatrodamaluca.pt\/\",\"name\":\"Teatro da Maluca\",\"description\":\"Oficinas de Teatro para todas as idades, sess\u00f5es de contos e espet\u00e1culos\",\"publisher\":{\"@id\":\"https:\/\/teatrodamaluca.pt\/#organization\"},\"potentialAction\":[{\"@type\":\"SearchAction\",\"target\":{\"@type\":\"EntryPoint\",\"urlTemplate\":\"https:\/\/teatrodamaluca.pt\/?s={search_term_string}\"},\"query-input\":{\"@type\":\"PropertyValueSpecification\",\"valueRequired\":true,\"valueName\":\"search_term_string\"}}],\"inLanguage\":\"pt-PT\"},{\"@type\":\"Organization\",\"@id\":\"https:\/\/teatrodamaluca.pt\/#organization\",\"name\":\"Teatro da Maluca\",\"url\":\"https:\/\/teatrodamaluca.pt\/\",\"logo\":{\"@type\":\"ImageObject\",\"inLanguage\":\"pt-PT\",\"@id\":\"https:\/\/teatrodamaluca.pt\/#\/schema\/logo\/image\/\",\"url\":\"https:\/\/teatrodamaluca.pt\/wp-content\/uploads\/2024\/06\/z1717082033-1.png\",\"contentUrl\":\"https:\/\/teatrodamaluca.pt\/wp-content\/uploads\/2024\/06\/z1717082033-1.png\",\"width\":512,\"height\":512,\"caption\":\"Teatro da Maluca\"},\"image\":{\"@id\":\"https:\/\/teatrodamaluca.pt\/#\/schema\/logo\/image\/\"},\"sameAs\":[\"https:\/\/www.facebook.com\/TeatrodaMaluca\/\"]}]}<\/script>\n<!-- \/ Yoast SEO plugin. -->","yoast_head_json":{"title":"TEAM BUILDING NA MALUCA - Teatro da Maluca","robots":{"index":"index","follow":"follow","max-snippet":"max-snippet:-1","max-image-preview":"max-image-preview:large","max-video-preview":"max-video-preview:-1"},"canonical":"https:\/\/teatrodamaluca.pt\/index.php\/team-building-na-maluca\/","og_locale":"pt_PT","og_type":"article","og_title":"TEAM BUILDING NA MALUCA - Teatro da Maluca","og_description":"TEAM BUILDING em Din\u00e2micas de Grupo com base em Jogos Teatrais! O Teatro da Maluca desenvolve a\u00e7\u00f5es de Team Buildig desenhadas de acordo com os objetivos de cada empresa e dos desafios a que se prop\u00f5em. TEAM BUILDING NA MALUCA O TEAM BUILDING tem vindo a aumentar nos \u00faltimos anos. Cada vez mais as empresas [&hellip;]","og_url":"https:\/\/teatrodamaluca.pt\/index.php\/team-building-na-maluca\/","og_site_name":"Teatro da Maluca","article_publisher":"https:\/\/www.facebook.com\/TeatrodaMaluca\/","article_modified_time":"2025-01-03T21:06:47+00:00","og_image":[{"width":768,"height":1024,"url":"https:\/\/teatrodamaluca.pt\/wp-content\/uploads\/2024\/12\/Foto-Empresa-2-768x1024.png","type":"image\/png"}],"twitter_card":"summary_large_image","twitter_misc":{"Tempo estimado de leitura":"2 minutos"},"schema":{"@context":"https:\/\/schema.org","@graph":[{"@type":"WebPage","@id":"https:\/\/teatrodamaluca.pt\/index.php\/team-building-na-maluca\/","url":"https:\/\/teatrodamaluca.pt\/index.php\/team-building-na-maluca\/","name":"TEAM BUILDING NA MALUCA - Teatro da Maluca","isPartOf":{"@id":"https:\/\/teatrodamaluca.pt\/#website"},"primaryImageOfPage":{"@id":"https:\/\/teatrodamaluca.pt\/index.php\/team-building-na-maluca\/#primaryimage"},"image":{"@id":"https:\/\/teatrodamaluca.pt\/index.php\/team-building-na-maluca\/#primaryimage"},"thumbnailUrl":"https:\/\/teatrodamaluca.pt\/wp-content\/uploads\/2024\/12\/Foto-Empresa-2-768x1024.png","datePublished":"2025-01-03T18:44:13+00:00","dateModified":"2025-01-03T21:06:47+00:00","breadcrumb":{"@id":"https:\/\/teatrodamaluca.pt\/index.php\/team-building-na-maluca\/#breadcrumb"},"inLanguage":"pt-PT","potentialAction":[{"@type":"ReadAction","target":["https:\/\/teatrodamaluca.pt\/index.php\/team-building-na-maluca\/"]}]},{"@type":"ImageObject","inLanguage":"pt-PT","@id":"https:\/\/teatrodamaluca.pt\/index.php\/team-building-na-maluca\/#primaryimage","url":"https:\/\/teatrodamaluca.pt\/wp-content\/uploads\/2024\/12\/Foto-Empresa-2.png","contentUrl":"https:\/\/teatrodamaluca.pt\/wp-content\/uploads\/2024\/12\/Foto-Empresa-2.png","width":3060,"height":4080,"caption":"team building no teatro da maluca"},{"@type":"BreadcrumbList","@id":"https:\/\/teatrodamaluca.pt\/index.php\/team-building-na-maluca\/#breadcrumb","itemListElement":[{"@type":"ListItem","position":1,"name":"In\u00edcio","item":"https:\/\/teatrodamaluca.pt\/"},{"@type":"ListItem","position":2,"name":"TEAM BUILDING NA MALUCA"}]},{"@type":"WebSite","@id":"https:\/\/teatrodamaluca.pt\/#website","url":"https:\/\/teatrodamaluca.pt\/","name":"Teatro da Maluca","description":"Oficinas de Teatro para todas as idades, sess\u00f5es de contos e espet\u00e1culos","publisher":{"@id":"https:\/\/teatrodamaluca.pt\/#organization"},"potentialAction":[{"@type":"SearchAction","target":{"@type":"EntryPoint","urlTemplate":"https:\/\/teatrodamaluca.pt\/?s={search_term_string}"},"query-input":{"@type":"PropertyValueSpecification","valueRequired":true,"valueName":"search_term_string"}}],"inLanguage":"pt-PT"},{"@type":"Organization","@id":"https:\/\/teatrodamaluca.pt\/#organization","name":"Teatro da Maluca","url":"https:\/\/teatrodamaluca.pt\/","logo":{"@type":"ImageObject","inLanguage":"pt-PT","@id":"https:\/\/teatrodamaluca.pt\/#\/schema\/logo\/image\/","url":"https:\/\/teatrodamaluca.pt\/wp-content\/uploads\/2024\/06\/z1717082033-1.png","contentUrl":"https:\/\/teatrodamaluca.pt\/wp-content\/uploads\/2024\/06\/z1717082033-1.png","width":512,"height":512,"caption":"Teatro da Maluca"},"image":{"@id":"https:\/\/teatrodamaluca.pt\/#\/schema\/logo\/image\/"},"sameAs":["https:\/\/www.facebook.com\/TeatrodaMaluca\/"]}]}},"_links":{"self":[{"href":"https:\/\/teatrodamaluca.pt\/index.php\/wp-json\/wp\/v2\/pages\/806","targetHints":{"allow":["GET"]}}],"collection":[{"href":"https:\/\/teatrodamaluca.pt\/index.php\/wp-json\/wp\/v2\/pages"}],"about":[{"href":"https:\/\/teatrodamaluca.pt\/index.php\/wp-json\/wp\/v2\/types\/page"}],"author":[{"embeddable":true,"href":"https:\/\/teatrodamaluca.pt\/index.php\/wp-json\/wp\/v2\/users\/1"}],"replies":[{"embeddable":true,"href":"https:\/\/teatrodamaluca.pt\/index.php\/wp-json\/wp\/v2\/comments?post=806"}],"version-history":[{"count":4,"href":"https:\/\/teatrodamaluca.pt\/index.php\/wp-json\/wp\/v2\/pages\/806\/revisions"}],"predecessor-version":[{"id":835,"href":"https:\/\/teatrodamaluca.pt\/index.php\/wp-json\/wp\/v2\/pages\/806\/revisions\/835"}],"wp:attachment":[{"href":"https:\/\/teatrodamaluca.pt\/index.php\/wp-json\/wp\/v2\/media?parent=806"}],"curies":[{"name":"wp","href":"https:\/\/api.w.org\/{rel}","templated":true}]}}