{"id":71,"date":"2024-06-05T01:10:49","date_gmt":"2024-06-05T01:10:49","guid":{"rendered":"https:\/\/teatrodamaluca.pt\/?page_id=71"},"modified":"2025-11-26T11:37:36","modified_gmt":"2025-11-26T11:37:36","slug":"espetaculos-na-maluca","status":"publish","type":"page","link":"https:\/\/teatrodamaluca.pt\/index.php\/espetaculos-na-maluca\/","title":{"rendered":"ESPET\u00c1CULOS na Maluca"},"content":{"rendered":"\n<h1 class=\"wp-block-heading has-text-align-center has-raft-accent-color has-text-color has-link-color has-ramon-font-family wp-elements-74ac7b21d4c38306859dcfc71041d1a9\">ESPET\u00c1CULOS na MALUCA<\/h1>\n\n\n\n<p style=\"line-height:1.6\">O Teatro da Maluca \u00e9 um espa\u00e7o de cria\u00e7\u00e3o art\u00edstica.<\/p>\n\n\n\n<p style=\"line-height:1.6\"><strong>PR\u00d3XIMA ESTREIA<\/strong>:<\/p>\n\n\n\n<p><\/p>\n\n\n\n<div class=\"wp-block-media-text is-stacked-on-mobile\" style=\"grid-template-columns:34% auto\"><figure class=\"wp-block-media-text__media\"><img loading=\"lazy\" decoding=\"async\" width=\"810\" height=\"1024\" src=\"https:\/\/teatrodamaluca.pt\/wp-content\/uploads\/2025\/11\/Cartaz_Maria-Maluca_sem_datas-810x1024.jpg\" alt=\"\" class=\"wp-image-1568 size-full\" srcset=\"https:\/\/teatrodamaluca.pt\/wp-content\/uploads\/2025\/11\/Cartaz_Maria-Maluca_sem_datas-810x1024.jpg 810w, https:\/\/teatrodamaluca.pt\/wp-content\/uploads\/2025\/11\/Cartaz_Maria-Maluca_sem_datas-237x300.jpg 237w, https:\/\/teatrodamaluca.pt\/wp-content\/uploads\/2025\/11\/Cartaz_Maria-Maluca_sem_datas-768x971.jpg 768w, https:\/\/teatrodamaluca.pt\/wp-content\/uploads\/2025\/11\/Cartaz_Maria-Maluca_sem_datas-1214x1536.jpg 1214w, https:\/\/teatrodamaluca.pt\/wp-content\/uploads\/2025\/11\/Cartaz_Maria-Maluca_sem_datas-1619x2048.jpg 1619w, https:\/\/teatrodamaluca.pt\/wp-content\/uploads\/2025\/11\/Cartaz_Maria-Maluca_sem_datas-scaled.jpg 2024w\" sizes=\"auto, (max-width: 810px) 100vw, 810px\" \/><\/figure><div class=\"wp-block-media-text__content\">\n<p class=\"has-raft-accent-color has-text-color has-link-color has-ramon-font-family wp-elements-bd16bafa25cd25ebe470e02f3a915da1\" style=\"font-size:25px;line-height:1.56\"><strong><a href=\"https:\/\/teatrodamaluca.pt\/index.php\/maria-maluca-espetaculo-de-teatro\/\">MARIA MALUCA<\/a><\/strong><\/p>\n\n\n\n<p class=\"has-raft-fg-color has-text-color has-link-color wp-elements-356597ac4bb4cbb841b2248870036ca4\" style=\"line-height:1.6\">Este espet\u00e1culo resulta da investiga\u00e7\u00e3o sobre a vida da mulher a quem chamavam &#8220;Maluca&#8221; e que veio a dar, popularmente, o nome de \u201cCampo da Maluca\u201d ao atual Largo Marcos Rom\u00e3o dos Reis J\u00fanior e, consequentemente, o nome ao nosso Teatro.<\/p>\n\n\n\n<p>Estreia 6 de Dezembro de 2025<\/p>\n\n\n\n<p>Teatro da Maluca<\/p>\n<\/div><\/div>\n\n\n\n<p><strong>ESPET\u00c1CULOS PRODUZIDOS:<\/strong><\/p>\n\n\n\n<div class=\"wp-block-group is-nowrap is-layout-flex wp-container-core-group-is-layout-6c531013 wp-block-group-is-layout-flex\"><\/div>\n\n\n\n<p class=\"has-raft-accent-color has-text-color has-link-color has-ramon-font-family wp-elements-53ebc6a46dcc874dd07fa88838f77fe8\" style=\"font-size:25px\"><strong>O VOO DAS PALAVRAS<\/strong><\/p>\n\n\n\n<div class=\"wp-block-group is-layout-constrained wp-container-core-group-is-layout-19e250f3 wp-block-group-is-layout-constrained\">\n<p style=\"line-height:1.6\">Espet\u00e1culo de contos tradicionais para crian\u00e7as pequenas e sonhadores amadurecidos! <\/p>\n\n\n\n<p style=\"font-size:12px;line-height:1.6\">(de e com Maria Jo\u00e3o Miguel, digress\u00e3o pelas escolas, bibliotecas e teatros)<strong>  <\/strong><\/p>\n\n\n\n<p class=\"has-text-color has-link-color wp-elements-f83874f5b6e271314230bf2531071857\" style=\"color:#ff6a00b8;font-size:12px;line-height:1.6\"><strong><a href=\"https:\/\/teatrodamaluca.pt\/index.php\/sessoes-de-contos-na-maluca\/\" data-type=\"page\" data-id=\"78\">Informa\u00e7\u00e3o <em>Contos<\/em><\/a><\/strong><\/p>\n<\/div>\n\n\n\n<div id=\"wp-block-themeisle-blocks-slider-5863a229\" class=\"wp-block-themeisle-blocks-slider glide\" data-per-view=\"1\" data-gap=\"0\" data-peek=\"0\" data-autoplay=\"true\" data-height=\"400px\" data-hide-arrows=\"false\"><div class=\"glide__track\" data-glide-el=\"track\"><div class=\"glide__slides\"><div class=\"wp-block-themeisle-blocks-slider-item-wrapper glide__slide\" tabindex=\"0\"><figure><img decoding=\"async\" class=\"wp-block-themeisle-blocks-slider-item\" src=\"https:\/\/teatrodamaluca.pt\/wp-content\/uploads\/2024\/12\/Contos-Santiago-do-Cacem1-1.jpg\" alt=\"\" title=\"\" data-id=\"669\"\/><figcaption>O VOO DAS PALAVRAS<\/figcaption><\/figure><\/div><div class=\"wp-block-themeisle-blocks-slider-item-wrapper glide__slide\" tabindex=\"0\"><figure><img decoding=\"async\" class=\"wp-block-themeisle-blocks-slider-item\" src=\"https:\/\/teatrodamaluca.pt\/wp-content\/uploads\/2024\/12\/IMG_1261-Aprimorado-NR-1-scaled.jpg\" alt=\"\" title=\"\" data-id=\"663\"\/><figcaption>O VOO DAS PALAVRAS<\/figcaption><\/figure><\/div><div class=\"wp-block-themeisle-blocks-slider-item-wrapper glide__slide\" tabindex=\"0\"><figure><img decoding=\"async\" class=\"wp-block-themeisle-blocks-slider-item\" src=\"https:\/\/teatrodamaluca.pt\/wp-content\/uploads\/2025\/07\/FB_IMG_1712698249091.jpg\" alt=\"\" title=\"\" data-id=\"1486\"\/><\/figure><\/div><\/div><div class=\"glide__bullets\" data-glide-el=\"controls[nav]\"><button class=\"glide__bullet\" data-glide-dir=\"=0\"><\/button><button class=\"glide__bullet\" data-glide-dir=\"=1\"><\/button><button class=\"glide__bullet\" data-glide-dir=\"=2\"><\/button><\/div><\/div><\/div>\n\n\n\n<div class=\"wp-block-group is-nowrap is-layout-flex wp-container-core-group-is-layout-6c531013 wp-block-group-is-layout-flex\"><\/div>\n\n\n\n<div class=\"wp-block-group is-layout-constrained wp-container-core-group-is-layout-e0082cf6 wp-block-group-is-layout-constrained\">\n<p class=\"has-raft-accent-color has-text-color has-link-color has-ramon-font-family wp-elements-25e3af7b630a418ade2ff30c41593b24\" style=\"font-size:25px;line-height:1.6\"><strong>PELAS HIST\u00d3RIAS DO MUNDO <\/strong><\/p>\n\n\n\n<p style=\"line-height:1.6\">Espet\u00e1culo de contos tradicionais do mundo para curiosos de todas as idades! <\/p>\n\n\n\n<p style=\"line-height:1.6\">(de e com Maria Jo\u00e3o Miguel, digress\u00e3o pelas escolas, bibliotecas e teatros)<\/p>\n\n\n\n<p class=\"has-text-color has-link-color wp-elements-28caf48d0fe1fe1a46b8f4d10876c80c\" style=\"color:#ff6a00b8;font-size:12px;line-height:1.6\"><strong><a href=\"https:\/\/teatrodamaluca.pt\/index.php\/sessoes-de-contos-na-maluca\/\" data-type=\"page\" data-id=\"78\">Informa\u00e7\u00e3o <em>Contos<\/em><\/a><\/strong><\/p>\n<\/div>\n\n\n\n<div id=\"wp-block-themeisle-blocks-slider-15d59c5a\" class=\"wp-block-themeisle-blocks-slider glide\" data-per-view=\"1\" data-gap=\"0\" data-peek=\"0\" data-autoplay=\"true\" data-height=\"400px\" data-hide-arrows=\"false\"><div class=\"glide__track\" data-glide-el=\"track\"><div class=\"glide__slides\"><div class=\"wp-block-themeisle-blocks-slider-item-wrapper glide__slide\" tabindex=\"0\"><figure><img decoding=\"async\" class=\"wp-block-themeisle-blocks-slider-item\" src=\"https:\/\/teatrodamaluca.pt\/wp-content\/uploads\/2025\/07\/IMG_0075-Aprimorado-NR-scaled.jpg\" alt=\"Pelas Hist\u00f3rias do Mundo\" title=\"Pelas Hist\u00f3rias do Mundo\" data-id=\"1483\"\/><figcaption>PELAS HIST\u00d3RIAS DO MUNDO<\/figcaption><\/figure><\/div><div class=\"wp-block-themeisle-blocks-slider-item-wrapper glide__slide\" tabindex=\"0\"><figure><img decoding=\"async\" class=\"wp-block-themeisle-blocks-slider-item\" src=\"https:\/\/teatrodamaluca.pt\/wp-content\/uploads\/2025\/07\/IMG_0052-Aprimorado-NR-scaled.jpg\" alt=\"\" title=\"\" data-id=\"1482\"\/><figcaption>PELAS HIST\u00d3RIAS DO MUNDO<\/figcaption><\/figure><\/div><div class=\"wp-block-themeisle-blocks-slider-item-wrapper glide__slide\" tabindex=\"0\"><figure><img decoding=\"async\" class=\"wp-block-themeisle-blocks-slider-item\" src=\"https:\/\/teatrodamaluca.pt\/wp-content\/uploads\/2025\/07\/IMG_0105-Aprimorado-NR.jpg\" alt=\"\" title=\"\" data-id=\"1484\"\/><figcaption>PELAS HIST\u00d3RIAS DO MUNDO<\/figcaption><\/figure><\/div><\/div><div class=\"glide__bullets\" data-glide-el=\"controls[nav]\"><button class=\"glide__bullet\" data-glide-dir=\"=0\"><\/button><button class=\"glide__bullet\" data-glide-dir=\"=1\"><\/button><button class=\"glide__bullet\" data-glide-dir=\"=2\"><\/button><\/div><\/div><\/div>\n\n\n\n<div class=\"wp-block-group is-nowrap is-layout-flex wp-container-core-group-is-layout-6c531013 wp-block-group-is-layout-flex\"><\/div>\n\n\n\n<div class=\"wp-block-group is-layout-constrained wp-container-core-group-is-layout-e0082cf6 wp-block-group-is-layout-constrained\">\n<div class=\"wp-block-group is-layout-constrained wp-container-core-group-is-layout-e0082cf6 wp-block-group-is-layout-constrained\">\n<p class=\"has-raft-accent-color has-text-color has-link-color has-ramon-font-family wp-elements-457f225f544afb8e6a1134540e593de8\" style=\"font-size:25px;line-height:1.6\"><strong>OS SEGREDOS QUE LOURES ESCONDE<\/strong><\/p>\n\n\n\n<p style=\"line-height:1.6\">Espet\u00e1culo de contos tradicionais da cidade de Loures <\/p>\n\n\n\n<p style=\"line-height:1.6\">(de e com Maria Jo\u00e3o Miguel, digress\u00e3o pelas escolas e bibliotecas)<\/p>\n\n\n\n<p class=\"has-text-color has-link-color wp-elements-b4fd0a0e275569ba52b17aa3e702aca0\" style=\"color:#ff6a00ba;font-size:12px;line-height:1.6\"><strong><a href=\"https:\/\/teatrodamaluca.pt\/index.php\/sessoes-de-contos-na-maluca\/\" data-type=\"page\" data-id=\"78\">Informa\u00e7\u00e3o <em>Sess\u00e3o de Contos<\/em><\/a><\/strong><\/p>\n<\/div>\n<\/div>\n\n\n\n<figure class=\"wp-block-image aligncenter size-large is-resized\"><img loading=\"lazy\" decoding=\"async\" width=\"1024\" height=\"768\" src=\"https:\/\/teatrodamaluca.pt\/wp-content\/uploads\/2025\/07\/WhatsApp-Image-2025-07-20-at-16.42.10-2-1024x768.jpeg\" alt=\"\" class=\"wp-image-1500\" style=\"width:577px;height:auto\" srcset=\"https:\/\/teatrodamaluca.pt\/wp-content\/uploads\/2025\/07\/WhatsApp-Image-2025-07-20-at-16.42.10-2-1024x768.jpeg 1024w, https:\/\/teatrodamaluca.pt\/wp-content\/uploads\/2025\/07\/WhatsApp-Image-2025-07-20-at-16.42.10-2-300x225.jpeg 300w, https:\/\/teatrodamaluca.pt\/wp-content\/uploads\/2025\/07\/WhatsApp-Image-2025-07-20-at-16.42.10-2-768x576.jpeg 768w, https:\/\/teatrodamaluca.pt\/wp-content\/uploads\/2025\/07\/WhatsApp-Image-2025-07-20-at-16.42.10-2-1536x1152.jpeg 1536w, https:\/\/teatrodamaluca.pt\/wp-content\/uploads\/2025\/07\/WhatsApp-Image-2025-07-20-at-16.42.10-2.jpeg 1600w\" sizes=\"auto, (max-width: 1024px) 100vw, 1024px\" \/><\/figure>\n\n\n\n<div class=\"wp-block-group is-nowrap is-layout-flex wp-container-core-group-is-layout-6c531013 wp-block-group-is-layout-flex\"><\/div>\n\n\n\n<div class=\"wp-block-group is-layout-constrained wp-container-core-group-is-layout-e0082cf6 wp-block-group-is-layout-constrained\" style=\"line-height:1.6\">\n<p class=\"has-raft-accent-color has-text-color has-link-color has-ramon-font-family wp-elements-46f584060055be3ce6ef1d245851de02\" style=\"font-size:25px;line-height:1.6\"><strong>COCHICHANDO<\/strong><\/p>\n\n\n\n<p style=\"line-height:1.6\">Espet\u00e1culo de contos tradicionais para pequenos sonhadores! <\/p>\n\n\n\n<p style=\"line-height:1.6\">(de e com Maria Jo\u00e3o Miguel, digress\u00e3o pelas escolas, bibliotecas e teatros)<\/p>\n\n\n\n<p class=\"has-text-color has-link-color wp-elements-eccfe4b554ad45e2af2d51f4cf9eddfe\" style=\"color:#ff6a00ba;font-size:12px;line-height:1.6\"><strong><a href=\"https:\/\/teatrodamaluca.pt\/index.php\/sessoes-de-contos-na-maluca\/\" data-type=\"page\" data-id=\"78\">Informa\u00e7\u00e3o S<em>ess\u00e3o de Contos<\/em><\/a><\/strong><\/p>\n<\/div>\n\n\n\n<figure class=\"wp-block-image aligncenter is-resized\"><img loading=\"lazy\" decoding=\"async\" width=\"1951\" height=\"1464\" src=\"https:\/\/teatrodamaluca.pt\/wp-content\/uploads\/2025\/07\/IMG_20241113_093737-edited-1.jpg\" alt=\"\" class=\"wp-image-1492\" style=\"width:592px;height:auto\" srcset=\"https:\/\/teatrodamaluca.pt\/wp-content\/uploads\/2025\/07\/IMG_20241113_093737-edited-1.jpg 1951w, https:\/\/teatrodamaluca.pt\/wp-content\/uploads\/2025\/07\/IMG_20241113_093737-edited-1-300x225.jpg 300w, https:\/\/teatrodamaluca.pt\/wp-content\/uploads\/2025\/07\/IMG_20241113_093737-edited-1-1024x768.jpg 1024w, https:\/\/teatrodamaluca.pt\/wp-content\/uploads\/2025\/07\/IMG_20241113_093737-edited-1-768x576.jpg 768w, https:\/\/teatrodamaluca.pt\/wp-content\/uploads\/2025\/07\/IMG_20241113_093737-edited-1-1536x1153.jpg 1536w\" sizes=\"auto, (max-width: 1951px) 100vw, 1951px\" \/><\/figure>\n\n\n\n<div class=\"wp-block-group is-nowrap is-layout-flex wp-container-core-group-is-layout-6c531013 wp-block-group-is-layout-flex\"><\/div>\n\n\n\n<div class=\"wp-block-group is-layout-constrained wp-container-core-group-is-layout-e0082cf6 wp-block-group-is-layout-constrained\" style=\"line-height:1.6\">\n<p class=\"has-raft-accent-color has-text-color has-link-color has-ramon-font-family wp-elements-33cac0bb1795dc012381adb16ff8715e\" style=\"font-size:25px\"><strong>CONTAR-NOS<\/strong><\/p>\n\n\n\n<p style=\"line-height:1.6\">Espet\u00e1culo de contos para os mais velhos recordarem.<\/p>\n\n\n\n<p style=\"line-height:1.6\">(de e com Maria Jo\u00e3o Miguel, digress\u00e3o por Universidades S\u00e9nior, Centros de Dia e Bibliotecas)<\/p>\n\n\n\n<p class=\"has-text-color has-link-color wp-elements-b4fd0a0e275569ba52b17aa3e702aca0\" style=\"color:#ff6a00ba;font-size:12px;line-height:1.6\"><strong><a href=\"https:\/\/teatrodamaluca.pt\/index.php\/sessoes-de-contos-na-maluca\/\" data-type=\"page\" data-id=\"78\">Informa\u00e7\u00e3o <em>Sess\u00e3o de Contos<\/em><\/a><\/strong><\/p>\n<\/div>\n\n\n\n<figure class=\"wp-block-embed aligncenter is-type-video is-provider-youtube wp-block-embed-youtube wp-embed-aspect-16-9 wp-has-aspect-ratio\"><div class=\"wp-block-embed__wrapper\">\n<iframe loading=\"lazy\" title=\"CONTAR-NOS\" width=\"500\" height=\"281\" src=\"https:\/\/www.youtube.com\/embed\/EX41noC9BUk?feature=oembed\" frameborder=\"0\" allow=\"accelerometer; autoplay; clipboard-write; encrypted-media; gyroscope; picture-in-picture; web-share\" referrerpolicy=\"strict-origin-when-cross-origin\" allowfullscreen><\/iframe>\n<\/div><\/figure>\n","protected":false},"excerpt":{"rendered":"<p>ESPET\u00c1CULOS na MALUCA O Teatro da Maluca \u00e9 um espa\u00e7o de cria\u00e7\u00e3o art\u00edstica. PR\u00d3XIMA ESTREIA: MARIA MALUCA Este espet\u00e1culo resulta da investiga\u00e7\u00e3o sobre a vida da mulher a quem chamavam &#8220;Maluca&#8221; e que veio a dar, popularmente, o nome de \u201cCampo da Maluca\u201d ao atual Largo Marcos Rom\u00e3o dos Reis J\u00fanior e, consequentemente, o nome [&hellip;]<\/p>\n","protected":false},"author":1,"featured_media":0,"parent":0,"menu_order":0,"comment_status":"closed","ping_status":"closed","template":"","meta":{"_themeisle_gutenberg_block_has_review":false,"footnotes":""},"class_list":["post-71","page","type-page","status-publish","hentry"],"yoast_head":"<!-- This site is optimized with the Yoast SEO plugin v25.1 - https:\/\/yoast.com\/wordpress\/plugins\/seo\/ -->\n<title>ESPET\u00c1CULOS na Maluca - Teatro da Maluca<\/title>\n<meta name=\"description\" content=\"Temos em digress\u00e3o pelo pa\u00eds um espet\u00e1culo de Contos e Cantares Tradicionais, CONTAR-NOS e a produzir o primeiro espet\u00e1culo assinado.\" \/>\n<meta name=\"robots\" content=\"index, follow, max-snippet:-1, max-image-preview:large, max-video-preview:-1\" \/>\n<link rel=\"canonical\" href=\"https:\/\/teatrodamaluca.pt\/index.php\/espetaculos-na-maluca\/\" \/>\n<meta property=\"og:locale\" content=\"pt_PT\" \/>\n<meta property=\"og:type\" content=\"article\" \/>\n<meta property=\"og:title\" content=\"ESPET\u00c1CULOS na Maluca - Teatro da Maluca\" \/>\n<meta property=\"og:description\" content=\"Temos em digress\u00e3o pelo pa\u00eds um espet\u00e1culo de Contos e Cantares Tradicionais, CONTAR-NOS e a produzir o primeiro espet\u00e1culo assinado.\" \/>\n<meta property=\"og:url\" content=\"https:\/\/teatrodamaluca.pt\/index.php\/espetaculos-na-maluca\/\" \/>\n<meta property=\"og:site_name\" content=\"Teatro da Maluca\" \/>\n<meta property=\"article:publisher\" content=\"https:\/\/www.facebook.com\/TeatrodaMaluca\/\" \/>\n<meta property=\"article:modified_time\" content=\"2025-11-26T11:37:36+00:00\" \/>\n<meta property=\"og:image\" content=\"https:\/\/teatrodamaluca.pt\/wp-content\/uploads\/2025\/11\/Cartaz_Maria-Maluca_sem_datas-scaled.jpg\" \/>\n\t<meta property=\"og:image:width\" content=\"2024\" \/>\n\t<meta property=\"og:image:height\" content=\"2560\" \/>\n\t<meta property=\"og:image:type\" content=\"image\/jpeg\" \/>\n<meta name=\"twitter:card\" content=\"summary_large_image\" \/>\n<meta name=\"twitter:label1\" content=\"Tempo estimado de leitura\" \/>\n\t<meta name=\"twitter:data1\" content=\"4 minutos\" \/>\n<script type=\"application\/ld+json\" class=\"yoast-schema-graph\">{\"@context\":\"https:\/\/schema.org\",\"@graph\":[{\"@type\":\"WebPage\",\"@id\":\"https:\/\/teatrodamaluca.pt\/index.php\/espetaculos-na-maluca\/\",\"url\":\"https:\/\/teatrodamaluca.pt\/index.php\/espetaculos-na-maluca\/\",\"name\":\"ESPET\u00c1CULOS na Maluca - Teatro da Maluca\",\"isPartOf\":{\"@id\":\"https:\/\/teatrodamaluca.pt\/#website\"},\"primaryImageOfPage\":{\"@id\":\"https:\/\/teatrodamaluca.pt\/index.php\/espetaculos-na-maluca\/#primaryimage\"},\"image\":{\"@id\":\"https:\/\/teatrodamaluca.pt\/index.php\/espetaculos-na-maluca\/#primaryimage\"},\"thumbnailUrl\":\"https:\/\/teatrodamaluca.pt\/wp-content\/uploads\/2025\/11\/Cartaz_Maria-Maluca_sem_datas-810x1024.jpg\",\"datePublished\":\"2024-06-05T01:10:49+00:00\",\"dateModified\":\"2025-11-26T11:37:36+00:00\",\"description\":\"Temos em digress\u00e3o pelo pa\u00eds um espet\u00e1culo de Contos e Cantares Tradicionais, CONTAR-NOS e a produzir o primeiro espet\u00e1culo assinado.\",\"breadcrumb\":{\"@id\":\"https:\/\/teatrodamaluca.pt\/index.php\/espetaculos-na-maluca\/#breadcrumb\"},\"inLanguage\":\"pt-PT\",\"potentialAction\":[{\"@type\":\"ReadAction\",\"target\":[\"https:\/\/teatrodamaluca.pt\/index.php\/espetaculos-na-maluca\/\"]}]},{\"@type\":\"ImageObject\",\"inLanguage\":\"pt-PT\",\"@id\":\"https:\/\/teatrodamaluca.pt\/index.php\/espetaculos-na-maluca\/#primaryimage\",\"url\":\"https:\/\/teatrodamaluca.pt\/wp-content\/uploads\/2025\/11\/Cartaz_Maria-Maluca_sem_datas-scaled.jpg\",\"contentUrl\":\"https:\/\/teatrodamaluca.pt\/wp-content\/uploads\/2025\/11\/Cartaz_Maria-Maluca_sem_datas-scaled.jpg\",\"width\":2024,\"height\":2560,\"caption\":\"Maria Maluca Teatro\"},{\"@type\":\"BreadcrumbList\",\"@id\":\"https:\/\/teatrodamaluca.pt\/index.php\/espetaculos-na-maluca\/#breadcrumb\",\"itemListElement\":[{\"@type\":\"ListItem\",\"position\":1,\"name\":\"In\u00edcio\",\"item\":\"https:\/\/teatrodamaluca.pt\/\"},{\"@type\":\"ListItem\",\"position\":2,\"name\":\"ESPET\u00c1CULOS na Maluca\"}]},{\"@type\":\"WebSite\",\"@id\":\"https:\/\/teatrodamaluca.pt\/#website\",\"url\":\"https:\/\/teatrodamaluca.pt\/\",\"name\":\"Teatro da Maluca\",\"description\":\"Oficinas de Teatro para todas as idades, sess\u00f5es de contos e espet\u00e1culos\",\"publisher\":{\"@id\":\"https:\/\/teatrodamaluca.pt\/#organization\"},\"potentialAction\":[{\"@type\":\"SearchAction\",\"target\":{\"@type\":\"EntryPoint\",\"urlTemplate\":\"https:\/\/teatrodamaluca.pt\/?s={search_term_string}\"},\"query-input\":{\"@type\":\"PropertyValueSpecification\",\"valueRequired\":true,\"valueName\":\"search_term_string\"}}],\"inLanguage\":\"pt-PT\"},{\"@type\":\"Organization\",\"@id\":\"https:\/\/teatrodamaluca.pt\/#organization\",\"name\":\"Teatro da Maluca\",\"url\":\"https:\/\/teatrodamaluca.pt\/\",\"logo\":{\"@type\":\"ImageObject\",\"inLanguage\":\"pt-PT\",\"@id\":\"https:\/\/teatrodamaluca.pt\/#\/schema\/logo\/image\/\",\"url\":\"https:\/\/teatrodamaluca.pt\/wp-content\/uploads\/2024\/06\/z1717082033-1.png\",\"contentUrl\":\"https:\/\/teatrodamaluca.pt\/wp-content\/uploads\/2024\/06\/z1717082033-1.png\",\"width\":512,\"height\":512,\"caption\":\"Teatro da Maluca\"},\"image\":{\"@id\":\"https:\/\/teatrodamaluca.pt\/#\/schema\/logo\/image\/\"},\"sameAs\":[\"https:\/\/www.facebook.com\/TeatrodaMaluca\/\"]}]}<\/script>\n<!-- \/ Yoast SEO plugin. -->","yoast_head_json":{"title":"ESPET\u00c1CULOS na Maluca - Teatro da Maluca","description":"Temos em digress\u00e3o pelo pa\u00eds um espet\u00e1culo de Contos e Cantares Tradicionais, CONTAR-NOS e a produzir o primeiro espet\u00e1culo assinado.","robots":{"index":"index","follow":"follow","max-snippet":"max-snippet:-1","max-image-preview":"max-image-preview:large","max-video-preview":"max-video-preview:-1"},"canonical":"https:\/\/teatrodamaluca.pt\/index.php\/espetaculos-na-maluca\/","og_locale":"pt_PT","og_type":"article","og_title":"ESPET\u00c1CULOS na Maluca - Teatro da Maluca","og_description":"Temos em digress\u00e3o pelo pa\u00eds um espet\u00e1culo de Contos e Cantares Tradicionais, CONTAR-NOS e a produzir o primeiro espet\u00e1culo assinado.","og_url":"https:\/\/teatrodamaluca.pt\/index.php\/espetaculos-na-maluca\/","og_site_name":"Teatro da Maluca","article_publisher":"https:\/\/www.facebook.com\/TeatrodaMaluca\/","article_modified_time":"2025-11-26T11:37:36+00:00","og_image":[{"width":2024,"height":2560,"url":"https:\/\/teatrodamaluca.pt\/wp-content\/uploads\/2025\/11\/Cartaz_Maria-Maluca_sem_datas-scaled.jpg","type":"image\/jpeg"}],"twitter_card":"summary_large_image","twitter_misc":{"Tempo estimado de leitura":"4 minutos"},"schema":{"@context":"https:\/\/schema.org","@graph":[{"@type":"WebPage","@id":"https:\/\/teatrodamaluca.pt\/index.php\/espetaculos-na-maluca\/","url":"https:\/\/teatrodamaluca.pt\/index.php\/espetaculos-na-maluca\/","name":"ESPET\u00c1CULOS na Maluca - Teatro da Maluca","isPartOf":{"@id":"https:\/\/teatrodamaluca.pt\/#website"},"primaryImageOfPage":{"@id":"https:\/\/teatrodamaluca.pt\/index.php\/espetaculos-na-maluca\/#primaryimage"},"image":{"@id":"https:\/\/teatrodamaluca.pt\/index.php\/espetaculos-na-maluca\/#primaryimage"},"thumbnailUrl":"https:\/\/teatrodamaluca.pt\/wp-content\/uploads\/2025\/11\/Cartaz_Maria-Maluca_sem_datas-810x1024.jpg","datePublished":"2024-06-05T01:10:49+00:00","dateModified":"2025-11-26T11:37:36+00:00","description":"Temos em digress\u00e3o pelo pa\u00eds um espet\u00e1culo de Contos e Cantares Tradicionais, CONTAR-NOS e a produzir o primeiro espet\u00e1culo assinado.","breadcrumb":{"@id":"https:\/\/teatrodamaluca.pt\/index.php\/espetaculos-na-maluca\/#breadcrumb"},"inLanguage":"pt-PT","potentialAction":[{"@type":"ReadAction","target":["https:\/\/teatrodamaluca.pt\/index.php\/espetaculos-na-maluca\/"]}]},{"@type":"ImageObject","inLanguage":"pt-PT","@id":"https:\/\/teatrodamaluca.pt\/index.php\/espetaculos-na-maluca\/#primaryimage","url":"https:\/\/teatrodamaluca.pt\/wp-content\/uploads\/2025\/11\/Cartaz_Maria-Maluca_sem_datas-scaled.jpg","contentUrl":"https:\/\/teatrodamaluca.pt\/wp-content\/uploads\/2025\/11\/Cartaz_Maria-Maluca_sem_datas-scaled.jpg","width":2024,"height":2560,"caption":"Maria Maluca Teatro"},{"@type":"BreadcrumbList","@id":"https:\/\/teatrodamaluca.pt\/index.php\/espetaculos-na-maluca\/#breadcrumb","itemListElement":[{"@type":"ListItem","position":1,"name":"In\u00edcio","item":"https:\/\/teatrodamaluca.pt\/"},{"@type":"ListItem","position":2,"name":"ESPET\u00c1CULOS na Maluca"}]},{"@type":"WebSite","@id":"https:\/\/teatrodamaluca.pt\/#website","url":"https:\/\/teatrodamaluca.pt\/","name":"Teatro da Maluca","description":"Oficinas de Teatro para todas as idades, sess\u00f5es de contos e espet\u00e1culos","publisher":{"@id":"https:\/\/teatrodamaluca.pt\/#organization"},"potentialAction":[{"@type":"SearchAction","target":{"@type":"EntryPoint","urlTemplate":"https:\/\/teatrodamaluca.pt\/?s={search_term_string}"},"query-input":{"@type":"PropertyValueSpecification","valueRequired":true,"valueName":"search_term_string"}}],"inLanguage":"pt-PT"},{"@type":"Organization","@id":"https:\/\/teatrodamaluca.pt\/#organization","name":"Teatro da Maluca","url":"https:\/\/teatrodamaluca.pt\/","logo":{"@type":"ImageObject","inLanguage":"pt-PT","@id":"https:\/\/teatrodamaluca.pt\/#\/schema\/logo\/image\/","url":"https:\/\/teatrodamaluca.pt\/wp-content\/uploads\/2024\/06\/z1717082033-1.png","contentUrl":"https:\/\/teatrodamaluca.pt\/wp-content\/uploads\/2024\/06\/z1717082033-1.png","width":512,"height":512,"caption":"Teatro da Maluca"},"image":{"@id":"https:\/\/teatrodamaluca.pt\/#\/schema\/logo\/image\/"},"sameAs":["https:\/\/www.facebook.com\/TeatrodaMaluca\/"]}]}},"_links":{"self":[{"href":"https:\/\/teatrodamaluca.pt\/index.php\/wp-json\/wp\/v2\/pages\/71","targetHints":{"allow":["GET"]}}],"collection":[{"href":"https:\/\/teatrodamaluca.pt\/index.php\/wp-json\/wp\/v2\/pages"}],"about":[{"href":"https:\/\/teatrodamaluca.pt\/index.php\/wp-json\/wp\/v2\/types\/page"}],"author":[{"embeddable":true,"href":"https:\/\/teatrodamaluca.pt\/index.php\/wp-json\/wp\/v2\/users\/1"}],"replies":[{"embeddable":true,"href":"https:\/\/teatrodamaluca.pt\/index.php\/wp-json\/wp\/v2\/comments?post=71"}],"version-history":[{"count":27,"href":"https:\/\/teatrodamaluca.pt\/index.php\/wp-json\/wp\/v2\/pages\/71\/revisions"}],"predecessor-version":[{"id":1571,"href":"https:\/\/teatrodamaluca.pt\/index.php\/wp-json\/wp\/v2\/pages\/71\/revisions\/1571"}],"wp:attachment":[{"href":"https:\/\/teatrodamaluca.pt\/index.php\/wp-json\/wp\/v2\/media?parent=71"}],"curies":[{"name":"wp","href":"https:\/\/api.w.org\/{rel}","templated":true}]}}