{"id":403,"date":"2024-12-27T15:39:08","date_gmt":"2024-12-27T15:39:08","guid":{"rendered":"https:\/\/teatrodamaluca.pt\/?page_id=403"},"modified":"2026-05-13T12:09:31","modified_gmt":"2026-05-13T12:09:31","slug":"formadores-da-maluca","status":"publish","type":"page","link":"https:\/\/teatrodamaluca.pt\/index.php\/formadores-da-maluca\/","title":{"rendered":"FORMADORAS DA MALUCA"},"content":{"rendered":"\n<div class=\"wp-block-group is-layout-constrained wp-block-group-is-layout-constrained\">\n<div class=\"wp-block-group is-nowrap is-layout-flex wp-container-core-group-is-layout-f66f9956 wp-block-group-is-layout-flex\">\n<div class=\"wp-block-group is-nowrap is-layout-flex wp-container-core-group-is-layout-6c531013 wp-block-group-is-layout-flex\">\n<div class=\"wp-block-group is-layout-constrained wp-block-group-is-layout-constrained\">\n<div class=\"wp-block-group is-nowrap is-layout-flex wp-container-core-group-is-layout-6c531013 wp-block-group-is-layout-flex\">\n<h1 class=\"wp-block-heading has-raft-accent-color has-text-color has-link-color has-ramon-font-family wp-elements-d2f48be69f388342d7c577b0942ce299\">FORMADORAS DA MALUCA<\/h1>\n<\/div>\n<\/div>\n<\/div>\n<\/div>\n<\/div>\n\n\n\n<p style=\"line-height:1.6\">O Teatro da Maluca tem uma equipa de formadores experientes nas \u00e1reas de Interpreta\u00e7\u00e3o, Cenografia, Figurinos e Canto. As nossas <a href=\"https:\/\/teatrodamaluca.pt\/index.php\/oficinas-e-formacoes-na-maluca\/\">forma\u00e7\u00f5es<\/a> s\u00e3o pensadas, desenhadas e adaptadas de modo a proporcionarmos momentos de descoberta e de supera\u00e7\u00e3o a quem nos procura!<\/p>\n\n\n\n<div class=\"wp-block-group is-layout-constrained wp-block-group-is-layout-constrained\">\n<div class=\"wp-block-media-text is-stacked-on-mobile is-vertically-aligned-top\" style=\"grid-template-columns:44% auto\"><figure class=\"wp-block-media-text__media\"><img loading=\"lazy\" decoding=\"async\" width=\"2060\" height=\"1373\" src=\"https:\/\/teatrodamaluca.pt\/wp-content\/uploads\/2024\/12\/IMG_9771-Aprimorado-NR-edited.jpg\" alt=\"Maria Jo\u00e3o Miguel co-fundadora e Formadora do Teatro da Maluca\" class=\"wp-image-405 size-full\" srcset=\"https:\/\/teatrodamaluca.pt\/wp-content\/uploads\/2024\/12\/IMG_9771-Aprimorado-NR-edited.jpg 2060w, https:\/\/teatrodamaluca.pt\/wp-content\/uploads\/2024\/12\/IMG_9771-Aprimorado-NR-edited-300x200.jpg 300w, https:\/\/teatrodamaluca.pt\/wp-content\/uploads\/2024\/12\/IMG_9771-Aprimorado-NR-edited-1024x683.jpg 1024w, https:\/\/teatrodamaluca.pt\/wp-content\/uploads\/2024\/12\/IMG_9771-Aprimorado-NR-edited-768x512.jpg 768w, https:\/\/teatrodamaluca.pt\/wp-content\/uploads\/2024\/12\/IMG_9771-Aprimorado-NR-edited-1536x1024.jpg 1536w, https:\/\/teatrodamaluca.pt\/wp-content\/uploads\/2024\/12\/IMG_9771-Aprimorado-NR-edited-2048x1365.jpg 2048w\" sizes=\"auto, (max-width: 2060px) 100vw, 2060px\" \/><\/figure><div class=\"wp-block-media-text__content\">\n<h2 class=\"wp-block-heading\" style=\"font-size:20px\"><strong>MARIA JO\u00c3O MIGUEL   <\/strong> <\/h2>\n\n\n\n<p style=\"line-height:1.6\">Formadora de Teatro em Interpreta\u00e7\u00e3o na Maluca.<\/p>\n\n\n\n<p style=\"line-height:1.6\">Cresci em Loures onde tive o meu primeiro contacto com o Teatro. Desde logo percebi que queria ser professora por acreditar que o Teatro tem as ferramentas certas para que cada um se desafie, se questione e se supere, alimentando o respeito por si e pelo outro. Tenho o Mestrado em Encena\u00e7\u00e3o pela Escola Superior e Teatro e Cinema. Sou atriz, encenadora, formadora, dobradora de desenhos animados e contadora de hist\u00f3rias. Sou m\u00e3e, filha e, acima de tudo, quero continuar ser sempre aquilo que sonho.<\/p>\n\n\n\n<p class=\"has-raft-accent-color has-text-color has-link-color wp-elements-a20caf35d1d5589c64ec74b2b5153718\" style=\"line-height:1.6\"><strong>Formadora de Teatro e Interpreta\u00e7\u00e3o<\/strong><\/p>\n<\/div><\/div>\n<\/div>\n\n\n\n<div class=\"wp-block-group is-nowrap is-layout-flex wp-container-core-group-is-layout-6c531013 wp-block-group-is-layout-flex\"><\/div>\n\n\n\n<div class=\"wp-block-media-text is-stacked-on-mobile is-vertically-aligned-top\" style=\"grid-template-columns:44% auto\"><figure class=\"wp-block-media-text__media\"><img loading=\"lazy\" decoding=\"async\" width=\"760\" height=\"1024\" src=\"https:\/\/teatrodamaluca.pt\/wp-content\/uploads\/2026\/05\/IMG_20250620_171006-760x1024.jpg\" alt=\"Ana Limpinho Cen\u00f3grafa e Figurinista\" class=\"wp-image-1653 size-full\" srcset=\"https:\/\/teatrodamaluca.pt\/wp-content\/uploads\/2026\/05\/IMG_20250620_171006-760x1024.jpg 760w, https:\/\/teatrodamaluca.pt\/wp-content\/uploads\/2026\/05\/IMG_20250620_171006-223x300.jpg 223w, https:\/\/teatrodamaluca.pt\/wp-content\/uploads\/2026\/05\/IMG_20250620_171006-768x1035.jpg 768w, https:\/\/teatrodamaluca.pt\/wp-content\/uploads\/2026\/05\/IMG_20250620_171006-1140x1536.jpg 1140w, https:\/\/teatrodamaluca.pt\/wp-content\/uploads\/2026\/05\/IMG_20250620_171006.jpg 1337w\" sizes=\"auto, (max-width: 760px) 100vw, 760px\" \/><\/figure><div class=\"wp-block-media-text__content\">\n<h2 class=\"wp-block-heading\" style=\"font-size:20px\"><strong>ANA LIMPINHO<\/strong> <\/h2>\n\n\n\n<p style=\"line-height:1.6\">Formadora de Teatro em Cenografia e Figurinos na Maluca.<\/p>\n\n\n\n<p style=\"line-height:1.6\">Cresci em Loures. Sou licenciada em Design de Cena pela Escola Superior de Teatro e Cinema, ano de 2008, e tenho o Bacharelato em Realiza\u00e7\u00e3o Pl\u00e1stica do Espect\u00e1culo pela mesma. Tenho desenvolvido trabalho como cen\u00f3grafa e figurinista desde 1999.<\/p>\n\n\n\n<p class=\"has-raft-accent-color has-text-color has-link-color wp-elements-09c98623c4059c2b5845786059067f30\" style=\"line-height:1.6\"><strong>Forma\u00e7\u00f5es de Constru\u00e7\u00e3o de Marionetas<\/strong><\/p>\n\n\n\n<p class=\"has-raft-accent-color has-text-color has-link-color wp-elements-451281930a3c3cc6ac185b596066a0d9\" style=\"line-height:1.6\"><strong>Forma\u00e7\u00f5es de Constru\u00e7\u00e3o de M\u00e1scaras<\/strong><\/p>\n<\/div><\/div>\n\n\n\n<div class=\"wp-block-group is-vertical is-layout-flex wp-container-core-group-is-layout-fe9cc265 wp-block-group-is-layout-flex\">\n<div class=\"wp-block-group is-layout-constrained wp-block-group-is-layout-constrained\">\n<div class=\"wp-block-group is-layout-constrained wp-block-group-is-layout-constrained\">\n<div class=\"wp-block-group is-vertical is-layout-flex wp-container-core-group-is-layout-fe9cc265 wp-block-group-is-layout-flex\">\n<div class=\"wp-block-group has-raft-accent-color has-text-color has-link-color wp-elements-db54ac5470f46cdc044f9619f6761c7d is-layout-constrained wp-block-group-is-layout-constrained\" style=\"padding-top:0px;padding-bottom:0px;font-size:15px;line-height:0.3\">\n<p style=\"font-size:12px;line-height:0.7\"><\/p>\n\n\n\n<p style=\"font-size:12px;line-height:0.2\"><\/p>\n<\/div>\n<\/div>\n<\/div>\n<\/div>\n<\/div>\n\n\n\n<div class=\"wp-block-group is-nowrap is-layout-flex wp-container-core-group-is-layout-6c531013 wp-block-group-is-layout-flex\"><\/div>\n\n\n\n<div class=\"wp-block-media-text is-stacked-on-mobile is-vertically-aligned-top\" style=\"grid-template-columns:39% auto\"><figure class=\"wp-block-media-text__media\"><img loading=\"lazy\" decoding=\"async\" width=\"858\" height=\"1024\" src=\"https:\/\/teatrodamaluca.pt\/wp-content\/uploads\/2024\/12\/08e27b5a-1b3e-4b30-9e75-ceeab9a36487-3-858x1024.jpg\" alt=\"Cheila Lima Formadora do Teatro da Maluca\" class=\"wp-image-598 size-full\" srcset=\"https:\/\/teatrodamaluca.pt\/wp-content\/uploads\/2024\/12\/08e27b5a-1b3e-4b30-9e75-ceeab9a36487-3-858x1024.jpg 858w, https:\/\/teatrodamaluca.pt\/wp-content\/uploads\/2024\/12\/08e27b5a-1b3e-4b30-9e75-ceeab9a36487-3-251x300.jpg 251w, https:\/\/teatrodamaluca.pt\/wp-content\/uploads\/2024\/12\/08e27b5a-1b3e-4b30-9e75-ceeab9a36487-3-768x916.jpg 768w, https:\/\/teatrodamaluca.pt\/wp-content\/uploads\/2024\/12\/08e27b5a-1b3e-4b30-9e75-ceeab9a36487-3.jpg 1021w\" sizes=\"auto, (max-width: 858px) 100vw, 858px\" \/><\/figure><div class=\"wp-block-media-text__content\">\n<h2 class=\"wp-block-heading\" style=\"font-size:20px\"><strong>CHEILA LIMA <\/strong> <\/h2>\n\n\n\n<p style=\"line-height:1.6\">Formadora de Teatro em Interpreta\u00e7\u00e3o e Canto na Maluca.<\/p>\n\n\n\n<p style=\"line-height:1.6\">Nasci em Oeiras, cresci sempre junto ao mar, acompanhada pela fam\u00edlia, pela m\u00fasica e pela dan\u00e7a.<br>Aos 13 disse aos meus pais que queria ser atriz, mas acho que n\u00e3o foi surpresa.<br>Aos 16 entrei para a Escola a Profissional de Teatro de Cascais, aos 19 fui estagiar para Manchester (UK) na Horse &amp; Bamboo Theatre e vivi uma aventura muito feliz.<br>Voltei e entrei para a Escola Superior de Teatro e Cinema.<br>Ainda na escola estreei-me no CENDREV e tenho tido a sorte de conhecer muitas pessoas e companhias que me enriquecem nesta viagem que espero que nunca termine.<br>Lembro at\u00e9 hoje a primeira professora de Teatro, onde percebi o meu lugar, onde me sentia bem e para onde queria ir. Este espa\u00e7o de conhecimento, liberdade e seguran\u00e7a sempre me fascinou na minha forma\u00e7\u00e3o e \u00e9 o que procuro estabelecer nos espa\u00e7os que crio.<\/p>\n\n\n\n<p class=\"has-raft-accent-color has-text-color has-link-color wp-elements-ad47fdb488fe05ef3deb814989aa87ca\" style=\"line-height:1.6\"><strong>Formadora de Voz para canto e Voz falada<\/strong><\/p>\n<\/div><\/div>\n\n\n\n<div class=\"wp-block-group is-layout-constrained wp-block-group-is-layout-constrained\">\n<div class=\"wp-block-group is-nowrap is-layout-flex wp-container-core-group-is-layout-6c531013 wp-block-group-is-layout-flex\">\n<div class=\"wp-block-media-text is-stacked-on-mobile is-vertically-aligned-top\" style=\"grid-template-columns:43% auto\"><figure class=\"wp-block-media-text__media\"><img loading=\"lazy\" decoding=\"async\" width=\"1024\" height=\"859\" src=\"https:\/\/teatrodamaluca.pt\/wp-content\/uploads\/2026\/05\/WhatsApp-Image-2026-05-09-at-14.40.23-1-1024x859.jpeg\" alt=\"\" class=\"wp-image-1652 size-full\" srcset=\"https:\/\/teatrodamaluca.pt\/wp-content\/uploads\/2026\/05\/WhatsApp-Image-2026-05-09-at-14.40.23-1-1024x859.jpeg 1024w, https:\/\/teatrodamaluca.pt\/wp-content\/uploads\/2026\/05\/WhatsApp-Image-2026-05-09-at-14.40.23-1-300x252.jpeg 300w, https:\/\/teatrodamaluca.pt\/wp-content\/uploads\/2026\/05\/WhatsApp-Image-2026-05-09-at-14.40.23-1-768x644.jpeg 768w, https:\/\/teatrodamaluca.pt\/wp-content\/uploads\/2026\/05\/WhatsApp-Image-2026-05-09-at-14.40.23-1.jpeg 1067w\" sizes=\"auto, (max-width: 1024px) 100vw, 1024px\" \/><\/figure><div class=\"wp-block-media-text__content\">\n<p style=\"font-size:20px;line-height:1.6\"><strong>MANUELA PEDROSO<\/strong><\/p>\n\n\n\n<p style=\"line-height:1.6\">\u200bCresci em Lisboa e foi num workshop de ver\u00e3o que encontrei no Teatro o meu caminho. Licenciei-me em Teatro (Forma\u00e7\u00e3o de Atores e Encena\u00e7\u00e3o) pela ESTC e comecei o meu percurso profissional em v\u00e1rias companhias.<br>\u200bCom o tempo, senti que o meu corpo precisava de novas formas de express\u00e3o. Fiz a forma\u00e7\u00e3o de Monitores de Dan\u00e7a para a Comunidade no F\u00f3rum Dan\u00e7a, onde descobri o prazer de trabalhar com grupos de todas as idades.<br>\u200bHoje, sou atriz e professora de Teatro, fundindo sempre a palavra e o movimento. Acredito que a arte \u00e9 o meio ideal para desenvolver a sensibilidade e a criatividade, permitindo uma rela\u00e7\u00e3o mais atenta e assertiva com o outro e com o mundo.<\/p>\n\n\n\n<p class=\"has-raft-accent-color has-text-color has-link-color wp-elements-a20caf35d1d5589c64ec74b2b5153718\" style=\"line-height:1.6\"><strong>Formadora de Teatro e Interpreta\u00e7\u00e3o<\/strong><\/p>\n<\/div><\/div>\n<\/div>\n<\/div>\n\n\n\n<p><\/p>\n","protected":false},"excerpt":{"rendered":"<p>FORMADORAS DA MALUCA O Teatro da Maluca tem uma equipa de formadores experientes nas \u00e1reas de Interpreta\u00e7\u00e3o, Cenografia, Figurinos e Canto. As nossas forma\u00e7\u00f5es s\u00e3o pensadas, desenhadas e adaptadas de modo a proporcionarmos momentos de descoberta e de supera\u00e7\u00e3o a quem nos procura! MARIA JO\u00c3O MIGUEL Formadora de Teatro em Interpreta\u00e7\u00e3o na Maluca. Cresci em [&hellip;]<\/p>\n","protected":false},"author":1,"featured_media":1307,"parent":0,"menu_order":0,"comment_status":"closed","ping_status":"closed","template":"","meta":{"_themeisle_gutenberg_block_has_review":false,"footnotes":""},"class_list":["post-403","page","type-page","status-publish","has-post-thumbnail","hentry"],"yoast_head":"<!-- This site is optimized with the Yoast SEO plugin v25.1 - https:\/\/yoast.com\/wordpress\/plugins\/seo\/ -->\n<title>FORMADORAS DA MALUCA - Teatro da Maluca<\/title>\n<meta name=\"description\" content=\"Formadores de Teatro do Teatro da Maluca, Maria Jo\u00e3o Miguel, Ana Limpinho, Cheila Lima, Manuela Pedroso. Oficinas de Teatro para Crian\u00e7as, Jovens e Adultos.\" \/>\n<meta name=\"robots\" content=\"index, follow, max-snippet:-1, max-image-preview:large, max-video-preview:-1\" \/>\n<link rel=\"canonical\" href=\"https:\/\/teatrodamaluca.pt\/index.php\/formadores-da-maluca\/\" \/>\n<meta property=\"og:locale\" content=\"pt_PT\" \/>\n<meta property=\"og:type\" content=\"article\" \/>\n<meta property=\"og:title\" content=\"Formadores Teatro da Maluca\" \/>\n<meta property=\"og:description\" content=\"O Teatro da Maluca tem uma equipa de formadores experientes nas \u00e1reas de Interpreta\u00e7\u00e3o, Cenografia, Figurinos e Canto.\" \/>\n<meta property=\"og:url\" content=\"https:\/\/teatrodamaluca.pt\/index.php\/formadores-da-maluca\/\" \/>\n<meta property=\"og:site_name\" content=\"Teatro da Maluca\" \/>\n<meta property=\"article:publisher\" content=\"https:\/\/www.facebook.com\/TeatrodaMaluca\/\" \/>\n<meta property=\"article:modified_time\" content=\"2026-05-13T12:09:31+00:00\" \/>\n<meta property=\"og:image\" content=\"https:\/\/teatrodamaluca.pt\/wp-content\/uploads\/2024\/06\/oficina-criancas-scaled.jpg\" \/>\n\t<meta property=\"og:image:width\" content=\"2560\" \/>\n\t<meta property=\"og:image:height\" content=\"1706\" \/>\n\t<meta property=\"og:image:type\" content=\"image\/jpeg\" \/>\n<meta name=\"twitter:card\" content=\"summary_large_image\" \/>\n<meta name=\"twitter:label1\" content=\"Tempo estimado de leitura\" \/>\n\t<meta name=\"twitter:data1\" content=\"4 minutos\" \/>\n<script type=\"application\/ld+json\" class=\"yoast-schema-graph\">{\"@context\":\"https:\/\/schema.org\",\"@graph\":[{\"@type\":\"WebPage\",\"@id\":\"https:\/\/teatrodamaluca.pt\/index.php\/formadores-da-maluca\/\",\"url\":\"https:\/\/teatrodamaluca.pt\/index.php\/formadores-da-maluca\/\",\"name\":\"FORMADORAS DA MALUCA - Teatro da Maluca\",\"isPartOf\":{\"@id\":\"https:\/\/teatrodamaluca.pt\/#website\"},\"primaryImageOfPage\":{\"@id\":\"https:\/\/teatrodamaluca.pt\/index.php\/formadores-da-maluca\/#primaryimage\"},\"image\":{\"@id\":\"https:\/\/teatrodamaluca.pt\/index.php\/formadores-da-maluca\/#primaryimage\"},\"thumbnailUrl\":\"https:\/\/teatrodamaluca.pt\/wp-content\/uploads\/2025\/03\/Design-sem-nome-1.jpg\",\"datePublished\":\"2024-12-27T15:39:08+00:00\",\"dateModified\":\"2026-05-13T12:09:31+00:00\",\"description\":\"Formadores de Teatro do Teatro da Maluca, Maria Jo\u00e3o Miguel, Ana Limpinho, Cheila Lima, Manuela Pedroso. Oficinas de Teatro para Crian\u00e7as, Jovens e Adultos.\",\"breadcrumb\":{\"@id\":\"https:\/\/teatrodamaluca.pt\/index.php\/formadores-da-maluca\/#breadcrumb\"},\"inLanguage\":\"pt-PT\",\"potentialAction\":[{\"@type\":\"ReadAction\",\"target\":[\"https:\/\/teatrodamaluca.pt\/index.php\/formadores-da-maluca\/\"]}]},{\"@type\":\"ImageObject\",\"inLanguage\":\"pt-PT\",\"@id\":\"https:\/\/teatrodamaluca.pt\/index.php\/formadores-da-maluca\/#primaryimage\",\"url\":\"https:\/\/teatrodamaluca.pt\/wp-content\/uploads\/2025\/03\/Design-sem-nome-1.jpg\",\"contentUrl\":\"https:\/\/teatrodamaluca.pt\/wp-content\/uploads\/2025\/03\/Design-sem-nome-1.jpg\",\"width\":1080,\"height\":686,\"caption\":\"Maria Jo\u00e3o Miguel, formadora de Teatro no Teatro da Maluca\"},{\"@type\":\"BreadcrumbList\",\"@id\":\"https:\/\/teatrodamaluca.pt\/index.php\/formadores-da-maluca\/#breadcrumb\",\"itemListElement\":[{\"@type\":\"ListItem\",\"position\":1,\"name\":\"In\u00edcio\",\"item\":\"https:\/\/teatrodamaluca.pt\/\"},{\"@type\":\"ListItem\",\"position\":2,\"name\":\"FORMADORAS DA MALUCA\"}]},{\"@type\":\"WebSite\",\"@id\":\"https:\/\/teatrodamaluca.pt\/#website\",\"url\":\"https:\/\/teatrodamaluca.pt\/\",\"name\":\"Teatro da Maluca\",\"description\":\"Oficinas de Teatro para todas as idades, sess\u00f5es de contos e espet\u00e1culos\",\"publisher\":{\"@id\":\"https:\/\/teatrodamaluca.pt\/#organization\"},\"potentialAction\":[{\"@type\":\"SearchAction\",\"target\":{\"@type\":\"EntryPoint\",\"urlTemplate\":\"https:\/\/teatrodamaluca.pt\/?s={search_term_string}\"},\"query-input\":{\"@type\":\"PropertyValueSpecification\",\"valueRequired\":true,\"valueName\":\"search_term_string\"}}],\"inLanguage\":\"pt-PT\"},{\"@type\":\"Organization\",\"@id\":\"https:\/\/teatrodamaluca.pt\/#organization\",\"name\":\"Teatro da Maluca\",\"url\":\"https:\/\/teatrodamaluca.pt\/\",\"logo\":{\"@type\":\"ImageObject\",\"inLanguage\":\"pt-PT\",\"@id\":\"https:\/\/teatrodamaluca.pt\/#\/schema\/logo\/image\/\",\"url\":\"https:\/\/teatrodamaluca.pt\/wp-content\/uploads\/2024\/06\/z1717082033-1.png\",\"contentUrl\":\"https:\/\/teatrodamaluca.pt\/wp-content\/uploads\/2024\/06\/z1717082033-1.png\",\"width\":512,\"height\":512,\"caption\":\"Teatro da Maluca\"},\"image\":{\"@id\":\"https:\/\/teatrodamaluca.pt\/#\/schema\/logo\/image\/\"},\"sameAs\":[\"https:\/\/www.facebook.com\/TeatrodaMaluca\/\"]}]}<\/script>\n<!-- \/ Yoast SEO plugin. -->","yoast_head_json":{"title":"FORMADORAS DA MALUCA - Teatro da Maluca","description":"Formadores de Teatro do Teatro da Maluca, Maria Jo\u00e3o Miguel, Ana Limpinho, Cheila Lima, Manuela Pedroso. Oficinas de Teatro para Crian\u00e7as, Jovens e Adultos.","robots":{"index":"index","follow":"follow","max-snippet":"max-snippet:-1","max-image-preview":"max-image-preview:large","max-video-preview":"max-video-preview:-1"},"canonical":"https:\/\/teatrodamaluca.pt\/index.php\/formadores-da-maluca\/","og_locale":"pt_PT","og_type":"article","og_title":"Formadores Teatro da Maluca","og_description":"O Teatro da Maluca tem uma equipa de formadores experientes nas \u00e1reas de Interpreta\u00e7\u00e3o, Cenografia, Figurinos e Canto.","og_url":"https:\/\/teatrodamaluca.pt\/index.php\/formadores-da-maluca\/","og_site_name":"Teatro da Maluca","article_publisher":"https:\/\/www.facebook.com\/TeatrodaMaluca\/","article_modified_time":"2026-05-13T12:09:31+00:00","og_image":[{"width":2560,"height":1706,"url":"https:\/\/teatrodamaluca.pt\/wp-content\/uploads\/2024\/06\/oficina-criancas-scaled.jpg","type":"image\/jpeg"}],"twitter_card":"summary_large_image","twitter_misc":{"Tempo estimado de leitura":"4 minutos"},"schema":{"@context":"https:\/\/schema.org","@graph":[{"@type":"WebPage","@id":"https:\/\/teatrodamaluca.pt\/index.php\/formadores-da-maluca\/","url":"https:\/\/teatrodamaluca.pt\/index.php\/formadores-da-maluca\/","name":"FORMADORAS DA MALUCA - Teatro da Maluca","isPartOf":{"@id":"https:\/\/teatrodamaluca.pt\/#website"},"primaryImageOfPage":{"@id":"https:\/\/teatrodamaluca.pt\/index.php\/formadores-da-maluca\/#primaryimage"},"image":{"@id":"https:\/\/teatrodamaluca.pt\/index.php\/formadores-da-maluca\/#primaryimage"},"thumbnailUrl":"https:\/\/teatrodamaluca.pt\/wp-content\/uploads\/2025\/03\/Design-sem-nome-1.jpg","datePublished":"2024-12-27T15:39:08+00:00","dateModified":"2026-05-13T12:09:31+00:00","description":"Formadores de Teatro do Teatro da Maluca, Maria Jo\u00e3o Miguel, Ana Limpinho, Cheila Lima, Manuela Pedroso. Oficinas de Teatro para Crian\u00e7as, Jovens e Adultos.","breadcrumb":{"@id":"https:\/\/teatrodamaluca.pt\/index.php\/formadores-da-maluca\/#breadcrumb"},"inLanguage":"pt-PT","potentialAction":[{"@type":"ReadAction","target":["https:\/\/teatrodamaluca.pt\/index.php\/formadores-da-maluca\/"]}]},{"@type":"ImageObject","inLanguage":"pt-PT","@id":"https:\/\/teatrodamaluca.pt\/index.php\/formadores-da-maluca\/#primaryimage","url":"https:\/\/teatrodamaluca.pt\/wp-content\/uploads\/2025\/03\/Design-sem-nome-1.jpg","contentUrl":"https:\/\/teatrodamaluca.pt\/wp-content\/uploads\/2025\/03\/Design-sem-nome-1.jpg","width":1080,"height":686,"caption":"Maria Jo\u00e3o Miguel, formadora de Teatro no Teatro da Maluca"},{"@type":"BreadcrumbList","@id":"https:\/\/teatrodamaluca.pt\/index.php\/formadores-da-maluca\/#breadcrumb","itemListElement":[{"@type":"ListItem","position":1,"name":"In\u00edcio","item":"https:\/\/teatrodamaluca.pt\/"},{"@type":"ListItem","position":2,"name":"FORMADORAS DA MALUCA"}]},{"@type":"WebSite","@id":"https:\/\/teatrodamaluca.pt\/#website","url":"https:\/\/teatrodamaluca.pt\/","name":"Teatro da Maluca","description":"Oficinas de Teatro para todas as idades, sess\u00f5es de contos e espet\u00e1culos","publisher":{"@id":"https:\/\/teatrodamaluca.pt\/#organization"},"potentialAction":[{"@type":"SearchAction","target":{"@type":"EntryPoint","urlTemplate":"https:\/\/teatrodamaluca.pt\/?s={search_term_string}"},"query-input":{"@type":"PropertyValueSpecification","valueRequired":true,"valueName":"search_term_string"}}],"inLanguage":"pt-PT"},{"@type":"Organization","@id":"https:\/\/teatrodamaluca.pt\/#organization","name":"Teatro da Maluca","url":"https:\/\/teatrodamaluca.pt\/","logo":{"@type":"ImageObject","inLanguage":"pt-PT","@id":"https:\/\/teatrodamaluca.pt\/#\/schema\/logo\/image\/","url":"https:\/\/teatrodamaluca.pt\/wp-content\/uploads\/2024\/06\/z1717082033-1.png","contentUrl":"https:\/\/teatrodamaluca.pt\/wp-content\/uploads\/2024\/06\/z1717082033-1.png","width":512,"height":512,"caption":"Teatro da Maluca"},"image":{"@id":"https:\/\/teatrodamaluca.pt\/#\/schema\/logo\/image\/"},"sameAs":["https:\/\/www.facebook.com\/TeatrodaMaluca\/"]}]}},"_links":{"self":[{"href":"https:\/\/teatrodamaluca.pt\/index.php\/wp-json\/wp\/v2\/pages\/403","targetHints":{"allow":["GET"]}}],"collection":[{"href":"https:\/\/teatrodamaluca.pt\/index.php\/wp-json\/wp\/v2\/pages"}],"about":[{"href":"https:\/\/teatrodamaluca.pt\/index.php\/wp-json\/wp\/v2\/types\/page"}],"author":[{"embeddable":true,"href":"https:\/\/teatrodamaluca.pt\/index.php\/wp-json\/wp\/v2\/users\/1"}],"replies":[{"embeddable":true,"href":"https:\/\/teatrodamaluca.pt\/index.php\/wp-json\/wp\/v2\/comments?post=403"}],"version-history":[{"count":43,"href":"https:\/\/teatrodamaluca.pt\/index.php\/wp-json\/wp\/v2\/pages\/403\/revisions"}],"predecessor-version":[{"id":1656,"href":"https:\/\/teatrodamaluca.pt\/index.php\/wp-json\/wp\/v2\/pages\/403\/revisions\/1656"}],"wp:featuredmedia":[{"embeddable":true,"href":"https:\/\/teatrodamaluca.pt\/index.php\/wp-json\/wp\/v2\/media\/1307"}],"wp:attachment":[{"href":"https:\/\/teatrodamaluca.pt\/index.php\/wp-json\/wp\/v2\/media?parent=403"}],"curies":[{"name":"wp","href":"https:\/\/api.w.org\/{rel}","templated":true}]}}