{"id":37,"date":"2024-06-05T02:39:39","date_gmt":"2024-06-05T02:39:39","guid":{"rendered":"https:\/\/teatrodamaluca.pt\/?page_id=37"},"modified":"2025-01-01T15:20:17","modified_gmt":"2025-01-01T15:20:17","slug":"maria-joao-miguel","status":"publish","type":"page","link":"https:\/\/teatrodamaluca.pt\/index.php\/maria-joao-miguel\/","title":{"rendered":"MARIA JO\u00c3O MIGUEL"},"content":{"rendered":"\n<figure class=\"wp-block-image alignleft size-large is-resized\"><img loading=\"lazy\" decoding=\"async\" width=\"1024\" height=\"683\" src=\"https:\/\/teatrodamaluca.pt\/wp-content\/uploads\/2024\/06\/IMG_8355-1-1024x683.jpg\" alt=\"Maria Jo\u00e3o Miguel co-fundadora do Teatro da Maluca\" class=\"wp-image-48\" style=\"width:306px;height:auto\" srcset=\"https:\/\/teatrodamaluca.pt\/wp-content\/uploads\/2024\/06\/IMG_8355-1-1024x683.jpg 1024w, https:\/\/teatrodamaluca.pt\/wp-content\/uploads\/2024\/06\/IMG_8355-1-300x200.jpg 300w, https:\/\/teatrodamaluca.pt\/wp-content\/uploads\/2024\/06\/IMG_8355-1-768x512.jpg 768w, https:\/\/teatrodamaluca.pt\/wp-content\/uploads\/2024\/06\/IMG_8355-1-1536x1024.jpg 1536w, https:\/\/teatrodamaluca.pt\/wp-content\/uploads\/2024\/06\/IMG_8355-1-2048x1366.jpg 2048w\" sizes=\"auto, (max-width: 1024px) 100vw, 1024px\" \/><figcaption class=\"wp-element-caption\">Site &#8211;&nbsp;https:\/\/mjoaomiguel.wixsite.com\/maria-joao-miguel<\/figcaption><\/figure>\n\n\n\n<h2 class=\"wp-block-heading\">Maria Jo\u00e3o Miguel<\/h2>\n\n\n\n<p style=\"line-height:1.6\">Sou atriz, encenadora e contadora de hist\u00f3rias, amante das tradi\u00e7\u00f5es e dos pequenos ser\u00f5es \u00e0 lareira.<\/p>\n\n\n\n<p style=\"line-height:1.6\">Tenho o Mestrado em Teatro &#8211; Encena\u00e7\u00e3o (ESTC, 2010), a Licenciatura em Teatro &#8211; Direc\u00e7\u00e3o de Actores (ESMAE, 2001) e o Bacharelato em Forma\u00e7\u00e3o de Actor (ESTC, 1998)<\/p>\n\n\n\n<p>Sou Professora Acreditada pela Universidade do Minho e tamb\u00e9m Formadora com CPP.<\/p>\n\n\n\n<p style=\"line-height:1.6\">Ao longo dos anos fiz forma\u00e7\u00e3o com diversos profissionais como Carlo Boso, Mario Gonzalez, Filipe Crowford, Adriano Lurissevich, Marie-Christine Wavreille, Paulina Klimovitskaya, Luca Aprea, Martha Moore e Marcia Haufrecht.<\/p>\n\n\n\n<h2 class=\"wp-block-heading\" style=\"font-size:25px\">Encena\u00e7\u00e3o<\/h2>\n\n\n\n<p style=\"line-height:1.6\">Encenei desde 1998 mais de duas dezenas espet\u00e1culos, dos quais destaco:<\/p>\n\n\n\n<p style=\"line-height:1.6\"><strong>CONTAR-NOS<\/strong> e <strong>O VOO DAS PALAVRAS<\/strong> &#8211; contos e cantares tradicionais portugueses (em digress\u00e3o),<\/p>\n\n\n\n<p style=\"line-height:1.6\"><strong>A PULGA ATR\u00c1S DA ORELHA <\/strong>de George Feydeau (Companhia s\u00e9nior P\u00f3 de Palco)<\/p>\n\n\n\n<p style=\"line-height:1.6\"><strong>PEDRA, PAPEL OU TESOURA<\/strong> a partir de contos tradicionais portugueses (Teatro Bocage),<\/p>\n\n\n\n<p style=\"line-height:1.6\"><strong>FERNADO (QUE) PESSOAS<\/strong>, de F\u00e1tima Franco (Teatro Bocage),<\/p>\n\n\n\n<p style=\"line-height:1.6\"><strong>EL-REI TADINHO NO REINO DAS CEM JANELAS<\/strong>, de Alice Vieira (Teatro Bocage),<\/p>\n\n\n\n<p style=\"line-height:1.6\"><strong>A MENINA DE FUTURO TORCIDO<\/strong>, de Mia Couto (Teatro do Noroeste),<\/p>\n\n\n\n<p style=\"line-height:1.6\"><strong>Y\u00c1TRA<\/strong>, de Carla Vasconcelos, Hugo Sovelas e Maria Jo\u00e3o Miguel (Teatro da Trindade, C.C. Malaposta),<\/p>\n\n\n\n<p style=\"line-height:1.6\"><strong>O GATO MALHADO E A ANDORINHA SINH\u00c1 <\/strong>de Jorge Amado (Digress\u00e3o Nacional),<\/p>\n\n\n\n<p style=\"line-height:1.6\"><strong>O TAMANHO DA MINHA ALTURA<\/strong> de Suzana Ramos (Digress\u00e3o Nacional e Internacional, FESTLuso, Brasil)<\/p>\n\n\n\n<p style=\"line-height:1.6\"><strong>VENTO BRAVO DE NOROESTE<\/strong>, de Hugo Sovelas, Maria Jo\u00e3o Miguel e S\u00f3nia Neves (C.C. Malaposta e C.J. Montemor-o-Novo),<\/p>\n\n\n\n<p style=\"line-height:1.6\"><strong>ENCONTROS E DESENCONTROS NO CAMPO COM TIO V\u00c2NIA<\/strong> de Anton Tch\u00e9khov (Teatro Taborda e Teatro da Trindade\/Funda\u00e7\u00e3o Inatel),<\/p>\n\n\n\n<p style=\"line-height:1.6\">Direc\u00e7\u00e3o de Actores da \u00d3pera em 1 Acto <strong>Comedy on the Bridge<\/strong>, de Bohuslav Martinu, encena\u00e7\u00e3o de Paula Gomes Ribeiro (Teatro S. Carlos),<\/p>\n\n\n\n<p style=\"line-height:1.6\"><strong>MEM\u00d3RIAS D&#8217;ALGOD\u00c3O DOCE<\/strong>, texto cria\u00e7\u00e3o colectiva (Teatro da Trindade\/Funda\u00e7\u00e3o Inatel),<\/p>\n\n\n\n<p style=\"line-height:1.6\"><strong>O SACO DE HIST\u00d3RIAS<\/strong> de Margarida Fonseca Santos (Bica Teatro),<\/p>\n\n\n\n<p style=\"line-height:1.6\"><strong>QUEM ME DERA SER ONDA&#8230; <\/strong>de Manuel Rui (Teatro da Trindade\/Funda\u00e7\u00e3o Inatel),<\/p>\n\n\n\n<p style=\"line-height:1.6\"><strong>A POSSE<\/strong>, de Val\u00e9rio Rom\u00e3o (Teatro da Trindade\/Funda\u00e7\u00e3o Inatel),<\/p>\n\n\n\n<p style=\"line-height:1.6\"><strong>GR\u00c3O A GR\u00c3O<\/strong>, a partir de contos tradicionais portugueses (Teatro Magia e Fantasia).<\/p>\n\n\n\n<p style=\"line-height:1.6\">\u200bEnquanto Actriz, trabalhei com v\u00e1rios encenadores, dos quais destaco Nuno Nunes, Hugo Sovelas, Francisco Alves, Maria do C\u00e9u Guerra, Alexandre Lyra Leite, Rui Pisco, entre outros.<\/p>\n\n\n\n<p style=\"line-height:1.6\">Co-fundadora da Proposit\u00e1rio Azul \u2013 Associa\u00e7\u00e3o Art\u00edstica.<\/p>\n\n\n\n<p style=\"line-height:1.6\">\u200bSou Dobradora de Desenhos Animados e Imagem Real desde 2000 e Directora de Dobragens desde 2002.<\/p>\n\n\n\n<p style=\"line-height:1.6\">\u200bSou professora e formadora de Teatro desde 1998.<\/p>\n\n\n\n<div class=\"wp-block-group is-layout-constrained wp-block-group-is-layout-constrained\">\n<p style=\"line-height:1.6\">\u200bCo-fundadora do TEATRO DA MALUCA.<\/p>\n<\/div>\n\n\n\n<p>\u200b<\/p>\n","protected":false},"excerpt":{"rendered":"<p>Maria Jo\u00e3o Miguel Sou atriz, encenadora e contadora de hist\u00f3rias, amante das tradi\u00e7\u00f5es e dos pequenos ser\u00f5es \u00e0 lareira. Tenho o Mestrado em Teatro &#8211; Encena\u00e7\u00e3o (ESTC, 2010), a Licenciatura em Teatro &#8211; Direc\u00e7\u00e3o de Actores (ESMAE, 2001) e o Bacharelato em Forma\u00e7\u00e3o de Actor (ESTC, 1998) Sou Professora Acreditada pela Universidade do Minho e [&hellip;]<\/p>\n","protected":false},"author":1,"featured_media":0,"parent":0,"menu_order":0,"comment_status":"closed","ping_status":"closed","template":"","meta":{"_themeisle_gutenberg_block_has_review":false,"footnotes":""},"class_list":["post-37","page","type-page","status-publish","hentry"],"yoast_head":"<!-- This site is optimized with the Yoast SEO plugin v25.1 - https:\/\/yoast.com\/wordpress\/plugins\/seo\/ -->\n<title>MARIA JO\u00c3O MIGUEL - Teatro da Maluca<\/title>\n<meta name=\"description\" content=\"Maria Jo\u00e3o Miguel co-fundadora do Teatro da Maluca. Atriz, encenadora, formadora, dobradora de desenhos animados e contadora de hist\u00f3rias\" \/>\n<meta name=\"robots\" content=\"index, follow, max-snippet:-1, max-image-preview:large, max-video-preview:-1\" \/>\n<link rel=\"canonical\" href=\"https:\/\/teatrodamaluca.pt\/index.php\/maria-joao-miguel\/\" \/>\n<meta property=\"og:locale\" content=\"pt_PT\" \/>\n<meta property=\"og:type\" content=\"article\" \/>\n<meta property=\"og:title\" content=\"MARIA JO\u00c3O MIGUEL - Teatro da Maluca\" \/>\n<meta property=\"og:description\" content=\"Maria Jo\u00e3o Miguel co-fundadora do Teatro da Maluca. Atriz, encenadora, formadora, dobradora de desenhos animados e contadora de hist\u00f3rias\" \/>\n<meta property=\"og:url\" content=\"https:\/\/teatrodamaluca.pt\/index.php\/maria-joao-miguel\/\" \/>\n<meta property=\"og:site_name\" content=\"Teatro da Maluca\" \/>\n<meta property=\"article:publisher\" content=\"https:\/\/www.facebook.com\/TeatrodaMaluca\/\" \/>\n<meta property=\"article:modified_time\" content=\"2025-01-01T15:20:17+00:00\" \/>\n<meta property=\"og:image\" content=\"https:\/\/teatrodamaluca.pt\/wp-content\/uploads\/2024\/06\/IMG_8355-1-scaled.jpg\" \/>\n\t<meta property=\"og:image:width\" content=\"2560\" \/>\n\t<meta property=\"og:image:height\" content=\"1707\" \/>\n\t<meta property=\"og:image:type\" content=\"image\/jpeg\" \/>\n<meta name=\"twitter:card\" content=\"summary_large_image\" \/>\n<meta name=\"twitter:label1\" content=\"Tempo estimado de leitura\" \/>\n\t<meta name=\"twitter:data1\" content=\"3 minutos\" \/>\n<script type=\"application\/ld+json\" class=\"yoast-schema-graph\">{\"@context\":\"https:\/\/schema.org\",\"@graph\":[{\"@type\":\"Article\",\"@id\":\"https:\/\/teatrodamaluca.pt\/index.php\/maria-joao-miguel\/#article\",\"isPartOf\":{\"@id\":\"https:\/\/teatrodamaluca.pt\/index.php\/maria-joao-miguel\/\"},\"author\":{\"name\":\"TDM\",\"@id\":\"https:\/\/teatrodamaluca.pt\/#\/schema\/person\/e5b86b2f381f9fde994f4863e146d727\"},\"headline\":\"MARIA JO\u00c3O MIGUEL\",\"datePublished\":\"2024-06-05T02:39:39+00:00\",\"dateModified\":\"2025-01-01T15:20:17+00:00\",\"mainEntityOfPage\":{\"@id\":\"https:\/\/teatrodamaluca.pt\/index.php\/maria-joao-miguel\/\"},\"wordCount\":438,\"publisher\":{\"@id\":\"https:\/\/teatrodamaluca.pt\/#organization\"},\"image\":{\"@id\":\"https:\/\/teatrodamaluca.pt\/index.php\/maria-joao-miguel\/#primaryimage\"},\"thumbnailUrl\":\"https:\/\/teatrodamaluca.pt\/wp-content\/uploads\/2024\/06\/IMG_8355-1-1024x683.jpg\",\"inLanguage\":\"pt-PT\"},{\"@type\":[\"WebPage\",\"ProfilePage\"],\"@id\":\"https:\/\/teatrodamaluca.pt\/index.php\/maria-joao-miguel\/\",\"url\":\"https:\/\/teatrodamaluca.pt\/index.php\/maria-joao-miguel\/\",\"name\":\"MARIA JO\u00c3O MIGUEL - Teatro da Maluca\",\"isPartOf\":{\"@id\":\"https:\/\/teatrodamaluca.pt\/#website\"},\"primaryImageOfPage\":{\"@id\":\"https:\/\/teatrodamaluca.pt\/index.php\/maria-joao-miguel\/#primaryimage\"},\"image\":{\"@id\":\"https:\/\/teatrodamaluca.pt\/index.php\/maria-joao-miguel\/#primaryimage\"},\"thumbnailUrl\":\"https:\/\/teatrodamaluca.pt\/wp-content\/uploads\/2024\/06\/IMG_8355-1-1024x683.jpg\",\"datePublished\":\"2024-06-05T02:39:39+00:00\",\"dateModified\":\"2025-01-01T15:20:17+00:00\",\"description\":\"Maria Jo\u00e3o Miguel co-fundadora do Teatro da Maluca. Atriz, encenadora, formadora, dobradora de desenhos animados e contadora de hist\u00f3rias\",\"breadcrumb\":{\"@id\":\"https:\/\/teatrodamaluca.pt\/index.php\/maria-joao-miguel\/#breadcrumb\"},\"inLanguage\":\"pt-PT\",\"potentialAction\":[{\"@type\":\"ReadAction\",\"target\":[\"https:\/\/teatrodamaluca.pt\/index.php\/maria-joao-miguel\/\"]}]},{\"@type\":\"ImageObject\",\"inLanguage\":\"pt-PT\",\"@id\":\"https:\/\/teatrodamaluca.pt\/index.php\/maria-joao-miguel\/#primaryimage\",\"url\":\"https:\/\/teatrodamaluca.pt\/wp-content\/uploads\/2024\/06\/IMG_8355-1-scaled.jpg\",\"contentUrl\":\"https:\/\/teatrodamaluca.pt\/wp-content\/uploads\/2024\/06\/IMG_8355-1-scaled.jpg\",\"width\":2560,\"height\":1707},{\"@type\":\"BreadcrumbList\",\"@id\":\"https:\/\/teatrodamaluca.pt\/index.php\/maria-joao-miguel\/#breadcrumb\",\"itemListElement\":[{\"@type\":\"ListItem\",\"position\":1,\"name\":\"In\u00edcio\",\"item\":\"https:\/\/teatrodamaluca.pt\/\"},{\"@type\":\"ListItem\",\"position\":2,\"name\":\"MARIA JO\u00c3O MIGUEL\"}]},{\"@type\":\"WebSite\",\"@id\":\"https:\/\/teatrodamaluca.pt\/#website\",\"url\":\"https:\/\/teatrodamaluca.pt\/\",\"name\":\"Teatro da Maluca\",\"description\":\"Oficinas de Teatro para todas as idades, sess\u00f5es de contos e espet\u00e1culos\",\"publisher\":{\"@id\":\"https:\/\/teatrodamaluca.pt\/#organization\"},\"potentialAction\":[{\"@type\":\"SearchAction\",\"target\":{\"@type\":\"EntryPoint\",\"urlTemplate\":\"https:\/\/teatrodamaluca.pt\/?s={search_term_string}\"},\"query-input\":{\"@type\":\"PropertyValueSpecification\",\"valueRequired\":true,\"valueName\":\"search_term_string\"}}],\"inLanguage\":\"pt-PT\"},{\"@type\":\"Organization\",\"@id\":\"https:\/\/teatrodamaluca.pt\/#organization\",\"name\":\"Teatro da Maluca\",\"url\":\"https:\/\/teatrodamaluca.pt\/\",\"logo\":{\"@type\":\"ImageObject\",\"inLanguage\":\"pt-PT\",\"@id\":\"https:\/\/teatrodamaluca.pt\/#\/schema\/logo\/image\/\",\"url\":\"https:\/\/teatrodamaluca.pt\/wp-content\/uploads\/2024\/06\/z1717082033-1.png\",\"contentUrl\":\"https:\/\/teatrodamaluca.pt\/wp-content\/uploads\/2024\/06\/z1717082033-1.png\",\"width\":512,\"height\":512,\"caption\":\"Teatro da Maluca\"},\"image\":{\"@id\":\"https:\/\/teatrodamaluca.pt\/#\/schema\/logo\/image\/\"},\"sameAs\":[\"https:\/\/www.facebook.com\/TeatrodaMaluca\/\"],\"mainEntityOfPage\":{\"@id\":\"https:\/\/teatrodamaluca.pt\/index.php\/maria-joao-miguel\/\"}},{\"@type\":\"Person\",\"@id\":\"https:\/\/teatrodamaluca.pt\/#\/schema\/person\/e5b86b2f381f9fde994f4863e146d727\",\"name\":\"TDM\",\"image\":{\"@type\":\"ImageObject\",\"inLanguage\":\"pt-PT\",\"@id\":\"https:\/\/teatrodamaluca.pt\/#\/schema\/person\/image\/\",\"url\":\"https:\/\/secure.gravatar.com\/avatar\/26c965f24076809a48578f543180bb2c69b53fd488e75c031047aa719f5f5027?s=96&d=mm&r=g\",\"contentUrl\":\"https:\/\/secure.gravatar.com\/avatar\/26c965f24076809a48578f543180bb2c69b53fd488e75c031047aa719f5f5027?s=96&d=mm&r=g\",\"caption\":\"TDM\"},\"mainEntityOfPage\":{\"@id\":\"https:\/\/teatrodamaluca.pt\/index.php\/maria-joao-miguel\/\"},\"sameAs\":[\"http:\/\/teatrodamaluca.pt\"],\"url\":\"https:\/\/teatrodamaluca.pt\/index.php\/author\/tdmadmin\/\"}]}<\/script>\n<!-- \/ Yoast SEO plugin. -->","yoast_head_json":{"title":"MARIA JO\u00c3O MIGUEL - Teatro da Maluca","description":"Maria Jo\u00e3o Miguel co-fundadora do Teatro da Maluca. Atriz, encenadora, formadora, dobradora de desenhos animados e contadora de hist\u00f3rias","robots":{"index":"index","follow":"follow","max-snippet":"max-snippet:-1","max-image-preview":"max-image-preview:large","max-video-preview":"max-video-preview:-1"},"canonical":"https:\/\/teatrodamaluca.pt\/index.php\/maria-joao-miguel\/","og_locale":"pt_PT","og_type":"article","og_title":"MARIA JO\u00c3O MIGUEL - Teatro da Maluca","og_description":"Maria Jo\u00e3o Miguel co-fundadora do Teatro da Maluca. Atriz, encenadora, formadora, dobradora de desenhos animados e contadora de hist\u00f3rias","og_url":"https:\/\/teatrodamaluca.pt\/index.php\/maria-joao-miguel\/","og_site_name":"Teatro da Maluca","article_publisher":"https:\/\/www.facebook.com\/TeatrodaMaluca\/","article_modified_time":"2025-01-01T15:20:17+00:00","og_image":[{"width":2560,"height":1707,"url":"https:\/\/teatrodamaluca.pt\/wp-content\/uploads\/2024\/06\/IMG_8355-1-scaled.jpg","type":"image\/jpeg"}],"twitter_card":"summary_large_image","twitter_misc":{"Tempo estimado de leitura":"3 minutos"},"schema":{"@context":"https:\/\/schema.org","@graph":[{"@type":"Article","@id":"https:\/\/teatrodamaluca.pt\/index.php\/maria-joao-miguel\/#article","isPartOf":{"@id":"https:\/\/teatrodamaluca.pt\/index.php\/maria-joao-miguel\/"},"author":{"name":"TDM","@id":"https:\/\/teatrodamaluca.pt\/#\/schema\/person\/e5b86b2f381f9fde994f4863e146d727"},"headline":"MARIA JO\u00c3O MIGUEL","datePublished":"2024-06-05T02:39:39+00:00","dateModified":"2025-01-01T15:20:17+00:00","mainEntityOfPage":{"@id":"https:\/\/teatrodamaluca.pt\/index.php\/maria-joao-miguel\/"},"wordCount":438,"publisher":{"@id":"https:\/\/teatrodamaluca.pt\/#organization"},"image":{"@id":"https:\/\/teatrodamaluca.pt\/index.php\/maria-joao-miguel\/#primaryimage"},"thumbnailUrl":"https:\/\/teatrodamaluca.pt\/wp-content\/uploads\/2024\/06\/IMG_8355-1-1024x683.jpg","inLanguage":"pt-PT"},{"@type":["WebPage","ProfilePage"],"@id":"https:\/\/teatrodamaluca.pt\/index.php\/maria-joao-miguel\/","url":"https:\/\/teatrodamaluca.pt\/index.php\/maria-joao-miguel\/","name":"MARIA JO\u00c3O MIGUEL - Teatro da Maluca","isPartOf":{"@id":"https:\/\/teatrodamaluca.pt\/#website"},"primaryImageOfPage":{"@id":"https:\/\/teatrodamaluca.pt\/index.php\/maria-joao-miguel\/#primaryimage"},"image":{"@id":"https:\/\/teatrodamaluca.pt\/index.php\/maria-joao-miguel\/#primaryimage"},"thumbnailUrl":"https:\/\/teatrodamaluca.pt\/wp-content\/uploads\/2024\/06\/IMG_8355-1-1024x683.jpg","datePublished":"2024-06-05T02:39:39+00:00","dateModified":"2025-01-01T15:20:17+00:00","description":"Maria Jo\u00e3o Miguel co-fundadora do Teatro da Maluca. Atriz, encenadora, formadora, dobradora de desenhos animados e contadora de hist\u00f3rias","breadcrumb":{"@id":"https:\/\/teatrodamaluca.pt\/index.php\/maria-joao-miguel\/#breadcrumb"},"inLanguage":"pt-PT","potentialAction":[{"@type":"ReadAction","target":["https:\/\/teatrodamaluca.pt\/index.php\/maria-joao-miguel\/"]}]},{"@type":"ImageObject","inLanguage":"pt-PT","@id":"https:\/\/teatrodamaluca.pt\/index.php\/maria-joao-miguel\/#primaryimage","url":"https:\/\/teatrodamaluca.pt\/wp-content\/uploads\/2024\/06\/IMG_8355-1-scaled.jpg","contentUrl":"https:\/\/teatrodamaluca.pt\/wp-content\/uploads\/2024\/06\/IMG_8355-1-scaled.jpg","width":2560,"height":1707},{"@type":"BreadcrumbList","@id":"https:\/\/teatrodamaluca.pt\/index.php\/maria-joao-miguel\/#breadcrumb","itemListElement":[{"@type":"ListItem","position":1,"name":"In\u00edcio","item":"https:\/\/teatrodamaluca.pt\/"},{"@type":"ListItem","position":2,"name":"MARIA JO\u00c3O MIGUEL"}]},{"@type":"WebSite","@id":"https:\/\/teatrodamaluca.pt\/#website","url":"https:\/\/teatrodamaluca.pt\/","name":"Teatro da Maluca","description":"Oficinas de Teatro para todas as idades, sess\u00f5es de contos e espet\u00e1culos","publisher":{"@id":"https:\/\/teatrodamaluca.pt\/#organization"},"potentialAction":[{"@type":"SearchAction","target":{"@type":"EntryPoint","urlTemplate":"https:\/\/teatrodamaluca.pt\/?s={search_term_string}"},"query-input":{"@type":"PropertyValueSpecification","valueRequired":true,"valueName":"search_term_string"}}],"inLanguage":"pt-PT"},{"@type":"Organization","@id":"https:\/\/teatrodamaluca.pt\/#organization","name":"Teatro da Maluca","url":"https:\/\/teatrodamaluca.pt\/","logo":{"@type":"ImageObject","inLanguage":"pt-PT","@id":"https:\/\/teatrodamaluca.pt\/#\/schema\/logo\/image\/","url":"https:\/\/teatrodamaluca.pt\/wp-content\/uploads\/2024\/06\/z1717082033-1.png","contentUrl":"https:\/\/teatrodamaluca.pt\/wp-content\/uploads\/2024\/06\/z1717082033-1.png","width":512,"height":512,"caption":"Teatro da Maluca"},"image":{"@id":"https:\/\/teatrodamaluca.pt\/#\/schema\/logo\/image\/"},"sameAs":["https:\/\/www.facebook.com\/TeatrodaMaluca\/"],"mainEntityOfPage":{"@id":"https:\/\/teatrodamaluca.pt\/index.php\/maria-joao-miguel\/"}},{"@type":"Person","@id":"https:\/\/teatrodamaluca.pt\/#\/schema\/person\/e5b86b2f381f9fde994f4863e146d727","name":"TDM","image":{"@type":"ImageObject","inLanguage":"pt-PT","@id":"https:\/\/teatrodamaluca.pt\/#\/schema\/person\/image\/","url":"https:\/\/secure.gravatar.com\/avatar\/26c965f24076809a48578f543180bb2c69b53fd488e75c031047aa719f5f5027?s=96&d=mm&r=g","contentUrl":"https:\/\/secure.gravatar.com\/avatar\/26c965f24076809a48578f543180bb2c69b53fd488e75c031047aa719f5f5027?s=96&d=mm&r=g","caption":"TDM"},"mainEntityOfPage":{"@id":"https:\/\/teatrodamaluca.pt\/index.php\/maria-joao-miguel\/"},"sameAs":["http:\/\/teatrodamaluca.pt"],"url":"https:\/\/teatrodamaluca.pt\/index.php\/author\/tdmadmin\/"}]}},"_links":{"self":[{"href":"https:\/\/teatrodamaluca.pt\/index.php\/wp-json\/wp\/v2\/pages\/37","targetHints":{"allow":["GET"]}}],"collection":[{"href":"https:\/\/teatrodamaluca.pt\/index.php\/wp-json\/wp\/v2\/pages"}],"about":[{"href":"https:\/\/teatrodamaluca.pt\/index.php\/wp-json\/wp\/v2\/types\/page"}],"author":[{"embeddable":true,"href":"https:\/\/teatrodamaluca.pt\/index.php\/wp-json\/wp\/v2\/users\/1"}],"replies":[{"embeddable":true,"href":"https:\/\/teatrodamaluca.pt\/index.php\/wp-json\/wp\/v2\/comments?post=37"}],"version-history":[{"count":13,"href":"https:\/\/teatrodamaluca.pt\/index.php\/wp-json\/wp\/v2\/pages\/37\/revisions"}],"predecessor-version":[{"id":765,"href":"https:\/\/teatrodamaluca.pt\/index.php\/wp-json\/wp\/v2\/pages\/37\/revisions\/765"}],"wp:attachment":[{"href":"https:\/\/teatrodamaluca.pt\/index.php\/wp-json\/wp\/v2\/media?parent=37"}],"curies":[{"name":"wp","href":"https:\/\/api.w.org\/{rel}","templated":true}]}}