{"id":33,"date":"2024-06-04T22:55:18","date_gmt":"2024-06-04T22:55:18","guid":{"rendered":"https:\/\/teatrodamaluca.pt\/?page_id=33"},"modified":"2025-02-13T09:49:37","modified_gmt":"2025-02-13T09:49:37","slug":"teatro-da-maluca","status":"publish","type":"page","link":"https:\/\/teatrodamaluca.pt\/index.php\/teatro-da-maluca\/","title":{"rendered":"TEATRO DA MALUCA"},"content":{"rendered":"\n<p style=\"line-height:1.6\">O TEATRO DA MALUCA \u00e9 um espa\u00e7o art\u00edstico que nasceu da vontade de valorizar e divulgar a cultura do Concelho de Loures, promovendo o encontro geracional, social e da diversidade cultural.<\/p>\n\n\n\n<p style=\"line-height:1.6\">Fundado em 2024, por <a href=\"https:\/\/teatrodamaluca.pt\/index.php\/ana-limpinho-cenografa-figurinista\/\">Ana Limpinho<\/a> e <a href=\"https:\/\/teatrodamaluca.pt\/index.php\/maria-joao-miguel\/\">Maria Jo\u00e3o Miguel<\/a>, tem como objetivo oferecer diversas <a>atividades<\/a> que aproximem a comunidade do teatro e entre si.<\/p>\n\n\n\n<p style=\"line-height:1.6\">No Teatro da Maluca fazemos recolha de lendas, mem\u00f3rias, cantares e hist\u00f3rias e usamo-los para aproximar as pessoas. Acreditamos que se escutarmos as hist\u00f3rias que cada um traz, olhando nos olhos uns dos outros, nascer\u00e1 a empatia necess\u00e1ria para o desenvolvimento de uma sociedade livre e inclusiva.<\/p>\n\n\n\n<p style=\"line-height:1.6\">Entre espet\u00e1culos de teatro, sess\u00f5es de contos tradicionais, oficinas de teatro para todas as idades e forma\u00e7\u00f5es em diversas \u00e1reas, o Teatro da Maluca \u00e9 um espa\u00e7o cultural que convida a que todos se sintam em casa e com vontade de se desafiarem.<\/p>\n\n\n\n<figure class=\"wp-block-image aligncenter size-large is-resized\"><img loading=\"lazy\" decoding=\"async\" width=\"768\" height=\"1024\" src=\"https:\/\/teatrodamaluca.pt\/wp-content\/uploads\/2025\/01\/IMG_20240919_184459-1-768x1024.jpg\" alt=\"Teatro da Maluca, entrada\" class=\"wp-image-781\" style=\"width:401px;height:auto\" srcset=\"https:\/\/teatrodamaluca.pt\/wp-content\/uploads\/2025\/01\/IMG_20240919_184459-1-768x1024.jpg 768w, https:\/\/teatrodamaluca.pt\/wp-content\/uploads\/2025\/01\/IMG_20240919_184459-1-225x300.jpg 225w, https:\/\/teatrodamaluca.pt\/wp-content\/uploads\/2025\/01\/IMG_20240919_184459-1-1152x1536.jpg 1152w, https:\/\/teatrodamaluca.pt\/wp-content\/uploads\/2025\/01\/IMG_20240919_184459-1-1536x2048.jpg 1536w, https:\/\/teatrodamaluca.pt\/wp-content\/uploads\/2025\/01\/IMG_20240919_184459-1-scaled.jpg 1920w\" sizes=\"auto, (max-width: 768px) 100vw, 768px\" \/><\/figure>\n\n\n\n<p><\/p>\n","protected":false},"excerpt":{"rendered":"<p>O TEATRO DA MALUCA \u00e9 um espa\u00e7o art\u00edstico que nasceu da vontade de valorizar e divulgar a cultura do Concelho de Loures, promovendo o encontro geracional, social e da diversidade cultural. Fundado em 2024, por Ana Limpinho e Maria Jo\u00e3o Miguel, tem como objetivo oferecer diversas atividades que aproximem a comunidade do teatro e entre [&hellip;]<\/p>\n","protected":false},"author":1,"featured_media":0,"parent":0,"menu_order":0,"comment_status":"closed","ping_status":"closed","template":"","meta":{"_themeisle_gutenberg_block_has_review":false,"footnotes":""},"class_list":["post-33","page","type-page","status-publish","hentry"],"yoast_head":"<!-- This site is optimized with the Yoast SEO plugin v25.1 - https:\/\/yoast.com\/wordpress\/plugins\/seo\/ -->\n<title>O Teatro da Maluca<\/title>\n<meta name=\"description\" content=\"O Teatro da Maluca \u00e9 um espa\u00e7o art\u00edstico que valoriza e divulga a cultura de Loures, promovendo o encontro entre as pessoas.\" \/>\n<meta name=\"robots\" content=\"index, follow, max-snippet:-1, max-image-preview:large, max-video-preview:-1\" \/>\n<link rel=\"canonical\" href=\"https:\/\/teatrodamaluca.pt\/index.php\/teatro-da-maluca\/\" \/>\n<meta property=\"og:locale\" content=\"pt_PT\" \/>\n<meta property=\"og:type\" content=\"article\" \/>\n<meta property=\"og:title\" content=\"O Teatro da Maluca\" \/>\n<meta property=\"og:description\" content=\"O Teatro da Maluca \u00e9 um espa\u00e7o art\u00edstico que valoriza e divulga a cultura de Loures, promovendo o encontro entre as pessoas.\" \/>\n<meta property=\"og:url\" content=\"https:\/\/teatrodamaluca.pt\/index.php\/teatro-da-maluca\/\" \/>\n<meta property=\"og:site_name\" content=\"Teatro da Maluca\" \/>\n<meta property=\"article:publisher\" content=\"https:\/\/www.facebook.com\/TeatrodaMaluca\/\" \/>\n<meta property=\"article:modified_time\" content=\"2025-02-13T09:49:37+00:00\" \/>\n<meta property=\"og:image\" content=\"https:\/\/teatrodamaluca.pt\/wp-content\/uploads\/2025\/01\/IMG_20240919_184459-1-scaled.jpg\" \/>\n\t<meta property=\"og:image:width\" content=\"1920\" \/>\n\t<meta property=\"og:image:height\" content=\"2560\" \/>\n\t<meta property=\"og:image:type\" content=\"image\/jpeg\" \/>\n<meta name=\"twitter:card\" content=\"summary_large_image\" \/>\n<meta name=\"twitter:label1\" content=\"Tempo estimado de leitura\" \/>\n\t<meta name=\"twitter:data1\" content=\"2 minutos\" \/>\n<script type=\"application\/ld+json\" class=\"yoast-schema-graph\">{\"@context\":\"https:\/\/schema.org\",\"@graph\":[{\"@type\":\"WebPage\",\"@id\":\"https:\/\/teatrodamaluca.pt\/index.php\/teatro-da-maluca\/\",\"url\":\"https:\/\/teatrodamaluca.pt\/index.php\/teatro-da-maluca\/\",\"name\":\"O Teatro da Maluca\",\"isPartOf\":{\"@id\":\"https:\/\/teatrodamaluca.pt\/#website\"},\"primaryImageOfPage\":{\"@id\":\"https:\/\/teatrodamaluca.pt\/index.php\/teatro-da-maluca\/#primaryimage\"},\"image\":{\"@id\":\"https:\/\/teatrodamaluca.pt\/index.php\/teatro-da-maluca\/#primaryimage\"},\"thumbnailUrl\":\"https:\/\/teatrodamaluca.pt\/wp-content\/uploads\/2025\/01\/IMG_20240919_184459-1-768x1024.jpg\",\"datePublished\":\"2024-06-04T22:55:18+00:00\",\"dateModified\":\"2025-02-13T09:49:37+00:00\",\"description\":\"O Teatro da Maluca \u00e9 um espa\u00e7o art\u00edstico que valoriza e divulga a cultura de Loures, promovendo o encontro entre as pessoas.\",\"breadcrumb\":{\"@id\":\"https:\/\/teatrodamaluca.pt\/index.php\/teatro-da-maluca\/#breadcrumb\"},\"inLanguage\":\"pt-PT\",\"potentialAction\":[{\"@type\":\"ReadAction\",\"target\":[\"https:\/\/teatrodamaluca.pt\/index.php\/teatro-da-maluca\/\"]}]},{\"@type\":\"ImageObject\",\"inLanguage\":\"pt-PT\",\"@id\":\"https:\/\/teatrodamaluca.pt\/index.php\/teatro-da-maluca\/#primaryimage\",\"url\":\"https:\/\/teatrodamaluca.pt\/wp-content\/uploads\/2025\/01\/IMG_20240919_184459-1-scaled.jpg\",\"contentUrl\":\"https:\/\/teatrodamaluca.pt\/wp-content\/uploads\/2025\/01\/IMG_20240919_184459-1-scaled.jpg\",\"width\":1920,\"height\":2560},{\"@type\":\"BreadcrumbList\",\"@id\":\"https:\/\/teatrodamaluca.pt\/index.php\/teatro-da-maluca\/#breadcrumb\",\"itemListElement\":[{\"@type\":\"ListItem\",\"position\":1,\"name\":\"In\u00edcio\",\"item\":\"https:\/\/teatrodamaluca.pt\/\"},{\"@type\":\"ListItem\",\"position\":2,\"name\":\"TEATRO DA MALUCA\"}]},{\"@type\":\"WebSite\",\"@id\":\"https:\/\/teatrodamaluca.pt\/#website\",\"url\":\"https:\/\/teatrodamaluca.pt\/\",\"name\":\"Teatro da Maluca\",\"description\":\"Oficinas de Teatro para todas as idades, sess\u00f5es de contos e espet\u00e1culos\",\"publisher\":{\"@id\":\"https:\/\/teatrodamaluca.pt\/#organization\"},\"potentialAction\":[{\"@type\":\"SearchAction\",\"target\":{\"@type\":\"EntryPoint\",\"urlTemplate\":\"https:\/\/teatrodamaluca.pt\/?s={search_term_string}\"},\"query-input\":{\"@type\":\"PropertyValueSpecification\",\"valueRequired\":true,\"valueName\":\"search_term_string\"}}],\"inLanguage\":\"pt-PT\"},{\"@type\":\"Organization\",\"@id\":\"https:\/\/teatrodamaluca.pt\/#organization\",\"name\":\"Teatro da Maluca\",\"url\":\"https:\/\/teatrodamaluca.pt\/\",\"logo\":{\"@type\":\"ImageObject\",\"inLanguage\":\"pt-PT\",\"@id\":\"https:\/\/teatrodamaluca.pt\/#\/schema\/logo\/image\/\",\"url\":\"https:\/\/teatrodamaluca.pt\/wp-content\/uploads\/2024\/06\/z1717082033-1.png\",\"contentUrl\":\"https:\/\/teatrodamaluca.pt\/wp-content\/uploads\/2024\/06\/z1717082033-1.png\",\"width\":512,\"height\":512,\"caption\":\"Teatro da Maluca\"},\"image\":{\"@id\":\"https:\/\/teatrodamaluca.pt\/#\/schema\/logo\/image\/\"},\"sameAs\":[\"https:\/\/www.facebook.com\/TeatrodaMaluca\/\"]}]}<\/script>\n<!-- \/ Yoast SEO plugin. -->","yoast_head_json":{"title":"O Teatro da Maluca","description":"O Teatro da Maluca \u00e9 um espa\u00e7o art\u00edstico que valoriza e divulga a cultura de Loures, promovendo o encontro entre as pessoas.","robots":{"index":"index","follow":"follow","max-snippet":"max-snippet:-1","max-image-preview":"max-image-preview:large","max-video-preview":"max-video-preview:-1"},"canonical":"https:\/\/teatrodamaluca.pt\/index.php\/teatro-da-maluca\/","og_locale":"pt_PT","og_type":"article","og_title":"O Teatro da Maluca","og_description":"O Teatro da Maluca \u00e9 um espa\u00e7o art\u00edstico que valoriza e divulga a cultura de Loures, promovendo o encontro entre as pessoas.","og_url":"https:\/\/teatrodamaluca.pt\/index.php\/teatro-da-maluca\/","og_site_name":"Teatro da Maluca","article_publisher":"https:\/\/www.facebook.com\/TeatrodaMaluca\/","article_modified_time":"2025-02-13T09:49:37+00:00","og_image":[{"width":1920,"height":2560,"url":"https:\/\/teatrodamaluca.pt\/wp-content\/uploads\/2025\/01\/IMG_20240919_184459-1-scaled.jpg","type":"image\/jpeg"}],"twitter_card":"summary_large_image","twitter_misc":{"Tempo estimado de leitura":"2 minutos"},"schema":{"@context":"https:\/\/schema.org","@graph":[{"@type":"WebPage","@id":"https:\/\/teatrodamaluca.pt\/index.php\/teatro-da-maluca\/","url":"https:\/\/teatrodamaluca.pt\/index.php\/teatro-da-maluca\/","name":"O Teatro da Maluca","isPartOf":{"@id":"https:\/\/teatrodamaluca.pt\/#website"},"primaryImageOfPage":{"@id":"https:\/\/teatrodamaluca.pt\/index.php\/teatro-da-maluca\/#primaryimage"},"image":{"@id":"https:\/\/teatrodamaluca.pt\/index.php\/teatro-da-maluca\/#primaryimage"},"thumbnailUrl":"https:\/\/teatrodamaluca.pt\/wp-content\/uploads\/2025\/01\/IMG_20240919_184459-1-768x1024.jpg","datePublished":"2024-06-04T22:55:18+00:00","dateModified":"2025-02-13T09:49:37+00:00","description":"O Teatro da Maluca \u00e9 um espa\u00e7o art\u00edstico que valoriza e divulga a cultura de Loures, promovendo o encontro entre as pessoas.","breadcrumb":{"@id":"https:\/\/teatrodamaluca.pt\/index.php\/teatro-da-maluca\/#breadcrumb"},"inLanguage":"pt-PT","potentialAction":[{"@type":"ReadAction","target":["https:\/\/teatrodamaluca.pt\/index.php\/teatro-da-maluca\/"]}]},{"@type":"ImageObject","inLanguage":"pt-PT","@id":"https:\/\/teatrodamaluca.pt\/index.php\/teatro-da-maluca\/#primaryimage","url":"https:\/\/teatrodamaluca.pt\/wp-content\/uploads\/2025\/01\/IMG_20240919_184459-1-scaled.jpg","contentUrl":"https:\/\/teatrodamaluca.pt\/wp-content\/uploads\/2025\/01\/IMG_20240919_184459-1-scaled.jpg","width":1920,"height":2560},{"@type":"BreadcrumbList","@id":"https:\/\/teatrodamaluca.pt\/index.php\/teatro-da-maluca\/#breadcrumb","itemListElement":[{"@type":"ListItem","position":1,"name":"In\u00edcio","item":"https:\/\/teatrodamaluca.pt\/"},{"@type":"ListItem","position":2,"name":"TEATRO DA MALUCA"}]},{"@type":"WebSite","@id":"https:\/\/teatrodamaluca.pt\/#website","url":"https:\/\/teatrodamaluca.pt\/","name":"Teatro da Maluca","description":"Oficinas de Teatro para todas as idades, sess\u00f5es de contos e espet\u00e1culos","publisher":{"@id":"https:\/\/teatrodamaluca.pt\/#organization"},"potentialAction":[{"@type":"SearchAction","target":{"@type":"EntryPoint","urlTemplate":"https:\/\/teatrodamaluca.pt\/?s={search_term_string}"},"query-input":{"@type":"PropertyValueSpecification","valueRequired":true,"valueName":"search_term_string"}}],"inLanguage":"pt-PT"},{"@type":"Organization","@id":"https:\/\/teatrodamaluca.pt\/#organization","name":"Teatro da Maluca","url":"https:\/\/teatrodamaluca.pt\/","logo":{"@type":"ImageObject","inLanguage":"pt-PT","@id":"https:\/\/teatrodamaluca.pt\/#\/schema\/logo\/image\/","url":"https:\/\/teatrodamaluca.pt\/wp-content\/uploads\/2024\/06\/z1717082033-1.png","contentUrl":"https:\/\/teatrodamaluca.pt\/wp-content\/uploads\/2024\/06\/z1717082033-1.png","width":512,"height":512,"caption":"Teatro da Maluca"},"image":{"@id":"https:\/\/teatrodamaluca.pt\/#\/schema\/logo\/image\/"},"sameAs":["https:\/\/www.facebook.com\/TeatrodaMaluca\/"]}]}},"_links":{"self":[{"href":"https:\/\/teatrodamaluca.pt\/index.php\/wp-json\/wp\/v2\/pages\/33","targetHints":{"allow":["GET"]}}],"collection":[{"href":"https:\/\/teatrodamaluca.pt\/index.php\/wp-json\/wp\/v2\/pages"}],"about":[{"href":"https:\/\/teatrodamaluca.pt\/index.php\/wp-json\/wp\/v2\/types\/page"}],"author":[{"embeddable":true,"href":"https:\/\/teatrodamaluca.pt\/index.php\/wp-json\/wp\/v2\/users\/1"}],"replies":[{"embeddable":true,"href":"https:\/\/teatrodamaluca.pt\/index.php\/wp-json\/wp\/v2\/comments?post=33"}],"version-history":[{"count":9,"href":"https:\/\/teatrodamaluca.pt\/index.php\/wp-json\/wp\/v2\/pages\/33\/revisions"}],"predecessor-version":[{"id":1235,"href":"https:\/\/teatrodamaluca.pt\/index.php\/wp-json\/wp\/v2\/pages\/33\/revisions\/1235"}],"wp:attachment":[{"href":"https:\/\/teatrodamaluca.pt\/index.php\/wp-json\/wp\/v2\/media?parent=33"}],"curies":[{"name":"wp","href":"https:\/\/api.w.org\/{rel}","templated":true}]}}