{"id":275,"date":"2024-06-05T18:38:57","date_gmt":"2024-06-05T18:38:57","guid":{"rendered":"https:\/\/teatrodamaluca.pt\/?page_id=275"},"modified":"2024-12-28T09:21:11","modified_gmt":"2024-12-28T09:21:11","slug":"politica-de-privacidade","status":"publish","type":"page","link":"https:\/\/teatrodamaluca.pt\/index.php\/politica-de-privacidade\/","title":{"rendered":"Pol\u00edtica de privacidade"},"content":{"rendered":"\n<p style=\"line-height:1.6\">O Regulamento Geral sobre a Prote\u00e7\u00e3o de Dados (RGPD) publicado a 25 de maio de 2018, estabelece as regras relativas \u00e0 prote\u00e7\u00e3o de pessoais singulares no que diz respeito ao tratamento de dados pessoais e \u00e0 livre circula\u00e7\u00e3o desses dados.<\/p>\n\n\n\n<p style=\"line-height:1.6\">Este defende a prote\u00e7\u00e3o dos direitos fundamentais de liberdade e princ\u00edpios reconhecidos na Carta dos Direitos Fundamentais da Uni\u00e3o Europeia, nomeadamente o respeito pela vida privada e familiar, pelo domic\u00edlio e pelas comunica\u00e7\u00f5es, a liberdade de pensamento, de consci\u00eancia e de religi\u00e3o, a liberdade de express\u00e3o e de informa\u00e7\u00e3o e a diversidade cultural, religiosa e lingu\u00edstica.<\/p>\n\n\n\n<p style=\"line-height:1.6\">A prote\u00e7\u00e3o \u00e9 neutra em termos tecnol\u00f3gicos e aplica-se tanto ao tratamento automatizado como ao tratamento manual, desde que os dados sejam organizados de acordo com crit\u00e9rios predefinidos (por exemplo, por ordem alfab\u00e9tica). Tamb\u00e9m \u00e9 indiferente o modo como os dados s\u00e3o armazenados: se em sistema inform\u00e1tico, se em papel ou atrav\u00e9s de videovigil\u00e2ncia; em todos estes casos, os dados pessoais est\u00e3o sujeitos aos requisitos de prote\u00e7\u00e3o previstos no RGPD.<\/p>\n\n\n\n<p style=\"line-height:1.6\">RESPONS\u00c1VEL PELO TRATAMENTO DE DADOS<\/p>\n\n\n\n<p style=\"line-height:1.6\">O Teatro da Maluca \u00e9 o respons\u00e1vel pela recolha e tratamento dos dados pessoais.<\/p>\n\n\n\n<p style=\"line-height:1.6\">Para os devidos efeitos, designadamente os que constam da regulamenta\u00e7\u00e3o comunit\u00e1ria e legisla\u00e7\u00e3o nacional aplic\u00e1vel, os direitos que devam ser exercidos junto do Respons\u00e1vel pelo Tratamento dever\u00e3o ser apresentados ao Gabinete de Comunica\u00e7\u00e3o, que pode ser contactado atrav\u00e9s do endere\u00e7o electr\u00f3nico: geral@teatrodamaluca.pt.<\/p>\n\n\n\n<p style=\"line-height:1.6\">Ao disponibilizar os seus dados pessoais ao Teatro da Maluca, o titular de dados pessoais consente que os mesmos sejam tratados de acordo com a presente Pol\u00edtica de Privacidade.<\/p>\n\n\n\n<p style=\"line-height:1.6\">A presente Pol\u00edtica de Privacidade aplica-se aos dados que tenham sido diretamente fornecidos pelo respectivo titular ou recolhidos em acessos do titular \u00e0 plataforma.<\/p>\n\n\n\n<p style=\"line-height:1.6\">FINALIDADE DA RECOLHA DE DADOS<\/p>\n\n\n\n<p style=\"line-height:1.6\">O Teatro da Maluca apenas utiliza os dados para os seguintes prop\u00f3sitos:<\/p>\n\n\n\n<ul class=\"wp-block-list\">\n<li style=\"line-height:1.6\">Comunica\u00e7\u00e3o com o p\u00fablico e esclarecimento de d\u00favidas<\/li>\n\n\n\n<li>Processamento de pedidos de informa\u00e7\u00e3o<\/li>\n\n\n\n<li>Comunica\u00e7\u00e3o das atividades do Teatro da Maluca (mediante consentimento)<\/li>\n<\/ul>\n\n\n\n<p style=\"line-height:1.6\">CONSERVA\u00c7\u00c3O DOS DADOS<\/p>\n\n\n\n<p style=\"line-height:1.6\">Os dados ser\u00e3o conservados apenas durante o per\u00edodo necess\u00e1rio para servir a finalidade para a qual foram recolhidos.<\/p>\n\n\n\n<p style=\"line-height:1.6\">DIREITO DO TITULAR DOS DADOS<\/p>\n\n\n\n<p style=\"line-height:1.6\">O titular dos dados tem o direito de pedir a sua retifica\u00e7\u00e3o ou retirar o seu consentimento e \/ ou pedir a sua destrui\u00e7\u00e3o, em qualquer altura. <\/p>\n\n\n\n<p style=\"line-height:1.6\">Para retirar o seu consentimento, pode contactar-nos atrav\u00e9s do endere\u00e7o de correio eletr\u00f3nico: geral@teatrodamaluca.pt<\/p>\n\n\n\n<p><\/p>\n\n\n\n<p><\/p>\n\n\n\n<h2 class=\"wp-block-heading\">Cookies<\/h2>\n\n\n\n<p style=\"line-height:1.6\">O website utiliza os considerados cookies t\u00e9cnicos que apenas guardam informa\u00e7\u00f5es tempor\u00e1rias para melhorar a experi\u00eancia do utilizador.<\/p>\n\n\n\n<p style=\"line-height:1.6\">Os cookies n\u00e3o guardam informa\u00e7\u00f5es pessoais.<\/p>\n\n\n\n<p style=\"line-height:1.6\">Na maioria dos navegadores de Internet os cookies podem ser facilmente removidos ou recusados. Poder\u00e1 alterar as suas permiss\u00f5es ao selecionar as defini\u00e7\u00f5es pretendidas no navegador.<\/p>\n\n\n\n<p><\/p>\n","protected":false},"excerpt":{"rendered":"<p>O Regulamento Geral sobre a Prote\u00e7\u00e3o de Dados (RGPD) publicado a 25 de maio de 2018, estabelece as regras relativas \u00e0 prote\u00e7\u00e3o de pessoais singulares no que diz respeito ao tratamento de dados pessoais e \u00e0 livre circula\u00e7\u00e3o desses dados. Este defende a prote\u00e7\u00e3o dos direitos fundamentais de liberdade e princ\u00edpios reconhecidos na Carta dos [&hellip;]<\/p>\n","protected":false},"author":1,"featured_media":0,"parent":0,"menu_order":0,"comment_status":"closed","ping_status":"closed","template":"","meta":{"_themeisle_gutenberg_block_has_review":false,"footnotes":""},"class_list":["post-275","page","type-page","status-publish","hentry"],"yoast_head":"<!-- This site is optimized with the Yoast SEO plugin v25.1 - https:\/\/yoast.com\/wordpress\/plugins\/seo\/ -->\n<title>Pol\u00edtica de privacidade - Teatro da Maluca<\/title>\n<meta name=\"robots\" content=\"index, follow, max-snippet:-1, max-image-preview:large, max-video-preview:-1\" \/>\n<link rel=\"canonical\" href=\"https:\/\/teatrodamaluca.pt\/index.php\/politica-de-privacidade\/\" \/>\n<meta property=\"og:locale\" content=\"pt_PT\" \/>\n<meta property=\"og:type\" content=\"article\" \/>\n<meta property=\"og:title\" content=\"Pol\u00edtica de privacidade - Teatro da Maluca\" \/>\n<meta property=\"og:description\" content=\"O Regulamento Geral sobre a Prote\u00e7\u00e3o de Dados (RGPD) publicado a 25 de maio de 2018, estabelece as regras relativas \u00e0 prote\u00e7\u00e3o de pessoais singulares no que diz respeito ao tratamento de dados pessoais e \u00e0 livre circula\u00e7\u00e3o desses dados. Este defende a prote\u00e7\u00e3o dos direitos fundamentais de liberdade e princ\u00edpios reconhecidos na Carta dos [&hellip;]\" \/>\n<meta property=\"og:url\" content=\"https:\/\/teatrodamaluca.pt\/index.php\/politica-de-privacidade\/\" \/>\n<meta property=\"og:site_name\" content=\"Teatro da Maluca\" \/>\n<meta property=\"article:publisher\" content=\"https:\/\/www.facebook.com\/TeatrodaMaluca\/\" \/>\n<meta property=\"article:modified_time\" content=\"2024-12-28T09:21:11+00:00\" \/>\n<meta property=\"og:image\" content=\"https:\/\/teatrodamaluca.pt\/wp-content\/uploads\/2024\/06\/z1717082033-1.png\" \/>\n\t<meta property=\"og:image:width\" content=\"512\" \/>\n\t<meta property=\"og:image:height\" content=\"512\" \/>\n\t<meta property=\"og:image:type\" content=\"image\/png\" \/>\n<meta name=\"twitter:card\" content=\"summary_large_image\" \/>\n<meta name=\"twitter:label1\" content=\"Tempo estimado de leitura\" \/>\n\t<meta name=\"twitter:data1\" content=\"3 minutos\" \/>\n<script type=\"application\/ld+json\" class=\"yoast-schema-graph\">{\"@context\":\"https:\/\/schema.org\",\"@graph\":[{\"@type\":\"WebPage\",\"@id\":\"https:\/\/teatrodamaluca.pt\/index.php\/politica-de-privacidade\/\",\"url\":\"https:\/\/teatrodamaluca.pt\/index.php\/politica-de-privacidade\/\",\"name\":\"Pol\u00edtica de privacidade - Teatro da Maluca\",\"isPartOf\":{\"@id\":\"https:\/\/teatrodamaluca.pt\/#website\"},\"datePublished\":\"2024-06-05T18:38:57+00:00\",\"dateModified\":\"2024-12-28T09:21:11+00:00\",\"breadcrumb\":{\"@id\":\"https:\/\/teatrodamaluca.pt\/index.php\/politica-de-privacidade\/#breadcrumb\"},\"inLanguage\":\"pt-PT\",\"potentialAction\":[{\"@type\":\"ReadAction\",\"target\":[\"https:\/\/teatrodamaluca.pt\/index.php\/politica-de-privacidade\/\"]}]},{\"@type\":\"BreadcrumbList\",\"@id\":\"https:\/\/teatrodamaluca.pt\/index.php\/politica-de-privacidade\/#breadcrumb\",\"itemListElement\":[{\"@type\":\"ListItem\",\"position\":1,\"name\":\"In\u00edcio\",\"item\":\"https:\/\/teatrodamaluca.pt\/\"},{\"@type\":\"ListItem\",\"position\":2,\"name\":\"Pol\u00edtica de privacidade\"}]},{\"@type\":\"WebSite\",\"@id\":\"https:\/\/teatrodamaluca.pt\/#website\",\"url\":\"https:\/\/teatrodamaluca.pt\/\",\"name\":\"Teatro da Maluca\",\"description\":\"Oficinas de Teatro para todas as idades, sess\u00f5es de contos e espet\u00e1culos\",\"publisher\":{\"@id\":\"https:\/\/teatrodamaluca.pt\/#organization\"},\"potentialAction\":[{\"@type\":\"SearchAction\",\"target\":{\"@type\":\"EntryPoint\",\"urlTemplate\":\"https:\/\/teatrodamaluca.pt\/?s={search_term_string}\"},\"query-input\":{\"@type\":\"PropertyValueSpecification\",\"valueRequired\":true,\"valueName\":\"search_term_string\"}}],\"inLanguage\":\"pt-PT\"},{\"@type\":\"Organization\",\"@id\":\"https:\/\/teatrodamaluca.pt\/#organization\",\"name\":\"Teatro da Maluca\",\"url\":\"https:\/\/teatrodamaluca.pt\/\",\"logo\":{\"@type\":\"ImageObject\",\"inLanguage\":\"pt-PT\",\"@id\":\"https:\/\/teatrodamaluca.pt\/#\/schema\/logo\/image\/\",\"url\":\"https:\/\/teatrodamaluca.pt\/wp-content\/uploads\/2024\/06\/z1717082033-1.png\",\"contentUrl\":\"https:\/\/teatrodamaluca.pt\/wp-content\/uploads\/2024\/06\/z1717082033-1.png\",\"width\":512,\"height\":512,\"caption\":\"Teatro da Maluca\"},\"image\":{\"@id\":\"https:\/\/teatrodamaluca.pt\/#\/schema\/logo\/image\/\"},\"sameAs\":[\"https:\/\/www.facebook.com\/TeatrodaMaluca\/\"]}]}<\/script>\n<!-- \/ Yoast SEO plugin. -->","yoast_head_json":{"title":"Pol\u00edtica de privacidade - Teatro da Maluca","robots":{"index":"index","follow":"follow","max-snippet":"max-snippet:-1","max-image-preview":"max-image-preview:large","max-video-preview":"max-video-preview:-1"},"canonical":"https:\/\/teatrodamaluca.pt\/index.php\/politica-de-privacidade\/","og_locale":"pt_PT","og_type":"article","og_title":"Pol\u00edtica de privacidade - Teatro da Maluca","og_description":"O Regulamento Geral sobre a Prote\u00e7\u00e3o de Dados (RGPD) publicado a 25 de maio de 2018, estabelece as regras relativas \u00e0 prote\u00e7\u00e3o de pessoais singulares no que diz respeito ao tratamento de dados pessoais e \u00e0 livre circula\u00e7\u00e3o desses dados. Este defende a prote\u00e7\u00e3o dos direitos fundamentais de liberdade e princ\u00edpios reconhecidos na Carta dos [&hellip;]","og_url":"https:\/\/teatrodamaluca.pt\/index.php\/politica-de-privacidade\/","og_site_name":"Teatro da Maluca","article_publisher":"https:\/\/www.facebook.com\/TeatrodaMaluca\/","article_modified_time":"2024-12-28T09:21:11+00:00","og_image":[{"width":512,"height":512,"url":"https:\/\/teatrodamaluca.pt\/wp-content\/uploads\/2024\/06\/z1717082033-1.png","type":"image\/png"}],"twitter_card":"summary_large_image","twitter_misc":{"Tempo estimado de leitura":"3 minutos"},"schema":{"@context":"https:\/\/schema.org","@graph":[{"@type":"WebPage","@id":"https:\/\/teatrodamaluca.pt\/index.php\/politica-de-privacidade\/","url":"https:\/\/teatrodamaluca.pt\/index.php\/politica-de-privacidade\/","name":"Pol\u00edtica de privacidade - Teatro da Maluca","isPartOf":{"@id":"https:\/\/teatrodamaluca.pt\/#website"},"datePublished":"2024-06-05T18:38:57+00:00","dateModified":"2024-12-28T09:21:11+00:00","breadcrumb":{"@id":"https:\/\/teatrodamaluca.pt\/index.php\/politica-de-privacidade\/#breadcrumb"},"inLanguage":"pt-PT","potentialAction":[{"@type":"ReadAction","target":["https:\/\/teatrodamaluca.pt\/index.php\/politica-de-privacidade\/"]}]},{"@type":"BreadcrumbList","@id":"https:\/\/teatrodamaluca.pt\/index.php\/politica-de-privacidade\/#breadcrumb","itemListElement":[{"@type":"ListItem","position":1,"name":"In\u00edcio","item":"https:\/\/teatrodamaluca.pt\/"},{"@type":"ListItem","position":2,"name":"Pol\u00edtica de privacidade"}]},{"@type":"WebSite","@id":"https:\/\/teatrodamaluca.pt\/#website","url":"https:\/\/teatrodamaluca.pt\/","name":"Teatro da Maluca","description":"Oficinas de Teatro para todas as idades, sess\u00f5es de contos e espet\u00e1culos","publisher":{"@id":"https:\/\/teatrodamaluca.pt\/#organization"},"potentialAction":[{"@type":"SearchAction","target":{"@type":"EntryPoint","urlTemplate":"https:\/\/teatrodamaluca.pt\/?s={search_term_string}"},"query-input":{"@type":"PropertyValueSpecification","valueRequired":true,"valueName":"search_term_string"}}],"inLanguage":"pt-PT"},{"@type":"Organization","@id":"https:\/\/teatrodamaluca.pt\/#organization","name":"Teatro da Maluca","url":"https:\/\/teatrodamaluca.pt\/","logo":{"@type":"ImageObject","inLanguage":"pt-PT","@id":"https:\/\/teatrodamaluca.pt\/#\/schema\/logo\/image\/","url":"https:\/\/teatrodamaluca.pt\/wp-content\/uploads\/2024\/06\/z1717082033-1.png","contentUrl":"https:\/\/teatrodamaluca.pt\/wp-content\/uploads\/2024\/06\/z1717082033-1.png","width":512,"height":512,"caption":"Teatro da Maluca"},"image":{"@id":"https:\/\/teatrodamaluca.pt\/#\/schema\/logo\/image\/"},"sameAs":["https:\/\/www.facebook.com\/TeatrodaMaluca\/"]}]}},"_links":{"self":[{"href":"https:\/\/teatrodamaluca.pt\/index.php\/wp-json\/wp\/v2\/pages\/275","targetHints":{"allow":["GET"]}}],"collection":[{"href":"https:\/\/teatrodamaluca.pt\/index.php\/wp-json\/wp\/v2\/pages"}],"about":[{"href":"https:\/\/teatrodamaluca.pt\/index.php\/wp-json\/wp\/v2\/types\/page"}],"author":[{"embeddable":true,"href":"https:\/\/teatrodamaluca.pt\/index.php\/wp-json\/wp\/v2\/users\/1"}],"replies":[{"embeddable":true,"href":"https:\/\/teatrodamaluca.pt\/index.php\/wp-json\/wp\/v2\/comments?post=275"}],"version-history":[{"count":4,"href":"https:\/\/teatrodamaluca.pt\/index.php\/wp-json\/wp\/v2\/pages\/275\/revisions"}],"predecessor-version":[{"id":629,"href":"https:\/\/teatrodamaluca.pt\/index.php\/wp-json\/wp\/v2\/pages\/275\/revisions\/629"}],"wp:attachment":[{"href":"https:\/\/teatrodamaluca.pt\/index.php\/wp-json\/wp\/v2\/media?parent=275"}],"curies":[{"name":"wp","href":"https:\/\/api.w.org\/{rel}","templated":true}]}}