{"id":1549,"date":"2025-11-08T21:50:07","date_gmt":"2025-11-08T21:50:07","guid":{"rendered":"https:\/\/teatrodamaluca.pt\/?page_id=1549"},"modified":"2026-01-23T12:04:24","modified_gmt":"2026-01-23T12:04:24","slug":"maria-maluca-espetaculo-de-teatro","status":"publish","type":"page","link":"https:\/\/teatrodamaluca.pt\/index.php\/maria-maluca-espetaculo-de-teatro\/","title":{"rendered":"MARIA MALUCA"},"content":{"rendered":"\n<div class=\"wp-block-media-text\" style=\"grid-template-columns:44% auto\"><figure class=\"wp-block-media-text__media\"><img loading=\"lazy\" decoding=\"async\" width=\"810\" height=\"1024\" src=\"https:\/\/teatrodamaluca.pt\/wp-content\/uploads\/2025\/11\/Cartaz_Maria-Maluca_sem_datas-810x1024.jpg\" alt=\"\" class=\"wp-image-1568 size-full\" srcset=\"https:\/\/teatrodamaluca.pt\/wp-content\/uploads\/2025\/11\/Cartaz_Maria-Maluca_sem_datas-810x1024.jpg 810w, https:\/\/teatrodamaluca.pt\/wp-content\/uploads\/2025\/11\/Cartaz_Maria-Maluca_sem_datas-237x300.jpg 237w, https:\/\/teatrodamaluca.pt\/wp-content\/uploads\/2025\/11\/Cartaz_Maria-Maluca_sem_datas-768x971.jpg 768w, https:\/\/teatrodamaluca.pt\/wp-content\/uploads\/2025\/11\/Cartaz_Maria-Maluca_sem_datas-1214x1536.jpg 1214w, https:\/\/teatrodamaluca.pt\/wp-content\/uploads\/2025\/11\/Cartaz_Maria-Maluca_sem_datas-1619x2048.jpg 1619w, https:\/\/teatrodamaluca.pt\/wp-content\/uploads\/2025\/11\/Cartaz_Maria-Maluca_sem_datas-scaled.jpg 2024w\" sizes=\"auto, (max-width: 810px) 100vw, 810px\" \/><\/figure><div class=\"wp-block-media-text__content\">\n<p style=\"line-height:1.6\"><strong>FICHA ART\u00cdSTICA &nbsp;<\/strong><\/p>\n\n\n\n<p style=\"line-height:1.6\"><strong>PESQUISA<\/strong> Maria Jo\u00e3o Miguel&nbsp;e Ana Limpinho<\/p>\n\n\n\n<p style=\"line-height:1.6\"><strong>TEXTO E DRAMATURGIA<\/strong> Hugo Sovelas e Maria Jo\u00e3o Miguel&nbsp;<\/p>\n\n\n\n<p style=\"line-height:1.6\"><strong>ENCENA\u00c7\u00c3O <\/strong>Hugo Sovelas &nbsp;<\/p>\n\n\n\n<p style=\"line-height:1.6\"><strong>INTERPRETA\u00c7\u00c3O <\/strong>Maria Jo\u00e3o Miguel&nbsp;<\/p>\n\n\n\n<p style=\"line-height:1.6\"><strong>CENOGRAFIA E FIGURINOS<\/strong> Ana Limpinho&nbsp;<\/p>\n\n\n\n<p style=\"line-height:1.6\"><strong>ASSIST\u00caNCIA DE CENOGRAFIA <\/strong>Hugo Limpinho<\/p>\n\n\n\n<p style=\"line-height:1.6\"><strong>M\u00daSICA<\/strong> Adriano Filipe&nbsp;<\/p>\n\n\n\n<p style=\"line-height:1.6\"><strong>OPERA\u00c7\u00c3O T\u00c9CNICA <\/strong>Hugo Santos<\/p>\n\n\n\n<p style=\"line-height:1.6\"><strong>VOZ OFF &#8211;<\/strong> Augusto Pinto, Avelino Andr\u00e9, Ilda Brito, Nat\u00e1lia Fal\u00e9 e Raul Fal\u00e9<\/p>\n\n\n\n<p style=\"line-height:1.6\"><strong>PRODU\u00c7\u00c3O <\/strong>Teatro da Maluca<\/p>\n\n\n\n<p style=\"line-height:1.6\"><strong>TEMPO DE DURA\u00c7\u00c3O <\/strong>60 minutos&nbsp;<\/p>\n\n\n\n<p style=\"line-height:1.6\"><strong>P\u00daBLICO-ALVO<\/strong> maiores<strong> <\/strong>de 6 anos<\/p>\n\n\n\n<p style=\"line-height:1.6\"><strong>ESTREIA <\/strong>6 de Dezembro de 2025<\/p>\n<\/div><\/div>\n\n\n\n<p style=\"line-height:1.6\"><strong>APOIOS: <\/strong>C\u00e2mara Municipal de Loures, Junta de Freguesia de Loures, Funda\u00e7\u00e3o GDA, Funda\u00e7\u00e3o INATEL, OndaGrafe e Grupo Uni\u00e3o Lebrense<\/p>\n\n\n\n<div class=\"wp-block-group is-layout-constrained wp-block-group-is-layout-constrained\">\n<div class=\"wp-block-group is-vertical is-layout-flex wp-container-core-group-is-layout-4b827052 wp-block-group-is-layout-flex\">\n<p style=\"line-height:1.6\"><strong>Digress\u00e3o Saloia<\/strong><\/p>\n\n\n\n<p style=\"line-height:1.6\"><strong>6 Dezembro 21h &#8211; <\/strong>G. U. Lebres (A-das-Lebres)<\/p>\n\n\n\n<p style=\"line-height:1.6\"><strong>7 Dezembro 16:30h &#8211; <\/strong>G. U. Lebres (A-das-Lebres)<\/p>\n\n\n\n<div class=\"wp-block-group is-layout-constrained wp-block-group-is-layout-constrained\">\n<p style=\"line-height:1.6\"><strong>20 Dezembro &nbsp;21h &#8211; <\/strong>Teatro da Maluca (Loures)<\/p>\n<\/div>\n\n\n\n<div class=\"wp-block-group is-layout-constrained wp-block-group-is-layout-constrained\">\n<p style=\"line-height:1.6\"><strong>21 Dezembro 16:30h &#8211; <\/strong>Teatro da Maluca (Loures)<\/p>\n<\/div>\n<\/div>\n<\/div>\n\n\n\n<p><em>Entrada livre sujeita \u00e0 lota\u00e7\u00e3o da sala.<\/em><\/p>\n\n\n\n<div class=\"wp-block-group is-vertical is-layout-flex wp-container-core-group-is-layout-fe9cc265 wp-block-group-is-layout-flex\">\n<p><em>Reservas: geral@gmail.com \/ 91 850 34 97<\/em><\/p>\n<\/div>\n\n\n\n<p><\/p>\n\n\n\n<h2 class=\"wp-block-heading has-raft-accent-color has-text-color has-link-color wp-elements-5601fe16014430193b15df7223a3f277\"><strong>MARIA MALUCA <\/strong><strong>&nbsp;<\/strong><\/h2>\n\n\n\n<p style=\"line-height:1.6\">Em meados do s\u00e9culo passado, mesmo no centro de Loures, viveu uma mulher cujo nome foi esquecido e substitu\u00eddo por \u201cMaluca\u201d. Os mi\u00fados, entre si, avisavam: \u201cN\u00e3o v\u00e1s ao Campo da Maluca, cuidado com a Maluca\u2026\u201d Mas afinal quem foi a \u201cMaluca\u201d?&nbsp;<\/p>\n\n\n\n<p style=\"line-height:1.6\">Este espet\u00e1culo resulta da investiga\u00e7\u00e3o sobre a vida da mulher que veio a dar, popularmente, o nome de \u201cCampo da Maluca\u201d ao atual Largo Marcos Rom\u00e3o dos Reis J\u00fanior e, consequentemente, o nome ao nosso Teatro. <\/p>\n\n\n\n<p style=\"line-height:1.6\">Mas afinal\u2026 quem foi a \u201cMaluca\u201d? Quem foi esta mulher que ficou na mem\u00f3ria de todos os Lourenses e de quem ainda falam com tanto entusiasmo? <\/p>\n\n\n\n<p style=\"line-height:1.6\">Quisemos saber e fomos \u00e0 procura, conversando e convocando as gentes de Loures para esta pesquisa. Chamavam-lhe \u201cMaluca\u201d pela forma particular como se zangava com os rapazes que jogavam \u00e0 bola no descampado junto \u00e0 sua casa, forma esta que teve um impacto grande na mem\u00f3ria coletiva. <\/p>\n\n\n\n<p style=\"line-height:1.6\">Mas quem foi esta mulher? \u00c9 entre a mem\u00f3ria e o mito que nasce este espect\u00e1culo que nos fala desta &#8211; chamemos-lhe \u201cMaria\u201d &#8211; mas tamb\u00e9m de tantas outras Marias por essas terras fora. Marias que lutaram contra a pobreza, que trabalharam de sol a sol e que se irritaram com os rapazes que sujavam os len\u00e7\u00f3is que tanto trabalho lhes dava lavar. <\/p>\n\n\n\n<p style=\"line-height:1.6\">Maria viveu at\u00e9 aos anos 50, era lavadeira, como muitas mulheres da regi\u00e3o saloia. Solteira, solit\u00e1ria, rabugenta e malcriada, Maria \u00e9 o retrato de um pa\u00eds pobre, onde os mais fr\u00e1geis s\u00e3o esquecidos e deixados \u00e0 sua sorte, mas tamb\u00e9m \u00e9 o retrato de quem tra\u00e7ou o seu caminho, independentemente das press\u00f5es sociais. <\/p>\n\n\n\n<p style=\"line-height:1.6\">Com este espet\u00e1culo queremos falar da vida em comunidade e da emancipa\u00e7\u00e3o da mulher, apelando \u00e0 reflex\u00e3o sobre o contexto mundial em que vivemos, alertando para a urg\u00eancia em combater as desigualdades de g\u00e9nero, bem como, as desigualdades de todos os g\u00e9neros.&nbsp;<\/p>\n\n\n\n<figure class=\"wp-block-embed aligncenter is-type-video is-provider-youtube wp-block-embed-youtube wp-embed-aspect-4-3 wp-has-aspect-ratio\"><div class=\"wp-block-embed__wrapper\">\n<iframe loading=\"lazy\" title=\"MARIA MALUCA   espet\u00e1culo de teatro\" width=\"500\" height=\"375\" src=\"https:\/\/www.youtube.com\/embed\/s8aejpkxwow?feature=oembed\" frameborder=\"0\" allow=\"accelerometer; autoplay; clipboard-write; encrypted-media; gyroscope; picture-in-picture; web-share\" referrerpolicy=\"strict-origin-when-cross-origin\" allowfullscreen><\/iframe>\n<\/div><\/figure>\n\n\n\n<div class=\"wp-block-group is-layout-constrained wp-block-group-is-layout-constrained\">\n<figure class=\"wp-block-gallery has-nested-images columns-default is-cropped wp-block-gallery-1 is-layout-flex wp-block-gallery-is-layout-flex\">\n<figure class=\"wp-block-image size-large\"><img loading=\"lazy\" decoding=\"async\" width=\"1024\" height=\"683\" data-id=\"1574\" src=\"https:\/\/teatrodamaluca.pt\/wp-content\/uploads\/2025\/12\/maria-maluca-foto-1024x683.jpg\" alt=\"MARIA MALUCA FOTOS\" class=\"wp-image-1574\" srcset=\"https:\/\/teatrodamaluca.pt\/wp-content\/uploads\/2025\/12\/maria-maluca-foto-1024x683.jpg 1024w, https:\/\/teatrodamaluca.pt\/wp-content\/uploads\/2025\/12\/maria-maluca-foto-300x200.jpg 300w, https:\/\/teatrodamaluca.pt\/wp-content\/uploads\/2025\/12\/maria-maluca-foto-768x512.jpg 768w, https:\/\/teatrodamaluca.pt\/wp-content\/uploads\/2025\/12\/maria-maluca-foto-1536x1024.jpg 1536w, https:\/\/teatrodamaluca.pt\/wp-content\/uploads\/2025\/12\/maria-maluca-foto.jpg 2048w\" sizes=\"auto, (max-width: 1024px) 100vw, 1024px\" \/><\/figure>\n\n\n\n<figure class=\"wp-block-image size-large\"><img loading=\"lazy\" decoding=\"async\" width=\"1024\" height=\"739\" data-id=\"1575\" src=\"https:\/\/teatrodamaluca.pt\/wp-content\/uploads\/2025\/12\/maria-maluca-foto1-1024x739.jpg\" alt=\"\" class=\"wp-image-1575\" srcset=\"https:\/\/teatrodamaluca.pt\/wp-content\/uploads\/2025\/12\/maria-maluca-foto1-1024x739.jpg 1024w, https:\/\/teatrodamaluca.pt\/wp-content\/uploads\/2025\/12\/maria-maluca-foto1-300x217.jpg 300w, https:\/\/teatrodamaluca.pt\/wp-content\/uploads\/2025\/12\/maria-maluca-foto1-768x554.jpg 768w, https:\/\/teatrodamaluca.pt\/wp-content\/uploads\/2025\/12\/maria-maluca-foto1-1536x1109.jpg 1536w, https:\/\/teatrodamaluca.pt\/wp-content\/uploads\/2025\/12\/maria-maluca-foto1.jpg 2048w\" sizes=\"auto, (max-width: 1024px) 100vw, 1024px\" \/><\/figure>\n\n\n\n<figure class=\"wp-block-image size-large\"><img loading=\"lazy\" decoding=\"async\" width=\"1024\" height=\"683\" data-id=\"1577\" src=\"https:\/\/teatrodamaluca.pt\/wp-content\/uploads\/2025\/12\/maria-maluca-foto3-1024x683.jpg\" alt=\"\" class=\"wp-image-1577\" srcset=\"https:\/\/teatrodamaluca.pt\/wp-content\/uploads\/2025\/12\/maria-maluca-foto3-1024x683.jpg 1024w, https:\/\/teatrodamaluca.pt\/wp-content\/uploads\/2025\/12\/maria-maluca-foto3-300x200.jpg 300w, https:\/\/teatrodamaluca.pt\/wp-content\/uploads\/2025\/12\/maria-maluca-foto3-768x512.jpg 768w, https:\/\/teatrodamaluca.pt\/wp-content\/uploads\/2025\/12\/maria-maluca-foto3-1536x1024.jpg 1536w, https:\/\/teatrodamaluca.pt\/wp-content\/uploads\/2025\/12\/maria-maluca-foto3.jpg 2048w\" sizes=\"auto, (max-width: 1024px) 100vw, 1024px\" \/><\/figure>\n\n\n\n<figure class=\"wp-block-image size-large\"><img loading=\"lazy\" decoding=\"async\" width=\"1024\" height=\"683\" data-id=\"1579\" src=\"https:\/\/teatrodamaluca.pt\/wp-content\/uploads\/2025\/12\/maria-maluca-foto5-1024x683.jpg\" alt=\"\" class=\"wp-image-1579\" srcset=\"https:\/\/teatrodamaluca.pt\/wp-content\/uploads\/2025\/12\/maria-maluca-foto5-1024x683.jpg 1024w, https:\/\/teatrodamaluca.pt\/wp-content\/uploads\/2025\/12\/maria-maluca-foto5-300x200.jpg 300w, https:\/\/teatrodamaluca.pt\/wp-content\/uploads\/2025\/12\/maria-maluca-foto5-768x512.jpg 768w, https:\/\/teatrodamaluca.pt\/wp-content\/uploads\/2025\/12\/maria-maluca-foto5-1536x1024.jpg 1536w, https:\/\/teatrodamaluca.pt\/wp-content\/uploads\/2025\/12\/maria-maluca-foto5.jpg 2048w\" sizes=\"auto, (max-width: 1024px) 100vw, 1024px\" \/><\/figure>\n\n\n\n<figure class=\"wp-block-image size-large\"><img loading=\"lazy\" decoding=\"async\" width=\"682\" height=\"1024\" data-id=\"1580\" src=\"https:\/\/teatrodamaluca.pt\/wp-content\/uploads\/2025\/12\/maria-maluca-foto6-682x1024.jpg\" alt=\"\" class=\"wp-image-1580\" srcset=\"https:\/\/teatrodamaluca.pt\/wp-content\/uploads\/2025\/12\/maria-maluca-foto6-682x1024.jpg 682w, https:\/\/teatrodamaluca.pt\/wp-content\/uploads\/2025\/12\/maria-maluca-foto6-200x300.jpg 200w, https:\/\/teatrodamaluca.pt\/wp-content\/uploads\/2025\/12\/maria-maluca-foto6-768x1152.jpg 768w, https:\/\/teatrodamaluca.pt\/wp-content\/uploads\/2025\/12\/maria-maluca-foto6-1024x1536.jpg 1024w, https:\/\/teatrodamaluca.pt\/wp-content\/uploads\/2025\/12\/maria-maluca-foto6.jpg 1173w\" sizes=\"auto, (max-width: 682px) 100vw, 682px\" \/><\/figure>\n\n\n\n<figure class=\"wp-block-image size-large\"><img loading=\"lazy\" decoding=\"async\" width=\"847\" height=\"1024\" data-id=\"1576\" src=\"https:\/\/teatrodamaluca.pt\/wp-content\/uploads\/2025\/12\/maria-maluca-foto2-847x1024.jpg\" alt=\"\" class=\"wp-image-1576\" srcset=\"https:\/\/teatrodamaluca.pt\/wp-content\/uploads\/2025\/12\/maria-maluca-foto2-847x1024.jpg 847w, https:\/\/teatrodamaluca.pt\/wp-content\/uploads\/2025\/12\/maria-maluca-foto2-248x300.jpg 248w, https:\/\/teatrodamaluca.pt\/wp-content\/uploads\/2025\/12\/maria-maluca-foto2-768x928.jpg 768w, https:\/\/teatrodamaluca.pt\/wp-content\/uploads\/2025\/12\/maria-maluca-foto2-1271x1536.jpg 1271w, https:\/\/teatrodamaluca.pt\/wp-content\/uploads\/2025\/12\/maria-maluca-foto2.jpg 1527w\" sizes=\"auto, (max-width: 847px) 100vw, 847px\" \/><\/figure>\n<\/figure>\n<\/div>\n\n\n\n<p><\/p>\n\n\n\n<p class=\"has-raft-accent-color has-text-color has-link-color wp-elements-bcb153dcd53e475bab0cbdbcd87641c3\" style=\"font-size:23px;line-height:1.6\"><strong><a href=\"https:\/\/teatrodamaluca.pt\/index.php\/2026\/01\/02\/maria-maluca\/\">Imprensa<\/a><\/strong><\/p>\n\n\n\n<p><\/p>\n\n\n\n<figure class=\"wp-block-image size-full\"><img loading=\"lazy\" decoding=\"async\" width=\"890\" height=\"89\" src=\"https:\/\/teatrodamaluca.pt\/wp-content\/uploads\/2025\/12\/Copia-de-ESGOTADO-1.jpg\" alt=\"\" class=\"wp-image-1595\" srcset=\"https:\/\/teatrodamaluca.pt\/wp-content\/uploads\/2025\/12\/Copia-de-ESGOTADO-1.jpg 890w, https:\/\/teatrodamaluca.pt\/wp-content\/uploads\/2025\/12\/Copia-de-ESGOTADO-1-300x30.jpg 300w, https:\/\/teatrodamaluca.pt\/wp-content\/uploads\/2025\/12\/Copia-de-ESGOTADO-1-768x77.jpg 768w\" sizes=\"auto, (max-width: 890px) 100vw, 890px\" \/><\/figure>\n","protected":false},"excerpt":{"rendered":"<p>FICHA ART\u00cdSTICA &nbsp; PESQUISA Maria Jo\u00e3o Miguel&nbsp;e Ana Limpinho TEXTO E DRAMATURGIA Hugo Sovelas e Maria Jo\u00e3o Miguel&nbsp; ENCENA\u00c7\u00c3O Hugo Sovelas &nbsp; INTERPRETA\u00c7\u00c3O Maria Jo\u00e3o Miguel&nbsp; CENOGRAFIA E FIGURINOS Ana Limpinho&nbsp; ASSIST\u00caNCIA DE CENOGRAFIA Hugo Limpinho M\u00daSICA Adriano Filipe&nbsp; OPERA\u00c7\u00c3O T\u00c9CNICA Hugo Santos VOZ OFF &#8211; Augusto Pinto, Avelino Andr\u00e9, Ilda Brito, Nat\u00e1lia Fal\u00e9 e [&hellip;]<\/p>\n","protected":false},"author":1,"featured_media":0,"parent":0,"menu_order":0,"comment_status":"closed","ping_status":"closed","template":"","meta":{"_themeisle_gutenberg_block_has_review":false,"footnotes":""},"class_list":["post-1549","page","type-page","status-publish","hentry"],"yoast_head":"<!-- This site is optimized with the Yoast SEO plugin v25.1 - https:\/\/yoast.com\/wordpress\/plugins\/seo\/ -->\n<title>MARIA MALUCA - Teatro da Maluca<\/title>\n<meta name=\"description\" content=\"MARIA MALUCA \u00e9 o espet\u00e1culo estreia do Teatro da Maluca e resulta da investiga\u00e7\u00e3o da vida da mulher que veio a dar o nome ao teatro\" \/>\n<meta name=\"robots\" content=\"index, follow, max-snippet:-1, max-image-preview:large, max-video-preview:-1\" \/>\n<link rel=\"canonical\" href=\"https:\/\/teatrodamaluca.pt\/index.php\/maria-maluca-espetaculo-de-teatro\/\" \/>\n<meta property=\"og:locale\" content=\"pt_PT\" \/>\n<meta property=\"og:type\" content=\"article\" \/>\n<meta property=\"og:title\" content=\"MARIA MALUCA - Teatro da Maluca\" \/>\n<meta property=\"og:description\" content=\"MARIA MALUCA \u00e9 o espet\u00e1culo estreia do Teatro da Maluca e resulta da investiga\u00e7\u00e3o da vida da mulher que veio a dar o nome ao teatro\" \/>\n<meta property=\"og:url\" content=\"https:\/\/teatrodamaluca.pt\/index.php\/maria-maluca-espetaculo-de-teatro\/\" \/>\n<meta property=\"og:site_name\" content=\"Teatro da Maluca\" \/>\n<meta property=\"article:publisher\" content=\"https:\/\/www.facebook.com\/TeatrodaMaluca\/\" \/>\n<meta property=\"article:modified_time\" content=\"2026-01-23T12:04:24+00:00\" \/>\n<meta property=\"og:image\" content=\"https:\/\/teatrodamaluca.pt\/wp-content\/uploads\/2025\/11\/Cartaz_Maria-Maluca_sem_datas-scaled.jpg\" \/>\n\t<meta property=\"og:image:width\" content=\"2024\" \/>\n\t<meta property=\"og:image:height\" content=\"2560\" \/>\n\t<meta property=\"og:image:type\" content=\"image\/jpeg\" \/>\n<meta name=\"twitter:card\" content=\"summary_large_image\" \/>\n<meta name=\"twitter:label1\" content=\"Tempo estimado de leitura\" \/>\n\t<meta name=\"twitter:data1\" content=\"5 minutos\" \/>\n<script type=\"application\/ld+json\" class=\"yoast-schema-graph\">{\"@context\":\"https:\/\/schema.org\",\"@graph\":[{\"@type\":\"WebPage\",\"@id\":\"https:\/\/teatrodamaluca.pt\/index.php\/maria-maluca-espetaculo-de-teatro\/\",\"url\":\"https:\/\/teatrodamaluca.pt\/index.php\/maria-maluca-espetaculo-de-teatro\/\",\"name\":\"MARIA MALUCA - Teatro da Maluca\",\"isPartOf\":{\"@id\":\"https:\/\/teatrodamaluca.pt\/#website\"},\"primaryImageOfPage\":{\"@id\":\"https:\/\/teatrodamaluca.pt\/index.php\/maria-maluca-espetaculo-de-teatro\/#primaryimage\"},\"image\":{\"@id\":\"https:\/\/teatrodamaluca.pt\/index.php\/maria-maluca-espetaculo-de-teatro\/#primaryimage\"},\"thumbnailUrl\":\"https:\/\/teatrodamaluca.pt\/wp-content\/uploads\/2025\/11\/Cartaz_Maria-Maluca_sem_datas-810x1024.jpg\",\"datePublished\":\"2025-11-08T21:50:07+00:00\",\"dateModified\":\"2026-01-23T12:04:24+00:00\",\"description\":\"MARIA MALUCA \u00e9 o espet\u00e1culo estreia do Teatro da Maluca e resulta da investiga\u00e7\u00e3o da vida da mulher que veio a dar o nome ao teatro\",\"breadcrumb\":{\"@id\":\"https:\/\/teatrodamaluca.pt\/index.php\/maria-maluca-espetaculo-de-teatro\/#breadcrumb\"},\"inLanguage\":\"pt-PT\",\"potentialAction\":[{\"@type\":\"ReadAction\",\"target\":[\"https:\/\/teatrodamaluca.pt\/index.php\/maria-maluca-espetaculo-de-teatro\/\"]}]},{\"@type\":\"ImageObject\",\"inLanguage\":\"pt-PT\",\"@id\":\"https:\/\/teatrodamaluca.pt\/index.php\/maria-maluca-espetaculo-de-teatro\/#primaryimage\",\"url\":\"https:\/\/teatrodamaluca.pt\/wp-content\/uploads\/2025\/11\/Cartaz_Maria-Maluca_sem_datas-scaled.jpg\",\"contentUrl\":\"https:\/\/teatrodamaluca.pt\/wp-content\/uploads\/2025\/11\/Cartaz_Maria-Maluca_sem_datas-scaled.jpg\",\"width\":2024,\"height\":2560,\"caption\":\"Maria Maluca Teatro\"},{\"@type\":\"BreadcrumbList\",\"@id\":\"https:\/\/teatrodamaluca.pt\/index.php\/maria-maluca-espetaculo-de-teatro\/#breadcrumb\",\"itemListElement\":[{\"@type\":\"ListItem\",\"position\":1,\"name\":\"In\u00edcio\",\"item\":\"https:\/\/teatrodamaluca.pt\/\"},{\"@type\":\"ListItem\",\"position\":2,\"name\":\"MARIA MALUCA\"}]},{\"@type\":\"WebSite\",\"@id\":\"https:\/\/teatrodamaluca.pt\/#website\",\"url\":\"https:\/\/teatrodamaluca.pt\/\",\"name\":\"Teatro da Maluca\",\"description\":\"Oficinas de Teatro para todas as idades, sess\u00f5es de contos e espet\u00e1culos\",\"publisher\":{\"@id\":\"https:\/\/teatrodamaluca.pt\/#organization\"},\"potentialAction\":[{\"@type\":\"SearchAction\",\"target\":{\"@type\":\"EntryPoint\",\"urlTemplate\":\"https:\/\/teatrodamaluca.pt\/?s={search_term_string}\"},\"query-input\":{\"@type\":\"PropertyValueSpecification\",\"valueRequired\":true,\"valueName\":\"search_term_string\"}}],\"inLanguage\":\"pt-PT\"},{\"@type\":\"Organization\",\"@id\":\"https:\/\/teatrodamaluca.pt\/#organization\",\"name\":\"Teatro da Maluca\",\"url\":\"https:\/\/teatrodamaluca.pt\/\",\"logo\":{\"@type\":\"ImageObject\",\"inLanguage\":\"pt-PT\",\"@id\":\"https:\/\/teatrodamaluca.pt\/#\/schema\/logo\/image\/\",\"url\":\"https:\/\/teatrodamaluca.pt\/wp-content\/uploads\/2024\/06\/z1717082033-1.png\",\"contentUrl\":\"https:\/\/teatrodamaluca.pt\/wp-content\/uploads\/2024\/06\/z1717082033-1.png\",\"width\":512,\"height\":512,\"caption\":\"Teatro da Maluca\"},\"image\":{\"@id\":\"https:\/\/teatrodamaluca.pt\/#\/schema\/logo\/image\/\"},\"sameAs\":[\"https:\/\/www.facebook.com\/TeatrodaMaluca\/\"]}]}<\/script>\n<!-- \/ Yoast SEO plugin. -->","yoast_head_json":{"title":"MARIA MALUCA - Teatro da Maluca","description":"MARIA MALUCA \u00e9 o espet\u00e1culo estreia do Teatro da Maluca e resulta da investiga\u00e7\u00e3o da vida da mulher que veio a dar o nome ao teatro","robots":{"index":"index","follow":"follow","max-snippet":"max-snippet:-1","max-image-preview":"max-image-preview:large","max-video-preview":"max-video-preview:-1"},"canonical":"https:\/\/teatrodamaluca.pt\/index.php\/maria-maluca-espetaculo-de-teatro\/","og_locale":"pt_PT","og_type":"article","og_title":"MARIA MALUCA - Teatro da Maluca","og_description":"MARIA MALUCA \u00e9 o espet\u00e1culo estreia do Teatro da Maluca e resulta da investiga\u00e7\u00e3o da vida da mulher que veio a dar o nome ao teatro","og_url":"https:\/\/teatrodamaluca.pt\/index.php\/maria-maluca-espetaculo-de-teatro\/","og_site_name":"Teatro da Maluca","article_publisher":"https:\/\/www.facebook.com\/TeatrodaMaluca\/","article_modified_time":"2026-01-23T12:04:24+00:00","og_image":[{"width":2024,"height":2560,"url":"https:\/\/teatrodamaluca.pt\/wp-content\/uploads\/2025\/11\/Cartaz_Maria-Maluca_sem_datas-scaled.jpg","type":"image\/jpeg"}],"twitter_card":"summary_large_image","twitter_misc":{"Tempo estimado de leitura":"5 minutos"},"schema":{"@context":"https:\/\/schema.org","@graph":[{"@type":"WebPage","@id":"https:\/\/teatrodamaluca.pt\/index.php\/maria-maluca-espetaculo-de-teatro\/","url":"https:\/\/teatrodamaluca.pt\/index.php\/maria-maluca-espetaculo-de-teatro\/","name":"MARIA MALUCA - Teatro da Maluca","isPartOf":{"@id":"https:\/\/teatrodamaluca.pt\/#website"},"primaryImageOfPage":{"@id":"https:\/\/teatrodamaluca.pt\/index.php\/maria-maluca-espetaculo-de-teatro\/#primaryimage"},"image":{"@id":"https:\/\/teatrodamaluca.pt\/index.php\/maria-maluca-espetaculo-de-teatro\/#primaryimage"},"thumbnailUrl":"https:\/\/teatrodamaluca.pt\/wp-content\/uploads\/2025\/11\/Cartaz_Maria-Maluca_sem_datas-810x1024.jpg","datePublished":"2025-11-08T21:50:07+00:00","dateModified":"2026-01-23T12:04:24+00:00","description":"MARIA MALUCA \u00e9 o espet\u00e1culo estreia do Teatro da Maluca e resulta da investiga\u00e7\u00e3o da vida da mulher que veio a dar o nome ao teatro","breadcrumb":{"@id":"https:\/\/teatrodamaluca.pt\/index.php\/maria-maluca-espetaculo-de-teatro\/#breadcrumb"},"inLanguage":"pt-PT","potentialAction":[{"@type":"ReadAction","target":["https:\/\/teatrodamaluca.pt\/index.php\/maria-maluca-espetaculo-de-teatro\/"]}]},{"@type":"ImageObject","inLanguage":"pt-PT","@id":"https:\/\/teatrodamaluca.pt\/index.php\/maria-maluca-espetaculo-de-teatro\/#primaryimage","url":"https:\/\/teatrodamaluca.pt\/wp-content\/uploads\/2025\/11\/Cartaz_Maria-Maluca_sem_datas-scaled.jpg","contentUrl":"https:\/\/teatrodamaluca.pt\/wp-content\/uploads\/2025\/11\/Cartaz_Maria-Maluca_sem_datas-scaled.jpg","width":2024,"height":2560,"caption":"Maria Maluca Teatro"},{"@type":"BreadcrumbList","@id":"https:\/\/teatrodamaluca.pt\/index.php\/maria-maluca-espetaculo-de-teatro\/#breadcrumb","itemListElement":[{"@type":"ListItem","position":1,"name":"In\u00edcio","item":"https:\/\/teatrodamaluca.pt\/"},{"@type":"ListItem","position":2,"name":"MARIA MALUCA"}]},{"@type":"WebSite","@id":"https:\/\/teatrodamaluca.pt\/#website","url":"https:\/\/teatrodamaluca.pt\/","name":"Teatro da Maluca","description":"Oficinas de Teatro para todas as idades, sess\u00f5es de contos e espet\u00e1culos","publisher":{"@id":"https:\/\/teatrodamaluca.pt\/#organization"},"potentialAction":[{"@type":"SearchAction","target":{"@type":"EntryPoint","urlTemplate":"https:\/\/teatrodamaluca.pt\/?s={search_term_string}"},"query-input":{"@type":"PropertyValueSpecification","valueRequired":true,"valueName":"search_term_string"}}],"inLanguage":"pt-PT"},{"@type":"Organization","@id":"https:\/\/teatrodamaluca.pt\/#organization","name":"Teatro da Maluca","url":"https:\/\/teatrodamaluca.pt\/","logo":{"@type":"ImageObject","inLanguage":"pt-PT","@id":"https:\/\/teatrodamaluca.pt\/#\/schema\/logo\/image\/","url":"https:\/\/teatrodamaluca.pt\/wp-content\/uploads\/2024\/06\/z1717082033-1.png","contentUrl":"https:\/\/teatrodamaluca.pt\/wp-content\/uploads\/2024\/06\/z1717082033-1.png","width":512,"height":512,"caption":"Teatro da Maluca"},"image":{"@id":"https:\/\/teatrodamaluca.pt\/#\/schema\/logo\/image\/"},"sameAs":["https:\/\/www.facebook.com\/TeatrodaMaluca\/"]}]}},"_links":{"self":[{"href":"https:\/\/teatrodamaluca.pt\/index.php\/wp-json\/wp\/v2\/pages\/1549","targetHints":{"allow":["GET"]}}],"collection":[{"href":"https:\/\/teatrodamaluca.pt\/index.php\/wp-json\/wp\/v2\/pages"}],"about":[{"href":"https:\/\/teatrodamaluca.pt\/index.php\/wp-json\/wp\/v2\/types\/page"}],"author":[{"embeddable":true,"href":"https:\/\/teatrodamaluca.pt\/index.php\/wp-json\/wp\/v2\/users\/1"}],"replies":[{"embeddable":true,"href":"https:\/\/teatrodamaluca.pt\/index.php\/wp-json\/wp\/v2\/comments?post=1549"}],"version-history":[{"count":12,"href":"https:\/\/teatrodamaluca.pt\/index.php\/wp-json\/wp\/v2\/pages\/1549\/revisions"}],"predecessor-version":[{"id":1632,"href":"https:\/\/teatrodamaluca.pt\/index.php\/wp-json\/wp\/v2\/pages\/1549\/revisions\/1632"}],"wp:attachment":[{"href":"https:\/\/teatrodamaluca.pt\/index.php\/wp-json\/wp\/v2\/media?parent=1549"}],"curies":[{"name":"wp","href":"https:\/\/api.w.org\/{rel}","templated":true}]}}