{"id":1454,"date":"2025-06-24T19:07:36","date_gmt":"2025-06-24T19:07:36","guid":{"rendered":"https:\/\/teatrodamaluca.pt\/?page_id=1454"},"modified":"2026-05-13T16:15:58","modified_gmt":"2026-05-13T16:15:58","slug":"tarde-na-maluca","status":"publish","type":"page","link":"https:\/\/teatrodamaluca.pt\/index.php\/tarde-na-maluca\/","title":{"rendered":"TARDE NA MALUCA"},"content":{"rendered":"\n<p class=\"has-black-color has-text-color has-link-color wp-elements-ee8d60474ca3463e8dae824fd3acfbc0\" style=\"line-height:1.6\">No pr\u00f3ximo dia 20 de Junho vamos festejar o segundo anivers\u00e1rio do Teatro da Maluca com mais uma <strong>TARDE NA MALUCA<\/strong>.<\/p>\n\n\n\n<p class=\"has-black-color has-text-color has-link-color wp-elements-cbe73466f2e1b89e47b0007929f967ed\" style=\"line-height:1.6\">Desta vez, convid\u00e1mos a atriz <strong><a href=\"https:\/\/teatrodamaluca.pt\/index.php\/formadores-da-maluca\/\">Manuela Pedroso<\/a><\/strong> para orientar as sess\u00f5es!<\/p>\n\n\n\n<p class=\"has-black-color has-text-color has-link-color wp-elements-31a4b2742829599caba81261f736ae33\" style=\"line-height:1.6\">Como o  dia \u00e9 de festa, teremos duas sess\u00f5es, uma para jovens e outra para adultos!<\/p>\n\n\n\n<p class=\"has-black-color has-text-color has-link-color wp-elements-367fc71ceeba6fc05ff4959901112f7c\" style=\"line-height:1.6\"><\/p>\n\n\n\n<p class=\"has-black-color has-text-color has-link-color wp-elements-581de137978474316bdab4f85016c4a4\" style=\"line-height:1.6\"><strong>14:30 \u00e0s 16 horas<\/strong> &#8211; dos 11 aos 15 anos<\/p>\n\n\n\n<p class=\"has-black-color has-text-color has-link-color wp-elements-73faf720908106a35435a179de6756bd\" style=\"line-height:1.6\"><strong>16:30 \u00e0s 18 horas<\/strong> &#8211; a partir dos 16 anos<\/p>\n\n\n\n<p class=\"has-black-color has-text-color has-link-color wp-elements-367fc71ceeba6fc05ff4959901112f7c\" style=\"line-height:1.6\"><\/p>\n\n\n\n<p class=\"has-luminous-vivid-amber-color has-text-color has-link-color wp-elements-963b1c95b94a9bfd399296f9aea632a3\" style=\"line-height:1.6\"><strong>A Entrada \u00e9 Livre!<\/strong><\/p>\n\n\n\n<p class=\"has-black-color has-text-color has-link-color wp-elements-2eb52e0c3aa1010686daa1bc6b45f03f\" style=\"line-height:1.6\">Vem fazer parte desta festa! <\/p>\n\n\n\n<p class=\"has-black-color has-text-color has-link-color wp-elements-63b26746db53fcff308d0e776ed44df4\" style=\"line-height:1.6\">Inscreve-te em <strong>geral@teatrodamaluca.pt <\/strong>ou atrav\u00e9s do <strong>918 503 497<\/strong><\/p>\n\n\n\n<figure class=\"wp-block-gallery alignright has-nested-images columns-default is-cropped wp-block-gallery-1 is-layout-flex wp-block-gallery-is-layout-flex\">\n<figure class=\"wp-block-image size-large is-resized\"><img loading=\"lazy\" decoding=\"async\" width=\"768\" height=\"1024\" data-id=\"1669\" src=\"https:\/\/teatrodamaluca.pt\/wp-content\/uploads\/2026\/05\/IMG_20250620_174813-edited-768x1024.jpg\" alt=\"aulas de teatro Oficina de Teatro para adultos no Teatro da Maluca\" class=\"wp-image-1669\" style=\"width:329px;height:auto\" srcset=\"https:\/\/teatrodamaluca.pt\/wp-content\/uploads\/2026\/05\/IMG_20250620_174813-edited-768x1024.jpg 768w, https:\/\/teatrodamaluca.pt\/wp-content\/uploads\/2026\/05\/IMG_20250620_174813-edited-225x300.jpg 225w, https:\/\/teatrodamaluca.pt\/wp-content\/uploads\/2026\/05\/IMG_20250620_174813-edited-1152x1536.jpg 1152w, https:\/\/teatrodamaluca.pt\/wp-content\/uploads\/2026\/05\/IMG_20250620_174813-edited-1536x2048.jpg 1536w, https:\/\/teatrodamaluca.pt\/wp-content\/uploads\/2026\/05\/IMG_20250620_174813-edited-scaled.jpg 1920w\" sizes=\"auto, (max-width: 768px) 100vw, 768px\" \/><\/figure>\n\n\n\n<figure class=\"wp-block-image size-large is-resized\"><img loading=\"lazy\" decoding=\"async\" width=\"1024\" height=\"704\" data-id=\"1648\" src=\"https:\/\/teatrodamaluca.pt\/wp-content\/uploads\/2026\/05\/WhatsApp-Image-2026-05-09-at-14.40.23-1024x704.jpeg\" alt=\"\" class=\"wp-image-1648\" style=\"width:305px;height:auto\" srcset=\"https:\/\/teatrodamaluca.pt\/wp-content\/uploads\/2026\/05\/WhatsApp-Image-2026-05-09-at-14.40.23-1024x704.jpeg 1024w, https:\/\/teatrodamaluca.pt\/wp-content\/uploads\/2026\/05\/WhatsApp-Image-2026-05-09-at-14.40.23-300x206.jpeg 300w, https:\/\/teatrodamaluca.pt\/wp-content\/uploads\/2026\/05\/WhatsApp-Image-2026-05-09-at-14.40.23-768x528.jpeg 768w, https:\/\/teatrodamaluca.pt\/wp-content\/uploads\/2026\/05\/WhatsApp-Image-2026-05-09-at-14.40.23.jpeg 1510w\" sizes=\"auto, (max-width: 1024px) 100vw, 1024px\" \/><figcaption class=\"wp-element-caption\">Manuela Pedroso atriz e professora de Teatro<\/figcaption><\/figure>\n<\/figure>\n\n\n\n<p class=\"has-raft-fg-color has-text-color has-link-color wp-elements-26883c9f47e577cc3bc1e4eab9e42e69\" style=\"line-height:1.6\"><\/p>\n\n\n\n<p class=\"has-raft-fg-color has-text-color has-link-color wp-elements-26883c9f47e577cc3bc1e4eab9e42e69\" style=\"line-height:1.6\"><\/p>\n","protected":false},"excerpt":{"rendered":"<p>No pr\u00f3ximo dia 20 de Junho vamos festejar o segundo anivers\u00e1rio do Teatro da Maluca com mais uma TARDE NA MALUCA. Desta vez, convid\u00e1mos a atriz Manuela Pedroso para orientar as sess\u00f5es! Como o dia \u00e9 de festa, teremos duas sess\u00f5es, uma para jovens e outra para adultos! 14:30 \u00e0s 16 horas &#8211; dos 11 [&hellip;]<\/p>\n","protected":false},"author":1,"featured_media":1652,"parent":0,"menu_order":0,"comment_status":"closed","ping_status":"closed","template":"","meta":{"_themeisle_gutenberg_block_has_review":false,"footnotes":""},"class_list":["post-1454","page","type-page","status-publish","has-post-thumbnail","hentry"],"yoast_head":"<!-- This site is optimized with the Yoast SEO plugin v25.1 - https:\/\/yoast.com\/wordpress\/plugins\/seo\/ -->\n<title>TARDE NA MALUCA - Teatro da Maluca<\/title>\n<meta name=\"description\" content=\"No pr\u00f3ximo dia 20 de Junho vamos festejar o segundo anivers\u00e1rio do Teatro da Maluca com mais uma TARDE NA MALUCA. Desta vez, convid\u00e1mos a atriz Manuela Pedroso para orientar as sess\u00f5es. A entrada \u00e9 livre!\" \/>\n<meta name=\"robots\" content=\"index, follow, max-snippet:-1, max-image-preview:large, max-video-preview:-1\" \/>\n<link rel=\"canonical\" href=\"https:\/\/teatrodamaluca.pt\/index.php\/tarde-na-maluca\/\" \/>\n<meta property=\"og:locale\" content=\"pt_PT\" \/>\n<meta property=\"og:type\" content=\"article\" \/>\n<meta property=\"og:title\" content=\"TARDE NA MALUCA - Teatro da Maluca\" \/>\n<meta property=\"og:description\" content=\"No pr\u00f3ximo dia 20 de Junho vamos festejar o segundo anivers\u00e1rio do Teatro da Maluca com mais uma TARDE NA MALUCA. Desta vez, convid\u00e1mos a atriz Manuela Pedroso para orientar as sess\u00f5es. A entrada \u00e9 livre!\" \/>\n<meta property=\"og:url\" content=\"https:\/\/teatrodamaluca.pt\/index.php\/tarde-na-maluca\/\" \/>\n<meta property=\"og:site_name\" content=\"Teatro da Maluca\" \/>\n<meta property=\"article:publisher\" content=\"https:\/\/www.facebook.com\/TeatrodaMaluca\/\" \/>\n<meta property=\"article:modified_time\" content=\"2026-05-13T16:15:58+00:00\" \/>\n<meta property=\"og:image\" content=\"https:\/\/teatrodamaluca.pt\/wp-content\/uploads\/2026\/05\/WhatsApp-Image-2026-05-09-at-14.40.23-1.jpeg\" \/>\n\t<meta property=\"og:image:width\" content=\"1067\" \/>\n\t<meta property=\"og:image:height\" content=\"895\" \/>\n\t<meta property=\"og:image:type\" content=\"image\/jpeg\" \/>\n<meta name=\"twitter:card\" content=\"summary_large_image\" \/>\n<meta name=\"twitter:label1\" content=\"Tempo estimado de leitura\" \/>\n\t<meta name=\"twitter:data1\" content=\"2 minutos\" \/>\n<script type=\"application\/ld+json\" class=\"yoast-schema-graph\">{\"@context\":\"https:\/\/schema.org\",\"@graph\":[{\"@type\":\"WebPage\",\"@id\":\"https:\/\/teatrodamaluca.pt\/index.php\/tarde-na-maluca\/\",\"url\":\"https:\/\/teatrodamaluca.pt\/index.php\/tarde-na-maluca\/\",\"name\":\"TARDE NA MALUCA - Teatro da Maluca\",\"isPartOf\":{\"@id\":\"https:\/\/teatrodamaluca.pt\/#website\"},\"primaryImageOfPage\":{\"@id\":\"https:\/\/teatrodamaluca.pt\/index.php\/tarde-na-maluca\/#primaryimage\"},\"image\":{\"@id\":\"https:\/\/teatrodamaluca.pt\/index.php\/tarde-na-maluca\/#primaryimage\"},\"thumbnailUrl\":\"https:\/\/teatrodamaluca.pt\/wp-content\/uploads\/2026\/05\/WhatsApp-Image-2026-05-09-at-14.40.23-1.jpeg\",\"datePublished\":\"2025-06-24T19:07:36+00:00\",\"dateModified\":\"2026-05-13T16:15:58+00:00\",\"description\":\"No pr\u00f3ximo dia 20 de Junho vamos festejar o segundo anivers\u00e1rio do Teatro da Maluca com mais uma TARDE NA MALUCA. Desta vez, convid\u00e1mos a atriz Manuela Pedroso para orientar as sess\u00f5es. A entrada \u00e9 livre!\",\"breadcrumb\":{\"@id\":\"https:\/\/teatrodamaluca.pt\/index.php\/tarde-na-maluca\/#breadcrumb\"},\"inLanguage\":\"pt-PT\",\"potentialAction\":[{\"@type\":\"ReadAction\",\"target\":[\"https:\/\/teatrodamaluca.pt\/index.php\/tarde-na-maluca\/\"]}]},{\"@type\":\"ImageObject\",\"inLanguage\":\"pt-PT\",\"@id\":\"https:\/\/teatrodamaluca.pt\/index.php\/tarde-na-maluca\/#primaryimage\",\"url\":\"https:\/\/teatrodamaluca.pt\/wp-content\/uploads\/2026\/05\/WhatsApp-Image-2026-05-09-at-14.40.23-1.jpeg\",\"contentUrl\":\"https:\/\/teatrodamaluca.pt\/wp-content\/uploads\/2026\/05\/WhatsApp-Image-2026-05-09-at-14.40.23-1.jpeg\",\"width\":1067,\"height\":895,\"caption\":\"Manuela Pedroso atriz e professora de Teatro\"},{\"@type\":\"BreadcrumbList\",\"@id\":\"https:\/\/teatrodamaluca.pt\/index.php\/tarde-na-maluca\/#breadcrumb\",\"itemListElement\":[{\"@type\":\"ListItem\",\"position\":1,\"name\":\"In\u00edcio\",\"item\":\"https:\/\/teatrodamaluca.pt\/\"},{\"@type\":\"ListItem\",\"position\":2,\"name\":\"TARDE NA MALUCA\"}]},{\"@type\":\"WebSite\",\"@id\":\"https:\/\/teatrodamaluca.pt\/#website\",\"url\":\"https:\/\/teatrodamaluca.pt\/\",\"name\":\"Teatro da Maluca\",\"description\":\"Oficinas de Teatro para todas as idades, sess\u00f5es de contos e espet\u00e1culos\",\"publisher\":{\"@id\":\"https:\/\/teatrodamaluca.pt\/#organization\"},\"potentialAction\":[{\"@type\":\"SearchAction\",\"target\":{\"@type\":\"EntryPoint\",\"urlTemplate\":\"https:\/\/teatrodamaluca.pt\/?s={search_term_string}\"},\"query-input\":{\"@type\":\"PropertyValueSpecification\",\"valueRequired\":true,\"valueName\":\"search_term_string\"}}],\"inLanguage\":\"pt-PT\"},{\"@type\":\"Organization\",\"@id\":\"https:\/\/teatrodamaluca.pt\/#organization\",\"name\":\"Teatro da Maluca\",\"url\":\"https:\/\/teatrodamaluca.pt\/\",\"logo\":{\"@type\":\"ImageObject\",\"inLanguage\":\"pt-PT\",\"@id\":\"https:\/\/teatrodamaluca.pt\/#\/schema\/logo\/image\/\",\"url\":\"https:\/\/teatrodamaluca.pt\/wp-content\/uploads\/2024\/06\/z1717082033-1.png\",\"contentUrl\":\"https:\/\/teatrodamaluca.pt\/wp-content\/uploads\/2024\/06\/z1717082033-1.png\",\"width\":512,\"height\":512,\"caption\":\"Teatro da Maluca\"},\"image\":{\"@id\":\"https:\/\/teatrodamaluca.pt\/#\/schema\/logo\/image\/\"},\"sameAs\":[\"https:\/\/www.facebook.com\/TeatrodaMaluca\/\"]}]}<\/script>\n<!-- \/ Yoast SEO plugin. -->","yoast_head_json":{"title":"TARDE NA MALUCA - Teatro da Maluca","description":"No pr\u00f3ximo dia 20 de Junho vamos festejar o segundo anivers\u00e1rio do Teatro da Maluca com mais uma TARDE NA MALUCA. Desta vez, convid\u00e1mos a atriz Manuela Pedroso para orientar as sess\u00f5es. A entrada \u00e9 livre!","robots":{"index":"index","follow":"follow","max-snippet":"max-snippet:-1","max-image-preview":"max-image-preview:large","max-video-preview":"max-video-preview:-1"},"canonical":"https:\/\/teatrodamaluca.pt\/index.php\/tarde-na-maluca\/","og_locale":"pt_PT","og_type":"article","og_title":"TARDE NA MALUCA - Teatro da Maluca","og_description":"No pr\u00f3ximo dia 20 de Junho vamos festejar o segundo anivers\u00e1rio do Teatro da Maluca com mais uma TARDE NA MALUCA. Desta vez, convid\u00e1mos a atriz Manuela Pedroso para orientar as sess\u00f5es. A entrada \u00e9 livre!","og_url":"https:\/\/teatrodamaluca.pt\/index.php\/tarde-na-maluca\/","og_site_name":"Teatro da Maluca","article_publisher":"https:\/\/www.facebook.com\/TeatrodaMaluca\/","article_modified_time":"2026-05-13T16:15:58+00:00","og_image":[{"width":1067,"height":895,"url":"https:\/\/teatrodamaluca.pt\/wp-content\/uploads\/2026\/05\/WhatsApp-Image-2026-05-09-at-14.40.23-1.jpeg","type":"image\/jpeg"}],"twitter_card":"summary_large_image","twitter_misc":{"Tempo estimado de leitura":"2 minutos"},"schema":{"@context":"https:\/\/schema.org","@graph":[{"@type":"WebPage","@id":"https:\/\/teatrodamaluca.pt\/index.php\/tarde-na-maluca\/","url":"https:\/\/teatrodamaluca.pt\/index.php\/tarde-na-maluca\/","name":"TARDE NA MALUCA - Teatro da Maluca","isPartOf":{"@id":"https:\/\/teatrodamaluca.pt\/#website"},"primaryImageOfPage":{"@id":"https:\/\/teatrodamaluca.pt\/index.php\/tarde-na-maluca\/#primaryimage"},"image":{"@id":"https:\/\/teatrodamaluca.pt\/index.php\/tarde-na-maluca\/#primaryimage"},"thumbnailUrl":"https:\/\/teatrodamaluca.pt\/wp-content\/uploads\/2026\/05\/WhatsApp-Image-2026-05-09-at-14.40.23-1.jpeg","datePublished":"2025-06-24T19:07:36+00:00","dateModified":"2026-05-13T16:15:58+00:00","description":"No pr\u00f3ximo dia 20 de Junho vamos festejar o segundo anivers\u00e1rio do Teatro da Maluca com mais uma TARDE NA MALUCA. Desta vez, convid\u00e1mos a atriz Manuela Pedroso para orientar as sess\u00f5es. A entrada \u00e9 livre!","breadcrumb":{"@id":"https:\/\/teatrodamaluca.pt\/index.php\/tarde-na-maluca\/#breadcrumb"},"inLanguage":"pt-PT","potentialAction":[{"@type":"ReadAction","target":["https:\/\/teatrodamaluca.pt\/index.php\/tarde-na-maluca\/"]}]},{"@type":"ImageObject","inLanguage":"pt-PT","@id":"https:\/\/teatrodamaluca.pt\/index.php\/tarde-na-maluca\/#primaryimage","url":"https:\/\/teatrodamaluca.pt\/wp-content\/uploads\/2026\/05\/WhatsApp-Image-2026-05-09-at-14.40.23-1.jpeg","contentUrl":"https:\/\/teatrodamaluca.pt\/wp-content\/uploads\/2026\/05\/WhatsApp-Image-2026-05-09-at-14.40.23-1.jpeg","width":1067,"height":895,"caption":"Manuela Pedroso atriz e professora de Teatro"},{"@type":"BreadcrumbList","@id":"https:\/\/teatrodamaluca.pt\/index.php\/tarde-na-maluca\/#breadcrumb","itemListElement":[{"@type":"ListItem","position":1,"name":"In\u00edcio","item":"https:\/\/teatrodamaluca.pt\/"},{"@type":"ListItem","position":2,"name":"TARDE NA MALUCA"}]},{"@type":"WebSite","@id":"https:\/\/teatrodamaluca.pt\/#website","url":"https:\/\/teatrodamaluca.pt\/","name":"Teatro da Maluca","description":"Oficinas de Teatro para todas as idades, sess\u00f5es de contos e espet\u00e1culos","publisher":{"@id":"https:\/\/teatrodamaluca.pt\/#organization"},"potentialAction":[{"@type":"SearchAction","target":{"@type":"EntryPoint","urlTemplate":"https:\/\/teatrodamaluca.pt\/?s={search_term_string}"},"query-input":{"@type":"PropertyValueSpecification","valueRequired":true,"valueName":"search_term_string"}}],"inLanguage":"pt-PT"},{"@type":"Organization","@id":"https:\/\/teatrodamaluca.pt\/#organization","name":"Teatro da Maluca","url":"https:\/\/teatrodamaluca.pt\/","logo":{"@type":"ImageObject","inLanguage":"pt-PT","@id":"https:\/\/teatrodamaluca.pt\/#\/schema\/logo\/image\/","url":"https:\/\/teatrodamaluca.pt\/wp-content\/uploads\/2024\/06\/z1717082033-1.png","contentUrl":"https:\/\/teatrodamaluca.pt\/wp-content\/uploads\/2024\/06\/z1717082033-1.png","width":512,"height":512,"caption":"Teatro da Maluca"},"image":{"@id":"https:\/\/teatrodamaluca.pt\/#\/schema\/logo\/image\/"},"sameAs":["https:\/\/www.facebook.com\/TeatrodaMaluca\/"]}]}},"_links":{"self":[{"href":"https:\/\/teatrodamaluca.pt\/index.php\/wp-json\/wp\/v2\/pages\/1454","targetHints":{"allow":["GET"]}}],"collection":[{"href":"https:\/\/teatrodamaluca.pt\/index.php\/wp-json\/wp\/v2\/pages"}],"about":[{"href":"https:\/\/teatrodamaluca.pt\/index.php\/wp-json\/wp\/v2\/types\/page"}],"author":[{"embeddable":true,"href":"https:\/\/teatrodamaluca.pt\/index.php\/wp-json\/wp\/v2\/users\/1"}],"replies":[{"embeddable":true,"href":"https:\/\/teatrodamaluca.pt\/index.php\/wp-json\/wp\/v2\/comments?post=1454"}],"version-history":[{"count":6,"href":"https:\/\/teatrodamaluca.pt\/index.php\/wp-json\/wp\/v2\/pages\/1454\/revisions"}],"predecessor-version":[{"id":1671,"href":"https:\/\/teatrodamaluca.pt\/index.php\/wp-json\/wp\/v2\/pages\/1454\/revisions\/1671"}],"wp:featuredmedia":[{"embeddable":true,"href":"https:\/\/teatrodamaluca.pt\/index.php\/wp-json\/wp\/v2\/media\/1652"}],"wp:attachment":[{"href":"https:\/\/teatrodamaluca.pt\/index.php\/wp-json\/wp\/v2\/media?parent=1454"}],"curies":[{"name":"wp","href":"https:\/\/api.w.org\/{rel}","templated":true}]}}