{"id":11,"date":"2024-06-04T22:57:39","date_gmt":"2024-06-04T22:57:39","guid":{"rendered":"https:\/\/teatrodamaluca.pt\/?page_id=11"},"modified":"2025-01-01T15:20:52","modified_gmt":"2025-01-01T15:20:52","slug":"quem-somos","status":"publish","type":"page","link":"https:\/\/teatrodamaluca.pt\/index.php\/quem-somos\/","title":{"rendered":"QUEM SOMOS"},"content":{"rendered":"\n<h2 class=\"wp-block-heading\">QUEM SOMOS?<\/h2>\n\n\n\n<p>Somos duas criadoras da \u00e1rea do teatro, nascidas e criadas em Loures, saloias de gema!<\/p>\n\n\n\n<p>Trabalhamos profissionalmente na \u00e1rea do teatro h\u00e1 mais de 20 anos.<\/p>\n\n\n\n<p style=\"line-height:1.6\">Agora, de regresso a casa, depois de muitas viagens e experi\u00eancias com diversas companhias de Teatro, vimos partilhar os nossos saberes com a comunidade das nossas origens.<\/p>\n\n\n\n<p>Trazemos no bolso aprendizagens, hist\u00f3rias e t\u00e9cnicas de teatro.<\/p>\n\n\n\n<p>Vasculha o site e encontra as surpresas do Teatro da Maluca!<\/p>\n\n\n\n<div class=\"wp-block-columns is-layout-flex wp-container-core-columns-is-layout-28f84493 wp-block-columns-is-layout-flex\">\n<div class=\"wp-block-column is-layout-flow wp-block-column-is-layout-flow\" style=\"flex-basis:100%\">\n<div id=\"wp-block-themeisle-blocks-advanced-columns-d87d87fb\" class=\"wp-block-themeisle-blocks-advanced-columns alignfull has-1-columns has-desktop-equal-layout has-tablet-equal-layout has-mobile-collapsedRows-layout has-vertical-center ticss-c00aadba\"><div class=\"wp-block-themeisle-blocks-advanced-columns-overlay\"><\/div><div class=\"innerblocks-wrap\">\n<div id=\"wp-block-themeisle-blocks-advanced-column-60dad16e\" class=\"wp-block-themeisle-blocks-advanced-column\">\n<div id=\"wp-block-themeisle-blocks-advanced-columns-be71e345\" class=\"wp-block-themeisle-blocks-advanced-columns has-2-columns has-desktop-equal-layout has-tablet-twoColumnGrid-layout has-mobile-collapsedRows-layout has-vertical-top\"><div class=\"wp-block-themeisle-blocks-advanced-columns-overlay\"><\/div><div class=\"innerblocks-wrap\">\n<div id=\"wp-block-themeisle-blocks-advanced-column-7e32a82b\" class=\"wp-block-themeisle-blocks-advanced-column\">\n<figure class=\"wp-block-image size-full is-resized is-style-rounded\"><a href=\"https:\/\/teatrodamaluca.pt\/index.php\/ana-limpinho\/\"><img loading=\"lazy\" decoding=\"async\" width=\"2448\" height=\"2449\" src=\"https:\/\/teatrodamaluca.pt\/wp-content\/uploads\/2024\/06\/IMG_8341-edited.jpg\" alt=\"\" class=\"wp-image-161\" style=\"width:180px;height:181px\" srcset=\"https:\/\/teatrodamaluca.pt\/wp-content\/uploads\/2024\/06\/IMG_8341-edited.jpg 2448w, https:\/\/teatrodamaluca.pt\/wp-content\/uploads\/2024\/06\/IMG_8341-edited-300x300.jpg 300w, https:\/\/teatrodamaluca.pt\/wp-content\/uploads\/2024\/06\/IMG_8341-edited-1024x1024.jpg 1024w, https:\/\/teatrodamaluca.pt\/wp-content\/uploads\/2024\/06\/IMG_8341-edited-150x150.jpg 150w, https:\/\/teatrodamaluca.pt\/wp-content\/uploads\/2024\/06\/IMG_8341-edited-768x768.jpg 768w, https:\/\/teatrodamaluca.pt\/wp-content\/uploads\/2024\/06\/IMG_8341-edited-1536x1536.jpg 1536w, https:\/\/teatrodamaluca.pt\/wp-content\/uploads\/2024\/06\/IMG_8341-edited-2048x2048.jpg 2048w\" sizes=\"auto, (max-width: 2448px) 100vw, 2448px\" \/><\/a><\/figure>\n\n\n\n<h2 id=\"wp-block-themeisle-blocks-advanced-heading-5cdd08a0\" class=\"wp-block-themeisle-blocks-advanced-heading wp-block-themeisle-blocks-advanced-heading-5cdd08a0\"><a href=\"https:\/\/teatrodamaluca.pt\/index.php\/ana-limpinho\/\" data-type=\"page\" data-id=\"35\">Ana Limpinho<\/a><\/h2>\n\n\n\n<p class=\"has-text-align-left\" style=\"line-height:1.6\">Cen\u00f3grafa e figurinista, respigadora de objetos e de mem\u00f3rias.<\/p>\n\n\n\n<div style=\"height:13px\" aria-hidden=\"true\" class=\"wp-block-spacer\"><\/div>\n\n\n\n<ul class=\"wp-block-social-links is-style-default is-layout-flex wp-block-social-links-is-layout-flex\"><li class=\"wp-social-link wp-social-link-twitter  wp-block-social-link\"><a href=\"#\" class=\"wp-block-social-link-anchor\"><svg width=\"24\" height=\"24\" viewBox=\"0 0 24 24\" version=\"1.1\" xmlns=\"http:\/\/www.w3.org\/2000\/svg\" aria-hidden=\"true\" focusable=\"false\"><path d=\"M22.23,5.924c-0.736,0.326-1.527,0.547-2.357,0.646c0.847-0.508,1.498-1.312,1.804-2.27 c-0.793,0.47-1.671,0.812-2.606,0.996C18.324,4.498,17.257,4,16.077,4c-2.266,0-4.103,1.837-4.103,4.103 c0,0.322,0.036,0.635,0.106,0.935C8.67,8.867,5.647,7.234,3.623,4.751C3.27,5.357,3.067,6.062,3.067,6.814 c0,1.424,0.724,2.679,1.825,3.415c-0.673-0.021-1.305-0.206-1.859-0.513c0,0.017,0,0.034,0,0.052c0,1.988,1.414,3.647,3.292,4.023 c-0.344,0.094-0.707,0.144-1.081,0.144c-0.264,0-0.521-0.026-0.772-0.074c0.522,1.63,2.038,2.816,3.833,2.85 c-1.404,1.1-3.174,1.756-5.096,1.756c-0.331,0-0.658-0.019-0.979-0.057c1.816,1.164,3.973,1.843,6.29,1.843 c7.547,0,11.675-6.252,11.675-11.675c0-0.178-0.004-0.355-0.012-0.531C20.985,7.47,21.68,6.747,22.23,5.924z\"><\/path><\/svg><span class=\"wp-block-social-link-label screen-reader-text\">Twitter<\/span><\/a><\/li>\n\n<li class=\"wp-social-link wp-social-link-linkedin  wp-block-social-link\"><a href=\"#\" class=\"wp-block-social-link-anchor\"><svg width=\"24\" height=\"24\" viewBox=\"0 0 24 24\" version=\"1.1\" xmlns=\"http:\/\/www.w3.org\/2000\/svg\" aria-hidden=\"true\" focusable=\"false\"><path d=\"M19.7,3H4.3C3.582,3,3,3.582,3,4.3v15.4C3,20.418,3.582,21,4.3,21h15.4c0.718,0,1.3-0.582,1.3-1.3V4.3 C21,3.582,20.418,3,19.7,3z M8.339,18.338H5.667v-8.59h2.672V18.338z M7.004,8.574c-0.857,0-1.549-0.694-1.549-1.548 c0-0.855,0.691-1.548,1.549-1.548c0.854,0,1.547,0.694,1.547,1.548C8.551,7.881,7.858,8.574,7.004,8.574z M18.339,18.338h-2.669 v-4.177c0-0.996-0.017-2.278-1.387-2.278c-1.389,0-1.601,1.086-1.601,2.206v4.249h-2.667v-8.59h2.559v1.174h0.037 c0.356-0.675,1.227-1.387,2.526-1.387c2.703,0,3.203,1.779,3.203,4.092V18.338z\"><\/path><\/svg><span class=\"wp-block-social-link-label screen-reader-text\">LinkedIn<\/span><\/a><\/li><\/ul>\n<\/div>\n\n\n\n<div id=\"wp-block-themeisle-blocks-advanced-column-b861b547\" class=\"wp-block-themeisle-blocks-advanced-column\">\n<figure class=\"wp-block-image size-full is-resized is-style-rounded\"><a href=\"https:\/\/teatrodamaluca.pt\/index.php\/maria-joao-miguel\/\"><img loading=\"lazy\" decoding=\"async\" width=\"2513\" height=\"2513\" src=\"https:\/\/teatrodamaluca.pt\/wp-content\/uploads\/2024\/06\/IMG_8355-edited-1.jpg\" alt=\"\" class=\"wp-image-163\" style=\"width:180px;height:181px\" srcset=\"https:\/\/teatrodamaluca.pt\/wp-content\/uploads\/2024\/06\/IMG_8355-edited-1.jpg 2513w, https:\/\/teatrodamaluca.pt\/wp-content\/uploads\/2024\/06\/IMG_8355-edited-1-300x300.jpg 300w, https:\/\/teatrodamaluca.pt\/wp-content\/uploads\/2024\/06\/IMG_8355-edited-1-1024x1024.jpg 1024w, https:\/\/teatrodamaluca.pt\/wp-content\/uploads\/2024\/06\/IMG_8355-edited-1-150x150.jpg 150w, https:\/\/teatrodamaluca.pt\/wp-content\/uploads\/2024\/06\/IMG_8355-edited-1-768x768.jpg 768w, https:\/\/teatrodamaluca.pt\/wp-content\/uploads\/2024\/06\/IMG_8355-edited-1-1536x1536.jpg 1536w, https:\/\/teatrodamaluca.pt\/wp-content\/uploads\/2024\/06\/IMG_8355-edited-1-2048x2048.jpg 2048w\" sizes=\"auto, (max-width: 2513px) 100vw, 2513px\" \/><\/a><\/figure>\n\n\n\n<h2 id=\"wp-block-themeisle-blocks-advanced-heading-53a4562b\" class=\"wp-block-themeisle-blocks-advanced-heading wp-block-themeisle-blocks-advanced-heading-53a4562b\"><a href=\"https:\/\/teatrodamaluca.pt\/index.php\/maria-joao-miguel\/\" data-type=\"page\" data-id=\"37\">Maria Jo\u00e3o Miguel<\/a><\/h2>\n\n\n\n<p class=\"has-text-align-left\" style=\"line-height:1.6\">Atriz, encenadora e contadora de hist\u00f3rias, amante das tradi\u00e7\u00f5es e dos pequenos ser\u00f5es \u00e0 lareira.<\/p>\n\n\n\n<ul class=\"wp-block-social-links is-style-default is-layout-flex wp-block-social-links-is-layout-flex\"><li class=\"wp-social-link wp-social-link-twitter  wp-block-social-link\"><a href=\"#\" class=\"wp-block-social-link-anchor\"><svg width=\"24\" height=\"24\" viewBox=\"0 0 24 24\" version=\"1.1\" xmlns=\"http:\/\/www.w3.org\/2000\/svg\" aria-hidden=\"true\" focusable=\"false\"><path d=\"M22.23,5.924c-0.736,0.326-1.527,0.547-2.357,0.646c0.847-0.508,1.498-1.312,1.804-2.27 c-0.793,0.47-1.671,0.812-2.606,0.996C18.324,4.498,17.257,4,16.077,4c-2.266,0-4.103,1.837-4.103,4.103 c0,0.322,0.036,0.635,0.106,0.935C8.67,8.867,5.647,7.234,3.623,4.751C3.27,5.357,3.067,6.062,3.067,6.814 c0,1.424,0.724,2.679,1.825,3.415c-0.673-0.021-1.305-0.206-1.859-0.513c0,0.017,0,0.034,0,0.052c0,1.988,1.414,3.647,3.292,4.023 c-0.344,0.094-0.707,0.144-1.081,0.144c-0.264,0-0.521-0.026-0.772-0.074c0.522,1.63,2.038,2.816,3.833,2.85 c-1.404,1.1-3.174,1.756-5.096,1.756c-0.331,0-0.658-0.019-0.979-0.057c1.816,1.164,3.973,1.843,6.29,1.843 c7.547,0,11.675-6.252,11.675-11.675c0-0.178-0.004-0.355-0.012-0.531C20.985,7.47,21.68,6.747,22.23,5.924z\"><\/path><\/svg><span class=\"wp-block-social-link-label screen-reader-text\">Twitter<\/span><\/a><\/li>\n\n<li class=\"wp-social-link wp-social-link-linkedin  wp-block-social-link\"><a href=\"#\" class=\"wp-block-social-link-anchor\"><svg width=\"24\" height=\"24\" viewBox=\"0 0 24 24\" version=\"1.1\" xmlns=\"http:\/\/www.w3.org\/2000\/svg\" aria-hidden=\"true\" focusable=\"false\"><path d=\"M19.7,3H4.3C3.582,3,3,3.582,3,4.3v15.4C3,20.418,3.582,21,4.3,21h15.4c0.718,0,1.3-0.582,1.3-1.3V4.3 C21,3.582,20.418,3,19.7,3z M8.339,18.338H5.667v-8.59h2.672V18.338z M7.004,8.574c-0.857,0-1.549-0.694-1.549-1.548 c0-0.855,0.691-1.548,1.549-1.548c0.854,0,1.547,0.694,1.547,1.548C8.551,7.881,7.858,8.574,7.004,8.574z M18.339,18.338h-2.669 v-4.177c0-0.996-0.017-2.278-1.387-2.278c-1.389,0-1.601,1.086-1.601,2.206v4.249h-2.667v-8.59h2.559v1.174h0.037 c0.356-0.675,1.227-1.387,2.526-1.387c2.703,0,3.203,1.779,3.203,4.092V18.338z\"><\/path><\/svg><span class=\"wp-block-social-link-label screen-reader-text\">LinkedIn<\/span><\/a><\/li><\/ul>\n<\/div>\n<\/div><\/div>\n<\/div>\n<\/div><\/div>\n<\/div>\n<\/div>\n\n\n\n<p><\/p>\n","protected":false},"excerpt":{"rendered":"<p>QUEM SOMOS? Somos duas criadoras da \u00e1rea do teatro, nascidas e criadas em Loures, saloias de gema! Trabalhamos profissionalmente na \u00e1rea do teatro h\u00e1 mais de 20 anos. Agora, de regresso a casa, depois de muitas viagens e experi\u00eancias com diversas companhias de Teatro, vimos partilhar os nossos saberes com a comunidade das nossas origens. [&hellip;]<\/p>\n","protected":false},"author":1,"featured_media":0,"parent":0,"menu_order":0,"comment_status":"closed","ping_status":"closed","template":"","meta":{"_themeisle_gutenberg_block_has_review":false,"footnotes":""},"class_list":["post-11","page","type-page","status-publish","hentry"],"yoast_head":"<!-- This site is optimized with the Yoast SEO plugin v25.1 - https:\/\/yoast.com\/wordpress\/plugins\/seo\/ -->\n<title>QUEM SOMOS - Teatro da Maluca<\/title>\n<meta name=\"description\" content=\"QUEM SOMOS. Somos duas criadoras da \u00e1rea do teatro, nascidas e criadas em Loures, Ana Limpinho e Maria Jo\u00e3o Miguel\" \/>\n<meta name=\"robots\" content=\"index, follow, max-snippet:-1, max-image-preview:large, max-video-preview:-1\" \/>\n<link rel=\"canonical\" href=\"https:\/\/teatrodamaluca.pt\/index.php\/quem-somos\/\" \/>\n<meta property=\"og:locale\" content=\"pt_PT\" \/>\n<meta property=\"og:type\" content=\"article\" \/>\n<meta property=\"og:title\" content=\"QUEM SOMOS - Teatro da Maluca\" \/>\n<meta property=\"og:description\" content=\"QUEM SOMOS. Somos duas criadoras da \u00e1rea do teatro, nascidas e criadas em Loures, Ana Limpinho e Maria Jo\u00e3o Miguel\" \/>\n<meta property=\"og:url\" content=\"https:\/\/teatrodamaluca.pt\/index.php\/quem-somos\/\" \/>\n<meta property=\"og:site_name\" content=\"Teatro da Maluca\" \/>\n<meta property=\"article:publisher\" content=\"https:\/\/www.facebook.com\/TeatrodaMaluca\/\" \/>\n<meta property=\"article:modified_time\" content=\"2025-01-01T15:20:52+00:00\" \/>\n<meta property=\"og:image\" content=\"https:\/\/teatrodamaluca.pt\/wp-content\/uploads\/2024\/06\/IMG_8341-edited.jpg\" \/>\n\t<meta property=\"og:image:width\" content=\"2448\" \/>\n\t<meta property=\"og:image:height\" content=\"2449\" \/>\n\t<meta property=\"og:image:type\" content=\"image\/jpeg\" \/>\n<meta name=\"twitter:card\" content=\"summary_large_image\" \/>\n<meta name=\"twitter:label1\" content=\"Tempo estimado de leitura\" \/>\n\t<meta name=\"twitter:data1\" content=\"1 minuto\" \/>\n<script type=\"application\/ld+json\" class=\"yoast-schema-graph\">{\"@context\":\"https:\/\/schema.org\",\"@graph\":[{\"@type\":\"Article\",\"@id\":\"https:\/\/teatrodamaluca.pt\/index.php\/quem-somos\/#article\",\"isPartOf\":{\"@id\":\"https:\/\/teatrodamaluca.pt\/index.php\/quem-somos\/\"},\"author\":{\"name\":\"TDM\",\"@id\":\"https:\/\/teatrodamaluca.pt\/#\/schema\/person\/e5b86b2f381f9fde994f4863e146d727\"},\"headline\":\"QUEM SOMOS\",\"datePublished\":\"2024-06-04T22:57:39+00:00\",\"dateModified\":\"2025-01-01T15:20:52+00:00\",\"mainEntityOfPage\":{\"@id\":\"https:\/\/teatrodamaluca.pt\/index.php\/quem-somos\/\"},\"wordCount\":113,\"publisher\":{\"@id\":\"https:\/\/teatrodamaluca.pt\/#organization\"},\"image\":{\"@id\":\"https:\/\/teatrodamaluca.pt\/index.php\/quem-somos\/#primaryimage\"},\"thumbnailUrl\":\"https:\/\/teatrodamaluca.pt\/wp-content\/uploads\/2024\/06\/IMG_8341-edited.jpg\",\"inLanguage\":\"pt-PT\"},{\"@type\":[\"WebPage\",\"ProfilePage\"],\"@id\":\"https:\/\/teatrodamaluca.pt\/index.php\/quem-somos\/\",\"url\":\"https:\/\/teatrodamaluca.pt\/index.php\/quem-somos\/\",\"name\":\"QUEM SOMOS - Teatro da Maluca\",\"isPartOf\":{\"@id\":\"https:\/\/teatrodamaluca.pt\/#website\"},\"primaryImageOfPage\":{\"@id\":\"https:\/\/teatrodamaluca.pt\/index.php\/quem-somos\/#primaryimage\"},\"image\":{\"@id\":\"https:\/\/teatrodamaluca.pt\/index.php\/quem-somos\/#primaryimage\"},\"thumbnailUrl\":\"https:\/\/teatrodamaluca.pt\/wp-content\/uploads\/2024\/06\/IMG_8341-edited.jpg\",\"datePublished\":\"2024-06-04T22:57:39+00:00\",\"dateModified\":\"2025-01-01T15:20:52+00:00\",\"description\":\"QUEM SOMOS. Somos duas criadoras da \u00e1rea do teatro, nascidas e criadas em Loures, Ana Limpinho e Maria Jo\u00e3o Miguel\",\"breadcrumb\":{\"@id\":\"https:\/\/teatrodamaluca.pt\/index.php\/quem-somos\/#breadcrumb\"},\"inLanguage\":\"pt-PT\",\"potentialAction\":[{\"@type\":\"ReadAction\",\"target\":[\"https:\/\/teatrodamaluca.pt\/index.php\/quem-somos\/\"]}]},{\"@type\":\"ImageObject\",\"inLanguage\":\"pt-PT\",\"@id\":\"https:\/\/teatrodamaluca.pt\/index.php\/quem-somos\/#primaryimage\",\"url\":\"https:\/\/teatrodamaluca.pt\/wp-content\/uploads\/2024\/06\/IMG_8341-edited.jpg\",\"contentUrl\":\"https:\/\/teatrodamaluca.pt\/wp-content\/uploads\/2024\/06\/IMG_8341-edited.jpg\",\"width\":2448,\"height\":2449},{\"@type\":\"BreadcrumbList\",\"@id\":\"https:\/\/teatrodamaluca.pt\/index.php\/quem-somos\/#breadcrumb\",\"itemListElement\":[{\"@type\":\"ListItem\",\"position\":1,\"name\":\"In\u00edcio\",\"item\":\"https:\/\/teatrodamaluca.pt\/\"},{\"@type\":\"ListItem\",\"position\":2,\"name\":\"QUEM SOMOS\"}]},{\"@type\":\"WebSite\",\"@id\":\"https:\/\/teatrodamaluca.pt\/#website\",\"url\":\"https:\/\/teatrodamaluca.pt\/\",\"name\":\"Teatro da Maluca\",\"description\":\"Oficinas de Teatro para todas as idades, sess\u00f5es de contos e espet\u00e1culos\",\"publisher\":{\"@id\":\"https:\/\/teatrodamaluca.pt\/#organization\"},\"potentialAction\":[{\"@type\":\"SearchAction\",\"target\":{\"@type\":\"EntryPoint\",\"urlTemplate\":\"https:\/\/teatrodamaluca.pt\/?s={search_term_string}\"},\"query-input\":{\"@type\":\"PropertyValueSpecification\",\"valueRequired\":true,\"valueName\":\"search_term_string\"}}],\"inLanguage\":\"pt-PT\"},{\"@type\":\"Organization\",\"@id\":\"https:\/\/teatrodamaluca.pt\/#organization\",\"name\":\"Teatro da Maluca\",\"url\":\"https:\/\/teatrodamaluca.pt\/\",\"logo\":{\"@type\":\"ImageObject\",\"inLanguage\":\"pt-PT\",\"@id\":\"https:\/\/teatrodamaluca.pt\/#\/schema\/logo\/image\/\",\"url\":\"https:\/\/teatrodamaluca.pt\/wp-content\/uploads\/2024\/06\/z1717082033-1.png\",\"contentUrl\":\"https:\/\/teatrodamaluca.pt\/wp-content\/uploads\/2024\/06\/z1717082033-1.png\",\"width\":512,\"height\":512,\"caption\":\"Teatro da Maluca\"},\"image\":{\"@id\":\"https:\/\/teatrodamaluca.pt\/#\/schema\/logo\/image\/\"},\"sameAs\":[\"https:\/\/www.facebook.com\/TeatrodaMaluca\/\"],\"mainEntityOfPage\":{\"@id\":\"https:\/\/teatrodamaluca.pt\/index.php\/quem-somos\/\"}},{\"@type\":\"Person\",\"@id\":\"https:\/\/teatrodamaluca.pt\/#\/schema\/person\/e5b86b2f381f9fde994f4863e146d727\",\"name\":\"TDM\",\"image\":{\"@type\":\"ImageObject\",\"inLanguage\":\"pt-PT\",\"@id\":\"https:\/\/teatrodamaluca.pt\/#\/schema\/person\/image\/\",\"url\":\"https:\/\/secure.gravatar.com\/avatar\/26c965f24076809a48578f543180bb2c69b53fd488e75c031047aa719f5f5027?s=96&d=mm&r=g\",\"contentUrl\":\"https:\/\/secure.gravatar.com\/avatar\/26c965f24076809a48578f543180bb2c69b53fd488e75c031047aa719f5f5027?s=96&d=mm&r=g\",\"caption\":\"TDM\"},\"mainEntityOfPage\":{\"@id\":\"https:\/\/teatrodamaluca.pt\/index.php\/quem-somos\/\"},\"sameAs\":[\"http:\/\/teatrodamaluca.pt\"],\"url\":\"https:\/\/teatrodamaluca.pt\/index.php\/author\/tdmadmin\/\"}]}<\/script>\n<!-- \/ Yoast SEO plugin. -->","yoast_head_json":{"title":"QUEM SOMOS - Teatro da Maluca","description":"QUEM SOMOS. Somos duas criadoras da \u00e1rea do teatro, nascidas e criadas em Loures, Ana Limpinho e Maria Jo\u00e3o Miguel","robots":{"index":"index","follow":"follow","max-snippet":"max-snippet:-1","max-image-preview":"max-image-preview:large","max-video-preview":"max-video-preview:-1"},"canonical":"https:\/\/teatrodamaluca.pt\/index.php\/quem-somos\/","og_locale":"pt_PT","og_type":"article","og_title":"QUEM SOMOS - Teatro da Maluca","og_description":"QUEM SOMOS. Somos duas criadoras da \u00e1rea do teatro, nascidas e criadas em Loures, Ana Limpinho e Maria Jo\u00e3o Miguel","og_url":"https:\/\/teatrodamaluca.pt\/index.php\/quem-somos\/","og_site_name":"Teatro da Maluca","article_publisher":"https:\/\/www.facebook.com\/TeatrodaMaluca\/","article_modified_time":"2025-01-01T15:20:52+00:00","og_image":[{"width":2448,"height":2449,"url":"https:\/\/teatrodamaluca.pt\/wp-content\/uploads\/2024\/06\/IMG_8341-edited.jpg","type":"image\/jpeg"}],"twitter_card":"summary_large_image","twitter_misc":{"Tempo estimado de leitura":"1 minuto"},"schema":{"@context":"https:\/\/schema.org","@graph":[{"@type":"Article","@id":"https:\/\/teatrodamaluca.pt\/index.php\/quem-somos\/#article","isPartOf":{"@id":"https:\/\/teatrodamaluca.pt\/index.php\/quem-somos\/"},"author":{"name":"TDM","@id":"https:\/\/teatrodamaluca.pt\/#\/schema\/person\/e5b86b2f381f9fde994f4863e146d727"},"headline":"QUEM SOMOS","datePublished":"2024-06-04T22:57:39+00:00","dateModified":"2025-01-01T15:20:52+00:00","mainEntityOfPage":{"@id":"https:\/\/teatrodamaluca.pt\/index.php\/quem-somos\/"},"wordCount":113,"publisher":{"@id":"https:\/\/teatrodamaluca.pt\/#organization"},"image":{"@id":"https:\/\/teatrodamaluca.pt\/index.php\/quem-somos\/#primaryimage"},"thumbnailUrl":"https:\/\/teatrodamaluca.pt\/wp-content\/uploads\/2024\/06\/IMG_8341-edited.jpg","inLanguage":"pt-PT"},{"@type":["WebPage","ProfilePage"],"@id":"https:\/\/teatrodamaluca.pt\/index.php\/quem-somos\/","url":"https:\/\/teatrodamaluca.pt\/index.php\/quem-somos\/","name":"QUEM SOMOS - Teatro da Maluca","isPartOf":{"@id":"https:\/\/teatrodamaluca.pt\/#website"},"primaryImageOfPage":{"@id":"https:\/\/teatrodamaluca.pt\/index.php\/quem-somos\/#primaryimage"},"image":{"@id":"https:\/\/teatrodamaluca.pt\/index.php\/quem-somos\/#primaryimage"},"thumbnailUrl":"https:\/\/teatrodamaluca.pt\/wp-content\/uploads\/2024\/06\/IMG_8341-edited.jpg","datePublished":"2024-06-04T22:57:39+00:00","dateModified":"2025-01-01T15:20:52+00:00","description":"QUEM SOMOS. Somos duas criadoras da \u00e1rea do teatro, nascidas e criadas em Loures, Ana Limpinho e Maria Jo\u00e3o Miguel","breadcrumb":{"@id":"https:\/\/teatrodamaluca.pt\/index.php\/quem-somos\/#breadcrumb"},"inLanguage":"pt-PT","potentialAction":[{"@type":"ReadAction","target":["https:\/\/teatrodamaluca.pt\/index.php\/quem-somos\/"]}]},{"@type":"ImageObject","inLanguage":"pt-PT","@id":"https:\/\/teatrodamaluca.pt\/index.php\/quem-somos\/#primaryimage","url":"https:\/\/teatrodamaluca.pt\/wp-content\/uploads\/2024\/06\/IMG_8341-edited.jpg","contentUrl":"https:\/\/teatrodamaluca.pt\/wp-content\/uploads\/2024\/06\/IMG_8341-edited.jpg","width":2448,"height":2449},{"@type":"BreadcrumbList","@id":"https:\/\/teatrodamaluca.pt\/index.php\/quem-somos\/#breadcrumb","itemListElement":[{"@type":"ListItem","position":1,"name":"In\u00edcio","item":"https:\/\/teatrodamaluca.pt\/"},{"@type":"ListItem","position":2,"name":"QUEM SOMOS"}]},{"@type":"WebSite","@id":"https:\/\/teatrodamaluca.pt\/#website","url":"https:\/\/teatrodamaluca.pt\/","name":"Teatro da Maluca","description":"Oficinas de Teatro para todas as idades, sess\u00f5es de contos e espet\u00e1culos","publisher":{"@id":"https:\/\/teatrodamaluca.pt\/#organization"},"potentialAction":[{"@type":"SearchAction","target":{"@type":"EntryPoint","urlTemplate":"https:\/\/teatrodamaluca.pt\/?s={search_term_string}"},"query-input":{"@type":"PropertyValueSpecification","valueRequired":true,"valueName":"search_term_string"}}],"inLanguage":"pt-PT"},{"@type":"Organization","@id":"https:\/\/teatrodamaluca.pt\/#organization","name":"Teatro da Maluca","url":"https:\/\/teatrodamaluca.pt\/","logo":{"@type":"ImageObject","inLanguage":"pt-PT","@id":"https:\/\/teatrodamaluca.pt\/#\/schema\/logo\/image\/","url":"https:\/\/teatrodamaluca.pt\/wp-content\/uploads\/2024\/06\/z1717082033-1.png","contentUrl":"https:\/\/teatrodamaluca.pt\/wp-content\/uploads\/2024\/06\/z1717082033-1.png","width":512,"height":512,"caption":"Teatro da Maluca"},"image":{"@id":"https:\/\/teatrodamaluca.pt\/#\/schema\/logo\/image\/"},"sameAs":["https:\/\/www.facebook.com\/TeatrodaMaluca\/"],"mainEntityOfPage":{"@id":"https:\/\/teatrodamaluca.pt\/index.php\/quem-somos\/"}},{"@type":"Person","@id":"https:\/\/teatrodamaluca.pt\/#\/schema\/person\/e5b86b2f381f9fde994f4863e146d727","name":"TDM","image":{"@type":"ImageObject","inLanguage":"pt-PT","@id":"https:\/\/teatrodamaluca.pt\/#\/schema\/person\/image\/","url":"https:\/\/secure.gravatar.com\/avatar\/26c965f24076809a48578f543180bb2c69b53fd488e75c031047aa719f5f5027?s=96&d=mm&r=g","contentUrl":"https:\/\/secure.gravatar.com\/avatar\/26c965f24076809a48578f543180bb2c69b53fd488e75c031047aa719f5f5027?s=96&d=mm&r=g","caption":"TDM"},"mainEntityOfPage":{"@id":"https:\/\/teatrodamaluca.pt\/index.php\/quem-somos\/"},"sameAs":["http:\/\/teatrodamaluca.pt"],"url":"https:\/\/teatrodamaluca.pt\/index.php\/author\/tdmadmin\/"}]}},"_links":{"self":[{"href":"https:\/\/teatrodamaluca.pt\/index.php\/wp-json\/wp\/v2\/pages\/11","targetHints":{"allow":["GET"]}}],"collection":[{"href":"https:\/\/teatrodamaluca.pt\/index.php\/wp-json\/wp\/v2\/pages"}],"about":[{"href":"https:\/\/teatrodamaluca.pt\/index.php\/wp-json\/wp\/v2\/types\/page"}],"author":[{"embeddable":true,"href":"https:\/\/teatrodamaluca.pt\/index.php\/wp-json\/wp\/v2\/users\/1"}],"replies":[{"embeddable":true,"href":"https:\/\/teatrodamaluca.pt\/index.php\/wp-json\/wp\/v2\/comments?post=11"}],"version-history":[{"count":17,"href":"https:\/\/teatrodamaluca.pt\/index.php\/wp-json\/wp\/v2\/pages\/11\/revisions"}],"predecessor-version":[{"id":795,"href":"https:\/\/teatrodamaluca.pt\/index.php\/wp-json\/wp\/v2\/pages\/11\/revisions\/795"}],"wp:attachment":[{"href":"https:\/\/teatrodamaluca.pt\/index.php\/wp-json\/wp\/v2\/media?parent=11"}],"curies":[{"name":"wp","href":"https:\/\/api.w.org\/{rel}","templated":true}]}}